{"id":39823,"date":"2022-01-10T13:47:27","date_gmt":"2022-01-10T12:47:27","guid":{"rendered":"https:\/\/escueladeartesuperior.educacion.navarra.es\/web\/?page_id=39823"},"modified":"2026-02-25T18:33:59","modified_gmt":"2026-02-25T17:33:59","slug":"acuerdos-bilaterales","status":"publish","type":"page","link":"https:\/\/escueladeartesuperior.educacion.navarra.es\/web\/acuerdos-bilaterales\/","title":{"rendered":"Acuerdos bilaterales"},"content":{"rendered":"\t\t<div data-elementor-type=\"wp-page\" data-elementor-id=\"39823\" class=\"elementor elementor-39823\" data-elementor-post-type=\"page\">\n\t\t\t\t\t\t\t\t\t<section class=\"elementor-section elementor-top-section elementor-element elementor-element-587e64c elementor-section-boxed elementor-section-height-default elementor-section-height-default\" data-id=\"587e64c\" data-element_type=\"section\">\n\t\t\t\t\t\t<div class=\"elementor-container elementor-column-gap-default\">\n\t\t\t\t\t<div class=\"elementor-column elementor-col-100 elementor-top-column elementor-element elementor-element-82a77b3\" data-id=\"82a77b3\" data-element_type=\"column\">\n\t\t\t<div class=\"elementor-widget-wrap elementor-element-populated\">\n\t\t\t\t\t\t\t\t<div class=\"elementor-element elementor-element-4601c4b elementor-widget elementor-widget-html\" data-id=\"4601c4b\" data-element_type=\"widget\" data-widget_type=\"html.default\">\n\t\t\t\t<div class=\"elementor-widget-container\">\n\t\t\t<table>\n    <tr style=\"color:#fff;background:#658bd1;\">\n        <th>PA\u00cdS<\/th>\n        <th>POBLACI\u00d3N<\/th>\n        <th>INSTITUCI\u00d3N<\/th>\n    <\/tr>\n    <tr>\n        <td>Italia<\/td>\n        <td>Mil\u00e1n<\/td>\n        <td><a href=\"https:\/\/www.accademiadibrera.milano.it\/\" target=\"_blank\">Accademia di Belle Arti di Brera<\/a><\/td>\n        \n    <\/tr>\n    <tr>\n        <td>Italia<\/td>\n        <td>Catania<\/td>\n        <td><a href=\"https:https:\/\/www.abacatania.it\/\" target=\"_blank\">Accademia di Belle Arti di Catania<\/a><\/td>\n    <\/tr>\n    <tr>\n        <td>Italia<\/td>\n        <td>Sanremo<\/td>\n        <td><a href=\"https:\/\/www.accademiabelleartisanremo.it\/it\/\" target=\"_blank\">Accademia di Belle Arti di Sanremo<\/a><\/td>\n        \n    <\/tr>\n     <tr>\n        <td>Italia<\/td>\n        <td>Palermo<\/td>\n        <td><a href=\"https:\/\/www.accademiadipalermo.it\/\" target=\"_blank\">Accademia di Belle Arti di Palermo<\/a><\/td>\n    <\/tr>\n     <tr>\n        <td>Italia<\/td>\n        <td>Udine<\/td>\n        <td><a href=\"https:\/\/accademiatiepolo.it\/en\/\"_blank\">Accademia di Belle Arti di Udine GB Tiepolo<\/a><\/td>\n    <\/tr>\n    <tr>\n        <td>Polonia<\/td>\n        <td>Bialystok<\/td>\n        <td><a href=\"https:\/\/pb.edu.pl\/en\/\" target=\"_blank\">Politechnika Bialostocka<\/a><\/td>\n    <\/tr>\n    <tr>\n        <td>Polonia<\/td>\n        <td>Cracovia<\/td>\n        <td><a href=\"https:\/\/dwm.uafm.edu.pl\/en\/\" target=\"_blank\">Andrzej Frycz Modrzewski Krakow University<\/a><\/td>\n    <\/tr>\n     <tr>\n        <td>Portugal<\/td>\n        <td>Matosinhos<\/td>\n        <td><a href=\"http:\/\/www.esad.pt\/pt\/\" target=\"_blank\">Escola Superior de Artes e Design. Matosinhos<\/a><\/td>\n    <\/tr>\n    <tr>\n        <td>B\u00e9lgica<\/td>\n        <td>Tournai<\/td>\n        <td><a href=\"http:\/\/www.actournai.be\/\" target=\"_blank\">Acad\u00e9mie des Beaux-Arts de Tournai<\/a><\/td>\n    <\/tr>\n      <tr>\n        <td>B\u00e9lgica<\/td>\n        <td>Gante<\/td>\n        <td><a href=\"https:\/\/schoolofartsgent.be\/en\/\" target=\"_blank\">KASK & Conservatorium<\/a><\/td>\n    <\/tr>\n    <tr>\n        <td>Bulgaria<\/td>\n        <td>Sof\u00eda<\/td>\n        <td><a href=\"https:\/\/www.nbu.bg\/en\"_blank\">New Bulgarian University<\/a><\/td>\n    <\/tr>\n    \n<\/table>\t\t<\/div>\n\t\t\t\t<\/div>\n\t\t\t\t\t<\/div>\n\t\t<\/div>\n\t\t\t\t\t\t\t<\/div>\n\t\t<\/section>\n\t\t\t\t\t\t\t<\/div>\n\t\t","protected":false},"excerpt":{"rendered":"<p>PA\u00cdS POBLACI\u00d3N INSTITUCI\u00d3N Italia Mil\u00e1n Accademia di Belle Arti di Brera Italia Catania Accademia di Belle Arti di Catania Italia Sanremo Accademia di Belle Arti di Sanremo Italia Palermo Accademia di Belle Arti di Palermo Italia Udine New Bulgarian University<\/p>\n","protected":false},"author":1,"featured_media":0,"parent":0,"menu_order":0,"comment_status":"closed","ping_status":"closed","template":"","meta":{"_genesis_hide_title":false,"_genesis_hide_breadcrumbs":false,"_genesis_hide_singular_image":false,"_genesis_hide_footer_widgets":false,"_genesis_custom_body_class":"","_genesis_custom_post_class":"","_genesis_layout":"","footnotes":""},"_links":{"self":[{"href":"https:\/\/escueladeartesuperior.educacion.navarra.es\/web\/wp-json\/wp\/v2\/pages\/39823"}],"collection":[{"href":"https:\/\/escueladeartesuperior.educacion.navarra.es\/web\/wp-json\/wp\/v2\/pages"}],"about":[{"href":"https:\/\/escueladeartesuperior.educacion.navarra.es\/web\/wp-json\/wp\/v2\/types\/page"}],"author":[{"embeddable":true,"href":"https:\/\/escueladeartesuperior.educacion.navarra.es\/web\/wp-json\/wp\/v2\/users\/1"}],"replies":[{"embeddable":true,"href":"https:\/\/escueladeartesuperior.educacion.navarra.es\/web\/wp-json\/wp\/v2\/comments?post=39823"}],"version-history":[{"count":43,"href":"https:\/\/escueladeartesuperior.educacion.navarra.es\/web\/wp-json\/wp\/v2\/pages\/39823\/revisions"}],"predecessor-version":[{"id":53567,"href":"https:\/\/escueladeartesuperior.educacion.navarra.es\/web\/wp-json\/wp\/v2\/pages\/39823\/revisions\/53567"}],"wp:attachment":[{"href":"https:\/\/escueladeartesuperior.educacion.navarra.es\/web\/wp-json\/wp\/v2\/media?parent=39823"}],"curies":[{"name":"wp","href":"https:\/\/api.w.org\/{rel}","templated":true}]}}