{"id":38827,"date":"2021-10-13T11:59:09","date_gmt":"2021-10-13T09:59:09","guid":{"rendered":"https:\/\/escueladeartesuperior.educacion.navarra.es\/web\/?page_id=38827"},"modified":"2026-03-10T10:13:20","modified_gmt":"2026-03-10T09:13:20","slug":"secretaria","status":"publish","type":"page","link":"https:\/\/escueladeartesuperior.educacion.navarra.es\/web\/secretaria\/","title":{"rendered":"Secretar\u00eda"},"content":{"rendered":"\t\t<div data-elementor-type=\"wp-page\" data-elementor-id=\"38827\" class=\"elementor elementor-38827\" data-elementor-post-type=\"page\">\n\t\t\t\t\t\t\t\t\t<section class=\"elementor-section elementor-top-section elementor-element elementor-element-567042b elementor-section-boxed elementor-section-height-default elementor-section-height-default\" data-id=\"567042b\" data-element_type=\"section\">\n\t\t\t\t\t\t<div class=\"elementor-container elementor-column-gap-default\">\n\t\t\t\t\t<div class=\"elementor-column elementor-col-100 elementor-top-column elementor-element elementor-element-660b80b\" data-id=\"660b80b\" data-element_type=\"column\">\n\t\t\t<div class=\"elementor-widget-wrap elementor-element-populated\">\n\t\t\t\t\t\t\t\t<div class=\"elementor-element elementor-element-714cacd elementor-widget-divider--view-line elementor-widget elementor-widget-divider\" data-id=\"714cacd\" data-element_type=\"widget\" data-widget_type=\"divider.default\">\n\t\t\t\t<div class=\"elementor-widget-container\">\n\t\t\t\t\t<div class=\"elementor-divider\">\n\t\t\t<span class=\"elementor-divider-separator\">\n\t\t\t\t\t\t<\/span>\n\t\t<\/div>\n\t\t\t\t<\/div>\n\t\t\t\t<\/div>\n\t\t\t\t\t<\/div>\n\t\t<\/div>\n\t\t\t\t\t\t\t<\/div>\n\t\t<\/section>\n\t\t\t\t<section class=\"elementor-section elementor-top-section elementor-element elementor-element-a353052 elementor-section-boxed elementor-section-height-default elementor-section-height-default\" data-id=\"a353052\" data-element_type=\"section\">\n\t\t\t\t\t\t<div class=\"elementor-container elementor-column-gap-default\">\n\t\t\t\t\t<div class=\"elementor-column elementor-col-20 elementor-top-column elementor-element elementor-element-ef85060\" data-id=\"ef85060\" data-element_type=\"column\">\n\t\t\t<div class=\"elementor-widget-wrap elementor-element-populated\">\n\t\t\t\t\t\t\t\t<div class=\"elementor-element elementor-element-f85ecb5 elementor-widget elementor-widget-icon-box\" data-id=\"f85ecb5\" data-element_type=\"widget\" data-widget_type=\"icon-box.default\">\n\t\t\t\t<div class=\"elementor-widget-container\">\n\t\t\t\t\t<div class=\"elementor-icon-box-wrapper\">\n\t\t\t\t\t\t<div class=\"elementor-icon-box-content\">\n\t\t\t\t<div class=\"elementor-icon-box-title\">\n\t\t\t\t\t<span  >\n\t\t\t\t\t\tBACHILLERATO DE ARTES PL\u00c1STICAS Y DISE\u00d1O\t\t\t\t\t<\/span>\n\t\t\t\t<\/div>\n\t\t\t\t\t\t\t\t\t<p class=\"elementor-icon-box-description\">\n\t\t\t\t\t\t<hr>\n\n<br>\n<a href=\"https:\/\/escueladeartesuperior.educacion.navarra.es\/web\/inscripciones\/\" style=\"color:#fff;\">> Inscripci\u00f3n<\/a><br>\n<a href=\"https:\/\/escueladeartesuperior.educacion.navarra.es\/web\/matriculas\" style=\"color:#fff;\">> Matricula\n<\/a><br>\n<a href=\"#\" style=\"color:#fff;\">> PAU<\/a> <br>\n<a href=\"https:\/\/escueladeartesuperior.educacion.navarra.es\/web\/solicitud-titulos\/\" style=\"color:#fff;\">> Solicitud de t\u00edtulo de Bachillerato<\/a>\t\t\t\t\t<\/p>\n\t\t\t\t\t\t\t<\/div>\n\t\t<\/div>\n\t\t\t\t<\/div>\n\t\t\t\t<\/div>\n\t\t\t\t\t<\/div>\n\t\t<\/div>\n\t\t\t\t<div class=\"elementor-column elementor-col-20 elementor-top-column elementor-element elementor-element-d01ba33\" data-id=\"d01ba33\" data-element_type=\"column\">\n\t\t\t<div class=\"elementor-widget-wrap elementor-element-populated\">\n\t\t\t\t\t\t\t\t<div class=\"elementor-element elementor-element-037c36e elementor-widget elementor-widget-icon-box\" data-id=\"037c36e\" data-element_type=\"widget\" data-widget_type=\"icon-box.default\">\n\t\t\t\t<div class=\"elementor-widget-container\">\n\t\t\t\t\t<div class=\"elementor-icon-box-wrapper\">\n\t\t\t\t\t\t<div class=\"elementor-icon-box-content\">\n\t\t\t\t<div class=\"elementor-icon-box-title\">\n\t\t\t\t\t<span  >\n\t\t\t\t\t\tCICLOS DE GRADO MEDIO\t\t\t\t\t<\/span>\n\t\t\t\t<\/div>\n\t\t\t\t\t\t\t\t\t<p class=\"elementor-icon-box-description\">\n\t\t\t\t\t\t<hr>\n\n<p style=\"color:#fff;text-align:left;\"><b>Asistencia al producto Gr\u00e1fico Interactivo<\/b><br>\n<b>Asistencia al producto Gr\u00e1fico Impreso<\/b><br><br>\n\n<a href=\"https:\/\/escueladeartesuperior.educacion.navarra.es\/web\/acceso\/\" style=\"color:#fff;\">> Prueba de acceso<\/a> <br>\n<a href=\"https:\/\/escueladeartesuperior.educacion.navarra.es\/web\/inscripciones\/#inscripcionciclos\" style=\"color:#fff;\" target=\"_blank\">> Inscripci\u00f3n<\/a><br>\n<a href=\"https:\/\/escueladeartesuperior.educacion.navarra.es\/web\/prueba-de-aptitud-artistica\" style=\"color:#fff;\">> Prueba de aptitud art\u00edstica\n<\/a><br>\n<a href=\"https:\/\/escueladeartesuperior.educacion.navarra.es\/web\/matriculas\/#matriculaciclos\" style=\"color:#fff;\">> Matr\u00edcula\n<\/a><br\/>\n<a href=\"https:\/\/escueladeartesuperior.educacion.navarra.es\/web\/solicitud-titulos\/\" style=\"color:#fff;\">> Solicitud de t\u00edtulo<\/a>\t\t\t\t\t<\/p>\n\t\t\t\t\t\t\t<\/div>\n\t\t<\/div>\n\t\t\t\t<\/div>\n\t\t\t\t<\/div>\n\t\t\t\t\t<\/div>\n\t\t<\/div>\n\t\t\t\t<div class=\"elementor-column elementor-col-20 elementor-top-column elementor-element elementor-element-65c056b\" data-id=\"65c056b\" data-element_type=\"column\">\n\t\t\t<div class=\"elementor-widget-wrap elementor-element-populated\">\n\t\t\t\t\t\t\t\t<div class=\"elementor-element elementor-element-21ab7b2 elementor-widget elementor-widget-icon-box\" data-id=\"21ab7b2\" data-element_type=\"widget\" data-widget_type=\"icon-box.default\">\n\t\t\t\t<div class=\"elementor-widget-container\">\n\t\t\t\t\t<div class=\"elementor-icon-box-wrapper\">\n\t\t\t\t\t\t<div class=\"elementor-icon-box-content\">\n\t\t\t\t<div class=\"elementor-icon-box-title\">\n\t\t\t\t\t<span  >\n\t\t\t\t\t\tCICLOS DE GRADO SUPERIOR\t\t\t\t\t<\/span>\n\t\t\t\t<\/div>\n\t\t\t\t\t\t\t\t\t<p class=\"elementor-icon-box-description\">\n\t\t\t\t\t\t<hr>\n\n<p style=\"color:#fff;text-align:left;\"><b>Ilustraci\u00f3n<br>\nT\u00e9cnicas escult\u00f3ricas<br>\nEbanister\u00eda art\u00edstica<br>\nFotograf\u00eda<br>\nGr\u00e1fica audiovisual<br>\nGrabado y t\u00e9cnicas de estampaci\u00f3n<\/b><br><br>\n\n<a href=\"https:\/\/escueladeartesuperior.educacion.navarra.es\/web\/acceso\/\" style=\"color:#fff;\">> Prueba de acceso<\/a> <br>\n<a href=\"https:\/\/escueladeartesuperior.educacion.navarra.es\/web\/inscripciones\/#inscripcionciclos\" style=\"color:#fff;\">> Inscripci\u00f3n<\/a><br>\n<a href=\"https:\/\/escueladeartesuperior.educacion.navarra.es\/web\/prueba-de-aptitud-artistica\/\/\" style=\"color:#fff;\">> Prueba de aptitud art\u00edstica\n<\/a><br>\n<a href=\"https:\/\/escueladeartesuperior.educacion.navarra.es\/web\/matriculas\/#matriculaciclos\" style=\"color:#fff;\">> Matricula\n<\/a><br\/>\n<a href=\"https:\/\/escueladeartesuperior.educacion.navarra.es\/web\/solicitud-titulos\/\" style=\"color:#fff;\">> Solicitud de t\u00edtulo<\/a>\t\t\t\t\t<\/p>\n\t\t\t\t\t\t\t<\/div>\n\t\t<\/div>\n\t\t\t\t<\/div>\n\t\t\t\t<\/div>\n\t\t\t\t\t<\/div>\n\t\t<\/div>\n\t\t\t\t<div class=\"elementor-column elementor-col-20 elementor-top-column elementor-element elementor-element-4cfa51f\" data-id=\"4cfa51f\" data-element_type=\"column\">\n\t\t\t<div class=\"elementor-widget-wrap elementor-element-populated\">\n\t\t\t\t\t\t\t\t<div class=\"elementor-element elementor-element-7eee3d3 elementor-widget elementor-widget-icon-box\" data-id=\"7eee3d3\" data-element_type=\"widget\" data-widget_type=\"icon-box.default\">\n\t\t\t\t<div class=\"elementor-widget-container\">\n\t\t\t\t\t<div class=\"elementor-icon-box-wrapper\">\n\t\t\t\t\t\t<div class=\"elementor-icon-box-content\">\n\t\t\t\t<div class=\"elementor-icon-box-title\">\n\t\t\t\t\t<span  >\n\t\t\t\t\t\tESTUDIOS SUPERIORES DE DISE\u00d1O DE INTERIORES\t\t\t\t\t<\/span>\n\t\t\t\t<\/div>\n\t\t\t\t\t\t\t\t\t<p class=\"elementor-icon-box-description\">\n\t\t\t\t\t\t<hr>\n<BR>\n<a href=\"https:\/\/escueladeartesuperior.educacion.navarra.es\/web\/pruebas-de-acceso-a-estudios-superiores\/\/\" style=\"color:#fff;\">> Pruebas de acceso<\/a> <br>\n\n<a href=\"https:\/\/escueladeartesuperior.educacion.navarra.es\/web\/inscripciones\/#inscripcioneess\" style=\"color:#fff;\">> Inscripci\u00f3n<\/a><br>\n<a href=\"https:\/\/escueladeartesuperior.educacion.navarra.es\/web\/matriculas\/#matriculaeess\" style=\"color:#fff;\">> Matricula\n<\/a><br\/>\n<a href=\"https:\/\/escueladeartesuperior.educacion.navarra.es\/web\/solicitud-titulos\/\" style=\"color:#fff;\">> Solicitud de t\u00edtulo<\/a>\t\t\t\t\t<\/p>\n\t\t\t\t\t\t\t<\/div>\n\t\t<\/div>\n\t\t\t\t<\/div>\n\t\t\t\t<\/div>\n\t\t\t\t\t<\/div>\n\t\t<\/div>\n\t\t\t\t<div class=\"elementor-column elementor-col-20 elementor-top-column elementor-element elementor-element-b7c1b93\" data-id=\"b7c1b93\" data-element_type=\"column\">\n\t\t\t<div class=\"elementor-widget-wrap elementor-element-populated\">\n\t\t\t\t\t\t\t\t<div class=\"elementor-element elementor-element-474e51c elementor-widget elementor-widget-icon-box\" data-id=\"474e51c\" data-element_type=\"widget\" data-widget_type=\"icon-box.default\">\n\t\t\t\t<div class=\"elementor-widget-container\">\n\t\t\t\t\t<div class=\"elementor-icon-box-wrapper\">\n\t\t\t\t\t\t<div class=\"elementor-icon-box-content\">\n\t\t\t\t<div class=\"elementor-icon-box-title\">\n\t\t\t\t\t<span  >\n\t\t\t\t\t\tFORMACI\u00d3N PROFESIONAL ESPECIAL\t\t\t\t\t<\/span>\n\t\t\t\t<\/div>\n\t\t\t\t\t\t\t\t\t<p class=\"elementor-icon-box-description\">\n\t\t\t\t\t\t<HR>\t\t\t\t\t<\/p>\n\t\t\t\t\t\t\t<\/div>\n\t\t<\/div>\n\t\t\t\t<\/div>\n\t\t\t\t<\/div>\n\t\t\t\t\t<\/div>\n\t\t<\/div>\n\t\t\t\t\t\t\t<\/div>\n\t\t<\/section>\n\t\t\t\t<section class=\"elementor-section elementor-top-section elementor-element elementor-element-6731d35 elementor-section-boxed elementor-section-height-default elementor-section-height-default\" data-id=\"6731d35\" data-element_type=\"section\">\n\t\t\t\t\t\t<div class=\"elementor-container elementor-column-gap-default\">\n\t\t\t\t\t<div class=\"elementor-column elementor-col-100 elementor-top-column elementor-element elementor-element-6faa791\" data-id=\"6faa791\" data-element_type=\"column\">\n\t\t\t<div class=\"elementor-widget-wrap elementor-element-populated\">\n\t\t\t\t\t\t\t\t<div class=\"elementor-element elementor-element-dc99b3c elementor-widget-divider--view-line elementor-widget elementor-widget-divider\" data-id=\"dc99b3c\" data-element_type=\"widget\" data-widget_type=\"divider.default\">\n\t\t\t\t<div class=\"elementor-widget-container\">\n\t\t\t\t\t<div class=\"elementor-divider\">\n\t\t\t<span class=\"elementor-divider-separator\">\n\t\t\t\t\t\t<\/span>\n\t\t<\/div>\n\t\t\t\t<\/div>\n\t\t\t\t<\/div>\n\t\t\t\t\t<\/div>\n\t\t<\/div>\n\t\t\t\t\t\t\t<\/div>\n\t\t<\/section>\n\t\t\t\t\t\t\t<\/div>\n\t\t","protected":false},"excerpt":{"rendered":"<p>BACHILLERATO DE ARTES PL\u00c1STICAS Y DISE\u00d1O > Inscripci\u00f3n > Matricula > PAU > Solicitud de t\u00edtulo de Bachillerato CICLOS DE GRADO MEDIO Asistencia al producto Gr\u00e1fico Interactivo Asistencia al producto Gr\u00e1fico Impreso > Prueba de acceso > Inscripci\u00f3n > Prueba de aptitud art\u00edstica > Matr\u00edcula > Solicitud de t\u00edtulo CICLOS DE GRADO SUPERIOR Ilustraci\u00f3n T\u00e9cnicas [&hellip;]<\/p>\n","protected":false},"author":1,"featured_media":0,"parent":0,"menu_order":0,"comment_status":"closed","ping_status":"closed","template":"","meta":{"_genesis_hide_title":false,"_genesis_hide_breadcrumbs":false,"_genesis_hide_singular_image":false,"_genesis_hide_footer_widgets":false,"_genesis_custom_body_class":"","_genesis_custom_post_class":"","_genesis_layout":"","footnotes":""},"_links":{"self":[{"href":"https:\/\/escueladeartesuperior.educacion.navarra.es\/web\/wp-json\/wp\/v2\/pages\/38827"}],"collection":[{"href":"https:\/\/escueladeartesuperior.educacion.navarra.es\/web\/wp-json\/wp\/v2\/pages"}],"about":[{"href":"https:\/\/escueladeartesuperior.educacion.navarra.es\/web\/wp-json\/wp\/v2\/types\/page"}],"author":[{"embeddable":true,"href":"https:\/\/escueladeartesuperior.educacion.navarra.es\/web\/wp-json\/wp\/v2\/users\/1"}],"replies":[{"embeddable":true,"href":"https:\/\/escueladeartesuperior.educacion.navarra.es\/web\/wp-json\/wp\/v2\/comments?post=38827"}],"version-history":[{"count":225,"href":"https:\/\/escueladeartesuperior.educacion.navarra.es\/web\/wp-json\/wp\/v2\/pages\/38827\/revisions"}],"predecessor-version":[{"id":53880,"href":"https:\/\/escueladeartesuperior.educacion.navarra.es\/web\/wp-json\/wp\/v2\/pages\/38827\/revisions\/53880"}],"wp:attachment":[{"href":"https:\/\/escueladeartesuperior.educacion.navarra.es\/web\/wp-json\/wp\/v2\/media?parent=38827"}],"curies":[{"name":"wp","href":"https:\/\/api.w.org\/{rel}","templated":true}]}}