{"id":36497,"date":"2020-09-29T14:45:14","date_gmt":"2020-09-29T12:45:14","guid":{"rendered":"https:\/\/escueladeartesuperior.educacion.navarra.es\/web\/?page_id=36497"},"modified":"2026-01-13T10:27:49","modified_gmt":"2026-01-13T09:27:49","slug":"solicitud-titulos","status":"publish","type":"page","link":"https:\/\/escueladeartesuperior.educacion.navarra.es\/web\/solicitud-titulos\/","title":{"rendered":"Solicitud t\u00edtulos"},"content":{"rendered":"\t\t<div data-elementor-type=\"wp-page\" data-elementor-id=\"36497\" class=\"elementor elementor-36497\" data-elementor-post-type=\"page\">\n\t\t\t\t\t\t\t\t\t<section class=\"elementor-section elementor-top-section elementor-element elementor-element-402fd241 elementor-section-boxed elementor-section-height-default elementor-section-height-default\" data-id=\"402fd241\" data-element_type=\"section\">\n\t\t\t\t\t\t<div class=\"elementor-container elementor-column-gap-default\">\n\t\t\t\t\t<div class=\"elementor-column elementor-col-100 elementor-top-column elementor-element elementor-element-7e45fb7a\" data-id=\"7e45fb7a\" data-element_type=\"column\">\n\t\t\t<div class=\"elementor-widget-wrap elementor-element-populated\">\n\t\t\t\t\t\t\t\t<div class=\"elementor-element elementor-element-f90b3ea elementor-widget elementor-widget-text-editor\" data-id=\"f90b3ea\" data-element_type=\"widget\" data-widget_type=\"text-editor.default\">\n\t\t\t\t<div class=\"elementor-widget-container\">\n\t\t\t\t\t\t\t<p><!-- wp:html --><\/p>\n<p>El alumnado que haya finalizado los estudios de Bachillerato, Ciclos Formativos de Artes Pl\u00e1sticas y Dise\u00f1o de Grado Medio\/Superior o Estudios Superiores de Dise\u00f1o de Interiores,\u00a0 podr\u00e1 solicitar el t\u00edtulo correspondiente, presentando en Secretar\u00eda o enviando a\u00a0 <span style=\"font-weight: bold; font-family: var( --e-global-typography-text-font-family ), Sans-serif;\">ea.pamplona@educacion.navarra.es <\/span><span style=\"font-family: var( --e-global-typography-text-font-family ), Sans-serif;\">la siguiente documentaci\u00f3n:<\/span><\/p>\n<p><span style=\"font-family: var( --e-global-typography-text-font-family ), Sans-serif; font-weight: var( --e-global-typography-text-font-weight );\">&#8211; Impreso de solicitud que aparece en el apartado inferior.<\/span><\/p>\n<p><span style=\"font-family: var( --e-global-typography-text-font-family ), Sans-serif; font-weight: var( --e-global-typography-text-font-weight );\">&#8211; Fotocopia del DNI\/NIE<\/span><\/p>\n<p><span style=\"font-family: var( --e-global-typography-text-font-family ), Sans-serif; font-weight: var( --e-global-typography-text-font-weight );\">&#8211; Resguardo de las tasas (el importe aparece en el impreso de solicitud).<\/span><\/p>\n<p><span style=\"font-family: var( --e-global-typography-text-font-family ), Sans-serif; font-weight: var( --e-global-typography-text-font-weight );\"><strong>\u00a0IMPORTANTE<\/strong>:\u00a0 al realizar el pago\u00a0<\/span><span style=\"font-family: var( --e-global-typography-text-font-family ), Sans-serif; font-weight: var( --e-global-typography-text-font-weight );\">indicar en el concepto\u00a0 <strong>NOMBRE Y APELLIDOS DEL ALUMNO\/A<\/strong> y <strong>T\u00edtulo de BTO, GM, GS o EESS<\/strong>, seg\u00fan corresponda.<\/span><\/p>\n<p><span style=\"font-family: var( --e-global-typography-text-font-family ), Sans-serif; font-weight: var( --e-global-typography-text-font-weight );\">Para aplicar la reducci\u00f3n o exenci\u00f3n de las tasas por tener alguna de la condiciones que se indican en el impreso,\u00a0 se deber\u00e1 acreditar con la documentaci\u00f3n correspondiente en cada caso y se adjuntar\u00e1 a la solicitud.<\/span><\/p>\n<p>\u00a0<\/p>\n<p><!-- \/wp:paragraph --><\/p>\t\t\t\t\t\t<\/div>\n\t\t\t\t<\/div>\n\t\t\t\t\t<\/div>\n\t\t<\/div>\n\t\t\t\t\t\t\t<\/div>\n\t\t<\/section>\n\t\t\t\t<section class=\"elementor-section elementor-top-section elementor-element elementor-element-06445c9 elementor-section-boxed elementor-section-height-default elementor-section-height-default\" data-id=\"06445c9\" data-element_type=\"section\">\n\t\t\t\t\t\t<div class=\"elementor-container elementor-column-gap-default\">\n\t\t\t\t\t<div class=\"elementor-column elementor-col-100 elementor-top-column elementor-element elementor-element-d2a6307\" data-id=\"d2a6307\" data-element_type=\"column\">\n\t\t\t<div class=\"elementor-widget-wrap elementor-element-populated\">\n\t\t\t\t\t\t\t\t<div class=\"elementor-element elementor-element-18cad98 elementor-align-center elementor-widget elementor-widget-button\" data-id=\"18cad98\" data-element_type=\"widget\" data-widget_type=\"button.default\">\n\t\t\t\t<div class=\"elementor-widget-container\">\n\t\t\t\t\t<div class=\"elementor-button-wrapper\">\n\t\t\t<a class=\"elementor-button elementor-button-link elementor-size-md\" href=\"https:\/\/escueladeartesuperior.educacion.navarra.es\/web\/wp-content\/uploads\/2026\/01\/EASD_Solicitud-titulo.pdf\" target=\"_blank\">\n\t\t\t\t\t\t<span class=\"elementor-button-content-wrapper\">\n\t\t\t\t\t\t<span class=\"elementor-button-text\">DESCARGAR IMPRESO<\/span>\n\t\t<\/span>\n\t\t\t\t\t<\/a>\n\t\t<\/div>\n\t\t\t\t<\/div>\n\t\t\t\t<\/div>\n\t\t\t\t\t<\/div>\n\t\t<\/div>\n\t\t\t\t\t\t\t<\/div>\n\t\t<\/section>\n\t\t\t\t\t\t\t<\/div>\n\t\t","protected":false},"excerpt":{"rendered":"<p>El alumnado que haya finalizado los estudios de Bachillerato, Ciclos Formativos de Artes Pl\u00e1sticas y Dise\u00f1o de Grado Medio\/Superior o Estudios Superiores de Dise\u00f1o de Interiores,\u00a0 podr\u00e1 solicitar el t\u00edtulo correspondiente, presentando en Secretar\u00eda o enviando a\u00a0 ea.pamplona@educacion.navarra.es la siguiente documentaci\u00f3n: &#8211; Impreso de solicitud que aparece en el apartado inferior. &#8211; Fotocopia del DNI\/NIE [&hellip;]<\/p>\n","protected":false},"author":1,"featured_media":0,"parent":0,"menu_order":0,"comment_status":"closed","ping_status":"closed","template":"","meta":{"_genesis_hide_title":false,"_genesis_hide_breadcrumbs":false,"_genesis_hide_singular_image":false,"_genesis_hide_footer_widgets":false,"_genesis_custom_body_class":"","_genesis_custom_post_class":"","_genesis_layout":"","footnotes":""},"_links":{"self":[{"href":"https:\/\/escueladeartesuperior.educacion.navarra.es\/web\/wp-json\/wp\/v2\/pages\/36497"}],"collection":[{"href":"https:\/\/escueladeartesuperior.educacion.navarra.es\/web\/wp-json\/wp\/v2\/pages"}],"about":[{"href":"https:\/\/escueladeartesuperior.educacion.navarra.es\/web\/wp-json\/wp\/v2\/types\/page"}],"author":[{"embeddable":true,"href":"https:\/\/escueladeartesuperior.educacion.navarra.es\/web\/wp-json\/wp\/v2\/users\/1"}],"replies":[{"embeddable":true,"href":"https:\/\/escueladeartesuperior.educacion.navarra.es\/web\/wp-json\/wp\/v2\/comments?post=36497"}],"version-history":[{"count":94,"href":"https:\/\/escueladeartesuperior.educacion.navarra.es\/web\/wp-json\/wp\/v2\/pages\/36497\/revisions"}],"predecessor-version":[{"id":53206,"href":"https:\/\/escueladeartesuperior.educacion.navarra.es\/web\/wp-json\/wp\/v2\/pages\/36497\/revisions\/53206"}],"wp:attachment":[{"href":"https:\/\/escueladeartesuperior.educacion.navarra.es\/web\/wp-json\/wp\/v2\/media?parent=36497"}],"curies":[{"name":"wp","href":"https:\/\/api.w.org\/{rel}","templated":true}]}}