{"id":34039,"date":"2020-01-13T11:25:16","date_gmt":"2020-01-13T10:25:16","guid":{"rendered":"https:\/\/escueladeartesuperior.educacion.navarra.es\/web\/?page_id=34039"},"modified":"2020-01-23T08:40:30","modified_gmt":"2020-01-23T07:40:30","slug":"novedades-y-eventos","status":"publish","type":"page","link":"https:\/\/escueladeartesuperior.educacion.navarra.es\/web\/novedades-y-eventos\/","title":{"rendered":"Novedades y Eventos"},"content":{"rendered":"\t\t<div data-elementor-type=\"wp-page\" data-elementor-id=\"34039\" class=\"elementor elementor-34039\" data-elementor-post-type=\"page\">\n\t\t\t\t\t\t\t\t\t<section class=\"elementor-section elementor-top-section elementor-element elementor-element-90d8f8e elementor-section-boxed elementor-section-height-default elementor-section-height-default\" data-id=\"90d8f8e\" data-element_type=\"section\">\n\t\t\t\t\t\t<div class=\"elementor-container elementor-column-gap-default\">\n\t\t\t\t\t<div class=\"elementor-column elementor-col-100 elementor-top-column elementor-element elementor-element-32610f3\" data-id=\"32610f3\" data-element_type=\"column\">\n\t\t\t<div class=\"elementor-widget-wrap elementor-element-populated\">\n\t\t\t\t\t\t\t\t<div class=\"elementor-element elementor-element-41b93dc elementor-grid-3 elementor-grid-tablet-2 elementor-grid-mobile-1 elementor-posts--thumbnail-top elementor-card-shadow-yes elementor-posts__hover-gradient elementor-widget elementor-widget-posts\" data-id=\"41b93dc\" data-element_type=\"widget\" data-settings=\"{&quot;pagination_type&quot;:&quot;numbers&quot;,&quot;cards_columns&quot;:&quot;3&quot;,&quot;cards_columns_tablet&quot;:&quot;2&quot;,&quot;cards_columns_mobile&quot;:&quot;1&quot;,&quot;cards_row_gap&quot;:{&quot;unit&quot;:&quot;px&quot;,&quot;size&quot;:35,&quot;sizes&quot;:[]},&quot;cards_row_gap_tablet&quot;:{&quot;unit&quot;:&quot;px&quot;,&quot;size&quot;:&quot;&quot;,&quot;sizes&quot;:[]},&quot;cards_row_gap_mobile&quot;:{&quot;unit&quot;:&quot;px&quot;,&quot;size&quot;:&quot;&quot;,&quot;sizes&quot;:[]}}\" data-widget_type=\"posts.cards\">\n\t\t\t\t<div class=\"elementor-widget-container\">\n\t\t\t\t\t<div class=\"elementor-posts-container elementor-posts elementor-posts--skin-cards elementor-grid\">\n\t\t\t\t<article class=\"elementor-post elementor-grid-item post-54216 post type-post status-publish format-standard has-post-thumbnail category-actualidad category-asistencia-al-producto-grafico-impreso category-asistencia-al-producto-grafico-interactivo category-bachillerato category-exposiciones category-grabado category-ilustracion category-noticias category-serigrafia tag-ccavenida tag-escuela-de-arte-y-superior-de-diseno tag-ilustracion tag-iruneko_arte_eskola tag-terrorismo-visual entry\">\n\t\t\t<div class=\"elementor-post__card\">\n\t\t\t\t<a class=\"elementor-post__thumbnail__link\" href=\"https:\/\/escueladeartesuperior.educacion.navarra.es\/web\/blog\/terrorismo-visual-terrorismo-bisuala\/\" tabindex=\"-1\" ><div class=\"elementor-post__thumbnail\"><img fetchpriority=\"high\" decoding=\"async\" width=\"300\" height=\"200\" src=\"https:\/\/escueladeartesuperior.educacion.navarra.es\/web\/wp-content\/uploads\/2026\/03\/EXPO-avenida-post-300x200.jpg\" class=\"attachment-medium size-medium wp-image-54226\" alt=\"\" srcset=\"https:\/\/escueladeartesuperior.educacion.navarra.es\/web\/wp-content\/uploads\/2026\/03\/EXPO-avenida-post-300x200.jpg 300w, https:\/\/escueladeartesuperior.educacion.navarra.es\/web\/wp-content\/uploads\/2026\/03\/EXPO-avenida-post-1024x683.jpg 1024w, https:\/\/escueladeartesuperior.educacion.navarra.es\/web\/wp-content\/uploads\/2026\/03\/EXPO-avenida-post-768x512.jpg 768w, https:\/\/escueladeartesuperior.educacion.navarra.es\/web\/wp-content\/uploads\/2026\/03\/EXPO-avenida-post.jpg 1500w\" sizes=\"(max-width: 300px) 100vw, 300px\" \/><\/div><\/a>\n\t\t\t\t<div class=\"elementor-post__badge\">Actualidad<\/div>\n\t\t\t\t<div class=\"elementor-post__text\">\n\t\t\t\t<h3 class=\"elementor-post__title\">\n\t\t\t<a href=\"https:\/\/escueladeartesuperior.educacion.navarra.es\/web\/blog\/terrorismo-visual-terrorismo-bisuala\/\" >\n\t\t\t\tTerrorismo Visual \/ Terrorismo Bisuala\t\t\t<\/a>\n\t\t<\/h3>\n\t\t\t\t<div class=\"elementor-post__excerpt\">\n\t\t\t<p>Exposici\u00f3n de ex-alumnado de Ilustraci\u00f3n en el CC Avenida El Centro Comercial Avenida acoge \u201cTerrorismo Visual \/ Terrorismo Bisuala\u201d, una exposici\u00f3n colectiva del 26 de<\/p>\n\t\t<\/div>\n\t\t\n\t\t<a class=\"elementor-post__read-more\" href=\"https:\/\/escueladeartesuperior.educacion.navarra.es\/web\/blog\/terrorismo-visual-terrorismo-bisuala\/\" aria-label=\"Read more about Terrorismo Visual \/ Terrorismo Bisuala\" tabindex=\"-1\" >\n\t\t\tContinuar leyendo \u00bb\t\t<\/a>\n\n\t\t\t\t<\/div>\n\t\t\t\t<div class=\"elementor-post__meta-data\">\n\t\t\t\t\t<span class=\"elementor-post-date\">\n\t\t\t6 de abril de 2026\t\t<\/span>\n\t\t\t\t<\/div>\n\t\t\t\t\t<\/div>\n\t\t<\/article>\n\t\t\t\t<article class=\"elementor-post elementor-grid-item post-54103 post type-post status-publish format-standard has-post-thumbnail category-actualidad category-asistencia-al-producto-grafico-impreso category-asistencia-al-producto-grafico-interactivo category-bachillerato category-decoracion category-ebanisteria category-eess-diseno-interiores category-encuentros-creadores category-escultura category-grabado category-grafica-audiovisual category-ilustracion category-serigrafia tag-enric-pla-montferrer tag-escuela-de-arte-y-superior-de-diseno-de-pamplona tag-forja tag-iruneko_arte_eskola tag-xii-encuentros-con-creadoraessortzaileekin-solasean tag-xvii-encuentros-con-creadoraes entry\">\n\t\t\t<div class=\"elementor-post__card\">\n\t\t\t\t<a class=\"elementor-post__thumbnail__link\" href=\"https:\/\/escueladeartesuperior.educacion.navarra.es\/web\/blog\/el-oficio-del-hierro-entre-arte-y-arquitectura\/\" tabindex=\"-1\" ><div class=\"elementor-post__thumbnail\"><img decoding=\"async\" width=\"300\" height=\"200\" src=\"https:\/\/escueladeartesuperior.educacion.navarra.es\/web\/wp-content\/uploads\/2026\/03\/encuentros26-enricPla-post-300x200.jpg\" class=\"attachment-medium size-medium wp-image-54104\" alt=\"Enric Pla, maestro forjador y escultor\" srcset=\"https:\/\/escueladeartesuperior.educacion.navarra.es\/web\/wp-content\/uploads\/2026\/03\/encuentros26-enricPla-post-300x200.jpg 300w, https:\/\/escueladeartesuperior.educacion.navarra.es\/web\/wp-content\/uploads\/2026\/03\/encuentros26-enricPla-post-1024x682.jpg 1024w, https:\/\/escueladeartesuperior.educacion.navarra.es\/web\/wp-content\/uploads\/2026\/03\/encuentros26-enricPla-post-768x512.jpg 768w, https:\/\/escueladeartesuperior.educacion.navarra.es\/web\/wp-content\/uploads\/2026\/03\/encuentros26-enricPla-post-1536x1024.jpg 1536w, https:\/\/escueladeartesuperior.educacion.navarra.es\/web\/wp-content\/uploads\/2026\/03\/encuentros26-enricPla-post.jpg 1622w\" sizes=\"(max-width: 300px) 100vw, 300px\" \/><\/div><\/a>\n\t\t\t\t<div class=\"elementor-post__badge\">Actualidad<\/div>\n\t\t\t\t<div class=\"elementor-post__text\">\n\t\t\t\t<h3 class=\"elementor-post__title\">\n\t\t\t<a href=\"https:\/\/escueladeartesuperior.educacion.navarra.es\/web\/blog\/el-oficio-del-hierro-entre-arte-y-arquitectura\/\" >\n\t\t\t\tEl oficio del hierro, entre arte y arquitectura\t\t\t<\/a>\n\t\t<\/h3>\n\t\t\t\t<div class=\"elementor-post__excerpt\">\n\t\t\t<p>Enric Pla Montferrer en los XVII Encuentros con Creador\u00e6s El pasado viernes 27 de marzo tuvimos el privilegio de contar en la escuela con la<\/p>\n\t\t<\/div>\n\t\t\n\t\t<a class=\"elementor-post__read-more\" href=\"https:\/\/escueladeartesuperior.educacion.navarra.es\/web\/blog\/el-oficio-del-hierro-entre-arte-y-arquitectura\/\" aria-label=\"Read more about El oficio del hierro, entre arte y arquitectura\" tabindex=\"-1\" >\n\t\t\tContinuar leyendo \u00bb\t\t<\/a>\n\n\t\t\t\t<\/div>\n\t\t\t\t<div class=\"elementor-post__meta-data\">\n\t\t\t\t\t<span class=\"elementor-post-date\">\n\t\t\t28 de marzo de 2026\t\t<\/span>\n\t\t\t\t<\/div>\n\t\t\t\t\t<\/div>\n\t\t<\/article>\n\t\t\t\t<article class=\"elementor-post elementor-grid-item post-54096 post type-post status-publish format-standard has-post-thumbnail category-actualidad category-asistencia-al-producto-grafico-impreso category-asistencia-al-producto-grafico-interactivo category-bachillerato category-decoracion category-ebanisteria category-eess-diseno-interiores category-encuentros-creadores category-escultura category-fotografia category-grabado category-grafica-audiovisual category-ilustracion category-noticias tag-escuela-de-arte-y-superior-de-diseno-de-pamplona tag-gurutze-orduna tag-interiorismo tag-iruneko_arte_eskola tag-xii-encuentros-con-creadoraessortzaileekin-solasean tag-xvii-encuentros-con-creadoraes entry\">\n\t\t\t<div class=\"elementor-post__card\">\n\t\t\t\t<a class=\"elementor-post__thumbnail__link\" href=\"https:\/\/escueladeartesuperior.educacion.navarra.es\/web\/blog\/disenar-espacios-con-criterio\/\" tabindex=\"-1\" ><div class=\"elementor-post__thumbnail\"><img decoding=\"async\" width=\"300\" height=\"200\" src=\"https:\/\/escueladeartesuperior.educacion.navarra.es\/web\/wp-content\/uploads\/2026\/03\/encuentros26-gurutze-post-300x200.jpg\" class=\"attachment-medium size-medium wp-image-54098\" alt=\"Gurutze Ordu\u00f1a dise\u00f1adora de interiores\" srcset=\"https:\/\/escueladeartesuperior.educacion.navarra.es\/web\/wp-content\/uploads\/2026\/03\/encuentros26-gurutze-post-300x200.jpg 300w, https:\/\/escueladeartesuperior.educacion.navarra.es\/web\/wp-content\/uploads\/2026\/03\/encuentros26-gurutze-post-1024x682.jpg 1024w, https:\/\/escueladeartesuperior.educacion.navarra.es\/web\/wp-content\/uploads\/2026\/03\/encuentros26-gurutze-post-768x512.jpg 768w, https:\/\/escueladeartesuperior.educacion.navarra.es\/web\/wp-content\/uploads\/2026\/03\/encuentros26-gurutze-post-1536x1024.jpg 1536w, https:\/\/escueladeartesuperior.educacion.navarra.es\/web\/wp-content\/uploads\/2026\/03\/encuentros26-gurutze-post.jpg 1622w\" sizes=\"(max-width: 300px) 100vw, 300px\" \/><\/div><\/a>\n\t\t\t\t<div class=\"elementor-post__badge\">Actualidad<\/div>\n\t\t\t\t<div class=\"elementor-post__text\">\n\t\t\t\t<h3 class=\"elementor-post__title\">\n\t\t\t<a href=\"https:\/\/escueladeartesuperior.educacion.navarra.es\/web\/blog\/disenar-espacios-con-criterio\/\" >\n\t\t\t\tDise\u00f1ar espacios con criterio\t\t\t<\/a>\n\t\t<\/h3>\n\t\t\t\t<div class=\"elementor-post__excerpt\">\n\t\t\t<p>Gurutze Ordu\u00f1a en los XVII Encuentros con Creador\u00e6s. El pasado martes 24 de marzo recibimos en la escuela a la dise\u00f1adora de interiores Gurutze Ordu\u00f1a,<\/p>\n\t\t<\/div>\n\t\t\n\t\t<a class=\"elementor-post__read-more\" href=\"https:\/\/escueladeartesuperior.educacion.navarra.es\/web\/blog\/disenar-espacios-con-criterio\/\" aria-label=\"Read more about Dise\u00f1ar espacios con criterio\" tabindex=\"-1\" >\n\t\t\tContinuar leyendo \u00bb\t\t<\/a>\n\n\t\t\t\t<\/div>\n\t\t\t\t<div class=\"elementor-post__meta-data\">\n\t\t\t\t\t<span class=\"elementor-post-date\">\n\t\t\t26 de marzo de 2026\t\t<\/span>\n\t\t\t\t<\/div>\n\t\t\t\t\t<\/div>\n\t\t<\/article>\n\t\t\t\t<article class=\"elementor-post elementor-grid-item post-54038 post type-post status-publish format-standard has-post-thumbnail category-actualidad category-asistencia-al-producto-grafico-impreso category-asistencia-al-producto-grafico-interactivo category-bachillerato category-ebanisteria category-eess-diseno-interiores category-encuentros-creadores category-escultura category-fotografia category-fpe category-grabado category-grafica-audiovisual category-ilustracion category-noticias tag-doblaje-audiovisual tag-escuela-de-arte-de-pamplona tag-escuela-de-arte-y-superior-de-diseno tag-iruneko_arte_eskola tag-maite-mulet tag-xii-encuentros-con-creadoraessortzaileekin-solasean tag-xvii-encuentros-con-creadoraes entry\">\n\t\t\t<div class=\"elementor-post__card\">\n\t\t\t\t<a class=\"elementor-post__thumbnail__link\" href=\"https:\/\/escueladeartesuperior.educacion.navarra.es\/web\/blog\/la-voz-como-herramienta-creativa\/\" tabindex=\"-1\" ><div class=\"elementor-post__thumbnail\"><img loading=\"lazy\" decoding=\"async\" width=\"300\" height=\"200\" src=\"https:\/\/escueladeartesuperior.educacion.navarra.es\/web\/wp-content\/uploads\/2026\/03\/encuentros26-mulet-post-300x200.jpg\" class=\"attachment-medium size-medium wp-image-54040\" alt=\"Charla con la actriz de doblaje Maite Mulet\" srcset=\"https:\/\/escueladeartesuperior.educacion.navarra.es\/web\/wp-content\/uploads\/2026\/03\/encuentros26-mulet-post-300x200.jpg 300w, https:\/\/escueladeartesuperior.educacion.navarra.es\/web\/wp-content\/uploads\/2026\/03\/encuentros26-mulet-post-1024x682.jpg 1024w, https:\/\/escueladeartesuperior.educacion.navarra.es\/web\/wp-content\/uploads\/2026\/03\/encuentros26-mulet-post-768x512.jpg 768w, https:\/\/escueladeartesuperior.educacion.navarra.es\/web\/wp-content\/uploads\/2026\/03\/encuentros26-mulet-post-1536x1024.jpg 1536w, https:\/\/escueladeartesuperior.educacion.navarra.es\/web\/wp-content\/uploads\/2026\/03\/encuentros26-mulet-post.jpg 1622w\" sizes=\"(max-width: 300px) 100vw, 300px\" \/><\/div><\/a>\n\t\t\t\t<div class=\"elementor-post__badge\">Actualidad<\/div>\n\t\t\t\t<div class=\"elementor-post__text\">\n\t\t\t\t<h3 class=\"elementor-post__title\">\n\t\t\t<a href=\"https:\/\/escueladeartesuperior.educacion.navarra.es\/web\/blog\/la-voz-como-herramienta-creativa\/\" >\n\t\t\t\tLa voz como herramienta creativa\t\t\t<\/a>\n\t\t<\/h3>\n\t\t\t\t<div class=\"elementor-post__excerpt\">\n\t\t\t<p>El pasado lunes la Escuela tuvo el placer de acoger en los XVII Encuentros con Creador\u00e6s la charla de Maite Mulet, actriz de voz, locutora<\/p>\n\t\t<\/div>\n\t\t\n\t\t<a class=\"elementor-post__read-more\" href=\"https:\/\/escueladeartesuperior.educacion.navarra.es\/web\/blog\/la-voz-como-herramienta-creativa\/\" aria-label=\"Read more about La voz como herramienta creativa\" tabindex=\"-1\" >\n\t\t\tContinuar leyendo \u00bb\t\t<\/a>\n\n\t\t\t\t<\/div>\n\t\t\t\t<div class=\"elementor-post__meta-data\">\n\t\t\t\t\t<span class=\"elementor-post-date\">\n\t\t\t18 de marzo de 2026\t\t<\/span>\n\t\t\t\t<\/div>\n\t\t\t\t\t<\/div>\n\t\t<\/article>\n\t\t\t\t<article class=\"elementor-post elementor-grid-item post-54055 post type-post status-publish format-standard has-post-thumbnail category-actualidad category-asistencia-al-producto-grafico-impreso category-asistencia-al-producto-grafico-interactivo category-bachillerato category-ebanisteria category-eess-diseno-interiores category-escultura category-fotografia category-fpe category-grabado category-grafica-audiovisual category-ilustracion category-noticias category-serigrafia tag-asociacion-zabalsanche tag-escuela-abierta tag-escuela-de-arte-de-pamplona tag-eskola-kalean tag-iruneko_arte_eskola tag-la-escuela-en-la-calle entry\">\n\t\t\t<div class=\"elementor-post__card\">\n\t\t\t\t<a class=\"elementor-post__thumbnail__link\" href=\"https:\/\/escueladeartesuperior.educacion.navarra.es\/web\/blog\/la-escuela-en-la-calle-eskola-kalean\/\" tabindex=\"-1\" ><div class=\"elementor-post__thumbnail\"><img loading=\"lazy\" decoding=\"async\" width=\"300\" height=\"200\" src=\"https:\/\/escueladeartesuperior.educacion.navarra.es\/web\/wp-content\/uploads\/2026\/03\/escuela-zabaldu-300x200.jpg\" class=\"attachment-medium size-medium wp-image-54056\" alt=\"cartel promocional de la escuela en la calle\" srcset=\"https:\/\/escueladeartesuperior.educacion.navarra.es\/web\/wp-content\/uploads\/2026\/03\/escuela-zabaldu-300x200.jpg 300w, https:\/\/escueladeartesuperior.educacion.navarra.es\/web\/wp-content\/uploads\/2026\/03\/escuela-zabaldu-1024x682.jpg 1024w, https:\/\/escueladeartesuperior.educacion.navarra.es\/web\/wp-content\/uploads\/2026\/03\/escuela-zabaldu-768x512.jpg 768w, https:\/\/escueladeartesuperior.educacion.navarra.es\/web\/wp-content\/uploads\/2026\/03\/escuela-zabaldu-1536x1024.jpg 1536w, https:\/\/escueladeartesuperior.educacion.navarra.es\/web\/wp-content\/uploads\/2026\/03\/escuela-zabaldu.jpg 1622w\" sizes=\"(max-width: 300px) 100vw, 300px\" \/><\/div><\/a>\n\t\t\t\t<div class=\"elementor-post__badge\">Actualidad<\/div>\n\t\t\t\t<div class=\"elementor-post__text\">\n\t\t\t\t<h3 class=\"elementor-post__title\">\n\t\t\t<a href=\"https:\/\/escueladeartesuperior.educacion.navarra.es\/web\/blog\/la-escuela-en-la-calle-eskola-kalean\/\" >\n\t\t\t\tLa Escuela en la calle. Eskola Kalean\t\t\t<\/a>\n\t\t<\/h3>\n\t\t\t\t<div class=\"elementor-post__excerpt\">\n\t\t\t<p>El pasado viernes, 13 de marzo, el alumnado de la Escuela de Arte llev\u00f3 su trabajo fuera del aula en la actividad \u201cEscuela de Arte<\/p>\n\t\t<\/div>\n\t\t\n\t\t<a class=\"elementor-post__read-more\" href=\"https:\/\/escueladeartesuperior.educacion.navarra.es\/web\/blog\/la-escuela-en-la-calle-eskola-kalean\/\" aria-label=\"Read more about La Escuela en la calle. Eskola Kalean\" tabindex=\"-1\" >\n\t\t\tContinuar leyendo \u00bb\t\t<\/a>\n\n\t\t\t\t<\/div>\n\t\t\t\t<div class=\"elementor-post__meta-data\">\n\t\t\t\t\t<span class=\"elementor-post-date\">\n\t\t\t14 de marzo de 2026\t\t<\/span>\n\t\t\t\t<\/div>\n\t\t\t\t\t<\/div>\n\t\t<\/article>\n\t\t\t\t<article class=\"elementor-post elementor-grid-item post-53923 post type-post status-publish format-standard has-post-thumbnail category-actualidad category-asistencia-al-producto-grafico-impreso category-asistencia-al-producto-grafico-interactivo category-bachillerato category-ebanisteria category-eess-diseno-interiores category-escultura category-fotografia category-fpe category-grabado category-grafica-audiovisual category-ilustracion category-noticias category-proyectos category-serigrafia tag-ayuntamiento-de-berriozar tag-construyendo-equilibrio-oreka-eraikiz tag-escuela-de-arte-de-pamplona tag-instalacion-escultorica tag-iruneko_arte_eskola tag-tecnicas-escultoricas entry\">\n\t\t\t<div class=\"elementor-post__card\">\n\t\t\t\t<a class=\"elementor-post__thumbnail__link\" href=\"https:\/\/escueladeartesuperior.educacion.navarra.es\/web\/blog\/construyendo-equilibrio-oreka-eraikiz-ya-esta-en-berriozar\/\" tabindex=\"-1\" ><div class=\"elementor-post__thumbnail\"><img loading=\"lazy\" decoding=\"async\" width=\"300\" height=\"200\" src=\"https:\/\/escueladeartesuperior.educacion.navarra.es\/web\/wp-content\/uploads\/2026\/03\/grupo-HUP2-300x200.jpg\" class=\"attachment-medium size-medium wp-image-53961\" alt=\"\" srcset=\"https:\/\/escueladeartesuperior.educacion.navarra.es\/web\/wp-content\/uploads\/2026\/03\/grupo-HUP2-300x200.jpg 300w, https:\/\/escueladeartesuperior.educacion.navarra.es\/web\/wp-content\/uploads\/2026\/03\/grupo-HUP2-1024x683.jpg 1024w, https:\/\/escueladeartesuperior.educacion.navarra.es\/web\/wp-content\/uploads\/2026\/03\/grupo-HUP2-768x512.jpg 768w, https:\/\/escueladeartesuperior.educacion.navarra.es\/web\/wp-content\/uploads\/2026\/03\/grupo-HUP2.jpg 1386w\" sizes=\"(max-width: 300px) 100vw, 300px\" \/><\/div><\/a>\n\t\t\t\t<div class=\"elementor-post__badge\">Actualidad<\/div>\n\t\t\t\t<div class=\"elementor-post__text\">\n\t\t\t\t<h3 class=\"elementor-post__title\">\n\t\t\t<a href=\"https:\/\/escueladeartesuperior.educacion.navarra.es\/web\/blog\/construyendo-equilibrio-oreka-eraikiz-ya-esta-en-berriozar\/\" >\n\t\t\t\t\u201cConstruyendo equilibrio \/ Oreka eraikiz\u201d ya est\u00e1 en Berriozar\t\t\t<\/a>\n\t\t<\/h3>\n\t\t\t\t<div class=\"elementor-post__excerpt\">\n\t\t\t<p>Gorka Garc\u00eda de Eulate Huarte, Benjam\u00edn Landa Ram\u00edrez, Jose Manuel S\u00e1nchez Zapata, Naia Eslava Chivite y H\u00e9ctor Urra Pombo Inauguraci\u00f3n de conjunto escult\u00f3rico en Berriozar.<\/p>\n\t\t<\/div>\n\t\t\n\t\t<a class=\"elementor-post__read-more\" href=\"https:\/\/escueladeartesuperior.educacion.navarra.es\/web\/blog\/construyendo-equilibrio-oreka-eraikiz-ya-esta-en-berriozar\/\" aria-label=\"Read more about \u201cConstruyendo equilibrio \/ Oreka eraikiz\u201d ya est\u00e1 en Berriozar\" tabindex=\"-1\" >\n\t\t\tContinuar leyendo \u00bb\t\t<\/a>\n\n\t\t\t\t<\/div>\n\t\t\t\t<div class=\"elementor-post__meta-data\">\n\t\t\t\t\t<span class=\"elementor-post-date\">\n\t\t\t13 de marzo de 2026\t\t<\/span>\n\t\t\t\t<\/div>\n\t\t\t\t\t<\/div>\n\t\t<\/article>\n\t\t\t\t<\/div>\n\t\t\n\t\t\t\t<div class=\"e-load-more-anchor\" data-page=\"1\" data-max-page=\"92\" data-next-page=\"https:\/\/escueladeartesuperior.educacion.navarra.es\/web\/wp-json\/wp\/v2\/pages\/34039\/page\/2\/\"><\/div>\n\t\t\t\t<nav class=\"elementor-pagination\" aria-label=\"Pagination\">\n\t\t\t<span aria-current=\"page\" class=\"page-numbers current\"><span class=\"elementor-screen-only\">Page<\/span>1<\/span>\n<a class=\"page-numbers\" href=\"https:\/\/escueladeartesuperior.educacion.navarra.es\/web\/wp-json\/wp\/v2\/pages\/34039\/page\/2\/\"><span class=\"elementor-screen-only\">Page<\/span>2<\/a>\n<a class=\"page-numbers\" href=\"https:\/\/escueladeartesuperior.educacion.navarra.es\/web\/wp-json\/wp\/v2\/pages\/34039\/page\/3\/\"><span class=\"elementor-screen-only\">Page<\/span>3<\/a>\n<a class=\"page-numbers\" href=\"https:\/\/escueladeartesuperior.educacion.navarra.es\/web\/wp-json\/wp\/v2\/pages\/34039\/page\/4\/\"><span class=\"elementor-screen-only\">Page<\/span>4<\/a>\n<a class=\"page-numbers\" href=\"https:\/\/escueladeartesuperior.educacion.navarra.es\/web\/wp-json\/wp\/v2\/pages\/34039\/page\/5\/\"><span class=\"elementor-screen-only\">Page<\/span>5<\/a>\t\t<\/nav>\n\t\t\t\t<\/div>\n\t\t\t\t<\/div>\n\t\t\t\t\t<\/div>\n\t\t<\/div>\n\t\t\t\t\t\t\t<\/div>\n\t\t<\/section>\n\t\t\t\t\t\t\t<\/div>\n\t\t","protected":false},"excerpt":{"rendered":"","protected":false},"author":1,"featured_media":0,"parent":0,"menu_order":0,"comment_status":"closed","ping_status":"closed","template":"","meta":{"_genesis_hide_title":false,"_genesis_hide_breadcrumbs":false,"_genesis_hide_singular_image":false,"_genesis_hide_footer_widgets":false,"_genesis_custom_body_class":"","_genesis_custom_post_class":"","_genesis_layout":"","footnotes":""},"_links":{"self":[{"href":"https:\/\/escueladeartesuperior.educacion.navarra.es\/web\/wp-json\/wp\/v2\/pages\/34039"}],"collection":[{"href":"https:\/\/escueladeartesuperior.educacion.navarra.es\/web\/wp-json\/wp\/v2\/pages"}],"about":[{"href":"https:\/\/escueladeartesuperior.educacion.navarra.es\/web\/wp-json\/wp\/v2\/types\/page"}],"author":[{"embeddable":true,"href":"https:\/\/escueladeartesuperior.educacion.navarra.es\/web\/wp-json\/wp\/v2\/users\/1"}],"replies":[{"embeddable":true,"href":"https:\/\/escueladeartesuperior.educacion.navarra.es\/web\/wp-json\/wp\/v2\/comments?post=34039"}],"version-history":[{"count":6,"href":"https:\/\/escueladeartesuperior.educacion.navarra.es\/web\/wp-json\/wp\/v2\/pages\/34039\/revisions"}],"predecessor-version":[{"id":34809,"href":"https:\/\/escueladeartesuperior.educacion.navarra.es\/web\/wp-json\/wp\/v2\/pages\/34039\/revisions\/34809"}],"wp:attachment":[{"href":"https:\/\/escueladeartesuperior.educacion.navarra.es\/web\/wp-json\/wp\/v2\/media?parent=34039"}],"curies":[{"name":"wp","href":"https:\/\/api.w.org\/{rel}","templated":true}]}}