{"id":32938,"date":"2020-01-03T11:54:38","date_gmt":"2020-01-03T10:54:38","guid":{"rendered":"https:\/\/escueladeartesuperior.educacion.navarra.es\/web\/?page_id=32938"},"modified":"2026-04-07T09:33:55","modified_gmt":"2026-04-07T07:33:55","slug":"convocatoria-de-becas","status":"publish","type":"page","link":"https:\/\/escueladeartesuperior.educacion.navarra.es\/web\/convocatoria-de-becas\/","title":{"rendered":"Convocatoria de Becas"},"content":{"rendered":"\t\t<div data-elementor-type=\"wp-page\" data-elementor-id=\"32938\" class=\"elementor elementor-32938\" data-elementor-post-type=\"page\">\n\t\t\t\t\t\t\t\t\t<section class=\"elementor-section elementor-top-section elementor-element elementor-element-271cec7 elementor-section-boxed elementor-section-height-default elementor-section-height-default\" data-id=\"271cec7\" data-element_type=\"section\">\n\t\t\t\t\t\t<div class=\"elementor-container elementor-column-gap-default\">\n\t\t\t\t\t<div class=\"elementor-column elementor-col-100 elementor-top-column elementor-element elementor-element-e1eeeb7\" data-id=\"e1eeeb7\" data-element_type=\"column\">\n\t\t\t<div class=\"elementor-widget-wrap elementor-element-populated\">\n\t\t\t\t\t\t\t\t<div class=\"elementor-element elementor-element-753b5f6 elementor-widget elementor-widget-heading\" data-id=\"753b5f6\" data-element_type=\"widget\" data-widget_type=\"heading.default\">\n\t\t\t\t<div class=\"elementor-widget-container\">\n\t\t\t<h3 class=\"elementor-heading-title elementor-size-default\">BECAS Y AYUDAS AL ESTUDIO GOBIERNO DE NAVARRA  <\/h3>\t\t<\/div>\n\t\t\t\t<\/div>\n\t\t\t\t<div class=\"elementor-element elementor-element-426ad3a elementor-widget elementor-widget-text-editor\" data-id=\"426ad3a\" data-element_type=\"widget\" data-widget_type=\"text-editor.default\">\n\t\t\t\t<div class=\"elementor-widget-container\">\n\t\t\t\t\t\t\t<p>La solicitud de beca se cumplimentar\u00e1 y presentar\u00e1 por procedimiento electr\u00f3nico.<\/p><p>Plazo de presentaci\u00f3n: del 19 de noviembre al 18 de diciembre, ambos incluidos.<\/p>\t\t\t\t\t\t<\/div>\n\t\t\t\t<\/div>\n\t\t\t\t<div class=\"elementor-element elementor-element-eb17437 elementor-align-left elementor-widget elementor-widget-button\" data-id=\"eb17437\" data-element_type=\"widget\" data-widget_type=\"button.default\">\n\t\t\t\t<div class=\"elementor-widget-container\">\n\t\t\t\t\t<div class=\"elementor-button-wrapper\">\n\t\t\t<a class=\"elementor-button elementor-button-link elementor-size-md\" href=\"https:\/\/www.navarra.es\/es\/tramites\/on\/-\/line\/convocatoria-general-de-becas-y-ayudas-para-estudios-postobligatorios-no-universitarios\" target=\"_blank\">\n\t\t\t\t\t\t<span class=\"elementor-button-content-wrapper\">\n\t\t\t\t\t\t<span class=\"elementor-button-text\">Ficha tr\u00e1mites -  Convocatoria 2025-26<\/span>\n\t\t<\/span>\n\t\t\t\t\t<\/a>\n\t\t<\/div>\n\t\t\t\t<\/div>\n\t\t\t\t<\/div>\n\t\t\t\t<div class=\"elementor-element elementor-element-3d9938d elementor-widget elementor-widget-button\" data-id=\"3d9938d\" data-element_type=\"widget\" data-widget_type=\"button.default\">\n\t\t\t\t<div class=\"elementor-widget-container\">\n\t\t\t\t\t<div class=\"elementor-button-wrapper\">\n\t\t\t<a class=\"elementor-button elementor-button-link elementor-size-md\" href=\"https:\/\/appseducacion.navarra.es\/Becas\/faces\/index.xhtml\" target=\"_blank\">\n\t\t\t\t\t\t<span class=\"elementor-button-content-wrapper\">\n\t\t\t\t\t\t<span class=\"elementor-button-text\">Acceso a tramitaci\u00f3n on-line<\/span>\n\t\t<\/span>\n\t\t\t\t\t<\/a>\n\t\t<\/div>\n\t\t\t\t<\/div>\n\t\t\t\t<\/div>\n\t\t\t\t\t<\/div>\n\t\t<\/div>\n\t\t\t\t\t\t\t<\/div>\n\t\t<\/section>\n\t\t\t\t<section class=\"elementor-section elementor-top-section elementor-element elementor-element-c20f80b elementor-section-boxed elementor-section-height-default elementor-section-height-default\" data-id=\"c20f80b\" data-element_type=\"section\">\n\t\t\t\t\t\t<div class=\"elementor-container elementor-column-gap-default\">\n\t\t\t\t\t<div class=\"elementor-column elementor-col-100 elementor-top-column elementor-element elementor-element-2f35671\" data-id=\"2f35671\" data-element_type=\"column\">\n\t\t\t<div class=\"elementor-widget-wrap elementor-element-populated\">\n\t\t\t\t\t\t\t\t<div class=\"elementor-element elementor-element-3a7ce2f elementor-widget elementor-widget-heading\" data-id=\"3a7ce2f\" data-element_type=\"widget\" data-widget_type=\"heading.default\">\n\t\t\t\t<div class=\"elementor-widget-container\">\n\t\t\t<h3 class=\"elementor-heading-title elementor-size-default\">BECAS Y AYUDAS PARA EDUCACI\u00d3N ESPECIAL GOBIERNO DE NAVARRA<\/h3>\t\t<\/div>\n\t\t\t\t<\/div>\n\t\t\t\t<div class=\"elementor-element elementor-element-85a68dc elementor-widget elementor-widget-text-editor\" data-id=\"85a68dc\" data-element_type=\"widget\" data-widget_type=\"text-editor.default\">\n\t\t\t\t<div class=\"elementor-widget-container\">\n\t\t\t\t\t\t\t<p>Plazo de presentaci\u00f3n: del 10 de febrero hasta el 9 de marzo.<\/p>\t\t\t\t\t\t<\/div>\n\t\t\t\t<\/div>\n\t\t\t\t<div class=\"elementor-element elementor-element-8758210 elementor-align-left elementor-widget elementor-widget-button\" data-id=\"8758210\" data-element_type=\"widget\" data-widget_type=\"button.default\">\n\t\t\t\t<div class=\"elementor-widget-container\">\n\t\t\t\t\t<div class=\"elementor-button-wrapper\">\n\t\t\t<a class=\"elementor-button elementor-button-link elementor-size-md\" href=\"https:\/\/www.navarra.es\/es\/tramites\/on\/-\/line\/becas-de-educacion-especial-y-ayudas-para-alumnado-con-necesidades-especificas-de-apoyo-educativo?pageBackId=5724839\" target=\"_blank\">\n\t\t\t\t\t\t<span class=\"elementor-button-content-wrapper\">\n\t\t\t\t\t\t<span class=\"elementor-button-text\">Ficha tr\u00e1mites - Convocatoria 2025-26<\/span>\n\t\t<\/span>\n\t\t\t\t\t<\/a>\n\t\t<\/div>\n\t\t\t\t<\/div>\n\t\t\t\t<\/div>\n\t\t\t\t<div class=\"elementor-element elementor-element-1f224b8 elementor-widget elementor-widget-button\" data-id=\"1f224b8\" data-element_type=\"widget\" data-widget_type=\"button.default\">\n\t\t\t\t<div class=\"elementor-widget-container\">\n\t\t\t\t\t<div class=\"elementor-button-wrapper\">\n\t\t\t<a class=\"elementor-button elementor-button-link elementor-size-md\" href=\"https:\/\/appseducacion.navarra.es\/BecasEE\/index.xhtml\" target=\"_blank\">\n\t\t\t\t\t\t<span class=\"elementor-button-content-wrapper\">\n\t\t\t\t\t\t<span class=\"elementor-button-text\">Acceso a tramitaci\u00f3n on-line<\/span>\n\t\t<\/span>\n\t\t\t\t\t<\/a>\n\t\t<\/div>\n\t\t\t\t<\/div>\n\t\t\t\t<\/div>\n\t\t\t\t\t<\/div>\n\t\t<\/div>\n\t\t\t\t\t\t\t<\/div>\n\t\t<\/section>\n\t\t\t\t<section class=\"elementor-section elementor-top-section elementor-element elementor-element-fa9e73f elementor-section-boxed elementor-section-height-default elementor-section-height-default\" data-id=\"fa9e73f\" data-element_type=\"section\">\n\t\t\t\t\t\t<div class=\"elementor-container elementor-column-gap-default\">\n\t\t\t\t\t<div class=\"elementor-column elementor-col-100 elementor-top-column elementor-element elementor-element-bc0bff6\" data-id=\"bc0bff6\" data-element_type=\"column\">\n\t\t\t<div class=\"elementor-widget-wrap elementor-element-populated\">\n\t\t\t\t\t\t\t\t<div class=\"elementor-element elementor-element-27cd0c2 elementor-widget elementor-widget-heading\" data-id=\"27cd0c2\" data-element_type=\"widget\" data-widget_type=\"heading.default\">\n\t\t\t\t<div class=\"elementor-widget-container\">\n\t\t\t<h3 class=\"elementor-heading-title elementor-size-default\">BECAS Y AYUDAS AL ESTUDIO DEL MINISTERIO DE EDUCACI\u00d3N<br> (CURSO 2026-27)<\/h3>\t\t<\/div>\n\t\t\t\t<\/div>\n\t\t\t\t<div class=\"elementor-element elementor-element-a6e71c1 elementor-widget elementor-widget-text-editor\" data-id=\"a6e71c1\" data-element_type=\"widget\" data-widget_type=\"text-editor.default\">\n\t\t\t\t<div class=\"elementor-widget-container\">\n\t\t\t\t\t\t\t<p>Becas<strong> para estudios postobligatorios<\/strong><\/p><p>\u00a0<\/p><p>Plazo abierto desde el d\u00eda 7 de abril de 2026, a las 8:00 hora peninsular, hasta el d\u00eda 18 de mayo de 2026, a las 15:00 hora peninsular, <b>ambos inclusive<\/b>.<\/p><p>Pide tu beca aunque no sepas lo que vas a estudiar o incluso si vas\u00a0 o no a estudiar\u00a0<a style=\"font-family: var( --e-global-typography-text-font-family ), Sans-serif; font-weight: var( --e-global-typography-text-font-weight ); background-color: #ffffff;\" href=\"https:\/\/www.becaseducacion.gob.es\/portada.html\" target=\"_blank\" rel=\"noopener\">+ info\u00a0<\/a><\/p><p>Consulta este link para obtener toda informaci\u00f3n sobre requisitos, tipo de becas y el procedimiento para solicitar la beca:\u00a0 <a href=\"https:\/\/www.becaseducacion.gob.es\/becas-y-ayudas\/fp-bachillerato-otros\/como-solicitarla.html#pasos-para-solicitarla\">Becas y\u00a0 ayudas<\/a>.<\/p><p>Para que la solicitud pueda realizarse en imprescindible que el solicitante (alumno\/a) se registre previamente en la Sede electr\u00f3nica del\u00a0 Ministerio de Educaci\u00f3n. La solicitud de beca se cumplimentar\u00e1 y presentar\u00e1 \u00edntegramente\u00a0por procedimiento electr\u00f3nico.<\/p>\t\t\t\t\t\t<\/div>\n\t\t\t\t<\/div>\n\t\t\t\t<div class=\"elementor-element elementor-element-c0acb6c elementor-widget elementor-widget-button\" data-id=\"c0acb6c\" data-element_type=\"widget\" data-widget_type=\"button.default\">\n\t\t\t\t<div class=\"elementor-widget-container\">\n\t\t\t\t\t<div class=\"elementor-button-wrapper\">\n\t\t\t<a class=\"elementor-button elementor-button-link elementor-size-md\" href=\"https:\/\/www.educacionfpydeportes.gob.es\/servicios-al-ciudadano\/catalogo\/general\/05\/050130\/ficha\/050130-2026.html\" target=\"_blank\">\n\t\t\t\t\t\t<span class=\"elementor-button-content-wrapper\">\n\t\t\t\t\t\t<span class=\"elementor-button-text\">Acceso a tramitaci\u00f3n on-line<\/span>\n\t\t<\/span>\n\t\t\t\t\t<\/a>\n\t\t<\/div>\n\t\t\t\t<\/div>\n\t\t\t\t<\/div>\n\t\t\t\t<div class=\"elementor-element elementor-element-56b2046 elementor-widget elementor-widget-text-editor\" data-id=\"56b2046\" data-element_type=\"widget\" data-widget_type=\"text-editor.default\">\n\t\t\t\t<div class=\"elementor-widget-container\">\n\t\t\t\t\t\t\t<p><strong>\u00a0<\/strong><\/p><p><strong>Becas para alumnos con necesidad espec\u00edfica de apoyo educativo &#8211; Curso 2025-26\u00a0<\/strong><\/p><p>Plazo de presentaci\u00f3n:\u00a0<span style=\"font-family: var( --e-global-typography-text-font-family ), Sans-serif; font-weight: var( --e-global-typography-text-font-weight );\">del 30 de abril al 11 de septiembre de 2025<\/span><\/p><p>Tramitar mediante formulario\u00a0<strong>\u00a0on-line<\/strong>\u00a0y presentar la documentaci\u00f3n en el centro\u00a0<\/p>\t\t\t\t\t\t<\/div>\n\t\t\t\t<\/div>\n\t\t\t\t<div class=\"elementor-element elementor-element-8900a0a elementor-widget elementor-widget-button\" data-id=\"8900a0a\" data-element_type=\"widget\" data-widget_type=\"button.default\">\n\t\t\t\t<div class=\"elementor-widget-container\">\n\t\t\t\t\t<div class=\"elementor-button-wrapper\">\n\t\t\t<a class=\"elementor-button elementor-button-link elementor-size-md\" href=\"https:\/\/www.educacionfpydeportes.gob.es\/servicios-al-ciudadano\/catalogo\/general\/05\/050140\/ficha\/050140-2025.html\" target=\"_blank\">\n\t\t\t\t\t\t<span class=\"elementor-button-content-wrapper\">\n\t\t\t\t\t\t<span class=\"elementor-button-text\">Acceso a tramitaci\u00f3n on-line<\/span>\n\t\t<\/span>\n\t\t\t\t\t<\/a>\n\t\t<\/div>\n\t\t\t\t<\/div>\n\t\t\t\t<\/div>\n\t\t\t\t\t<\/div>\n\t\t<\/div>\n\t\t\t\t\t\t\t<\/div>\n\t\t<\/section>\n\t\t\t\t\t\t\t<\/div>\n\t\t","protected":false},"excerpt":{"rendered":"<p>BECAS Y AYUDAS AL ESTUDIO GOBIERNO DE NAVARRA La solicitud de beca se cumplimentar\u00e1 y presentar\u00e1 por procedimiento electr\u00f3nico. Plazo de presentaci\u00f3n: del 19 de noviembre al 18 de diciembre, ambos incluidos. Ficha tr\u00e1mites &#8211; Convocatoria 2025-26 Acceso a tramitaci\u00f3n on-line BECAS Y AYUDAS PARA EDUCACI\u00d3N ESPECIAL GOBIERNO DE NAVARRA Plazo de presentaci\u00f3n: del 10 [&hellip;]<\/p>\n","protected":false},"author":1,"featured_media":0,"parent":0,"menu_order":0,"comment_status":"closed","ping_status":"closed","template":"","meta":{"_genesis_hide_title":false,"_genesis_hide_breadcrumbs":false,"_genesis_hide_singular_image":false,"_genesis_hide_footer_widgets":false,"_genesis_custom_body_class":"","_genesis_custom_post_class":"","_genesis_layout":"","footnotes":""},"_links":{"self":[{"href":"https:\/\/escueladeartesuperior.educacion.navarra.es\/web\/wp-json\/wp\/v2\/pages\/32938"}],"collection":[{"href":"https:\/\/escueladeartesuperior.educacion.navarra.es\/web\/wp-json\/wp\/v2\/pages"}],"about":[{"href":"https:\/\/escueladeartesuperior.educacion.navarra.es\/web\/wp-json\/wp\/v2\/types\/page"}],"author":[{"embeddable":true,"href":"https:\/\/escueladeartesuperior.educacion.navarra.es\/web\/wp-json\/wp\/v2\/users\/1"}],"replies":[{"embeddable":true,"href":"https:\/\/escueladeartesuperior.educacion.navarra.es\/web\/wp-json\/wp\/v2\/comments?post=32938"}],"version-history":[{"count":188,"href":"https:\/\/escueladeartesuperior.educacion.navarra.es\/web\/wp-json\/wp\/v2\/pages\/32938\/revisions"}],"predecessor-version":[{"id":54268,"href":"https:\/\/escueladeartesuperior.educacion.navarra.es\/web\/wp-json\/wp\/v2\/pages\/32938\/revisions\/54268"}],"wp:attachment":[{"href":"https:\/\/escueladeartesuperior.educacion.navarra.es\/web\/wp-json\/wp\/v2\/media?parent=32938"}],"curies":[{"name":"wp","href":"https:\/\/api.w.org\/{rel}","templated":true}]}}