{"id":31461,"date":"2010-09-29T11:52:39","date_gmt":"2010-09-29T09:52:39","guid":{"rendered":"http:\/\/beta.escueladeartepamplona.com\/?page_id=244"},"modified":"2020-02-05T08:29:00","modified_gmt":"2020-02-05T07:29:00","slug":"sala-de-exposiciones","status":"publish","type":"page","link":"https:\/\/escueladeartesuperior.educacion.navarra.es\/web\/la-escuela\/sala-de-exposiciones\/","title":{"rendered":"Sala de Exposiciones"},"content":{"rendered":"\t\t<div data-elementor-type=\"wp-page\" data-elementor-id=\"31461\" class=\"elementor elementor-31461\" data-elementor-post-type=\"page\">\n\t\t\t\t\t\t\t\t\t<section class=\"elementor-section elementor-top-section elementor-element elementor-element-43c79da elementor-section-boxed elementor-section-height-default elementor-section-height-default\" data-id=\"43c79da\" data-element_type=\"section\">\n\t\t\t\t\t\t<div class=\"elementor-container elementor-column-gap-default\">\n\t\t\t\t\t<div class=\"elementor-column elementor-col-100 elementor-top-column elementor-element elementor-element-df43da9\" data-id=\"df43da9\" data-element_type=\"column\">\n\t\t\t<div class=\"elementor-widget-wrap elementor-element-populated\">\n\t\t\t\t\t\t\t\t<div class=\"elementor-element elementor-element-f6f014f elementor-widget elementor-widget-heading\" data-id=\"f6f014f\" data-element_type=\"widget\" data-widget_type=\"heading.default\">\n\t\t\t\t<div class=\"elementor-widget-container\">\n\t\t\t<h3 class=\"elementor-heading-title elementor-size-default\">CONDICIONES DE USO PARA LA UTILIZACI\u00d3N DE LA SALA DE EXPOSICIONES<\/h3>\t\t<\/div>\n\t\t\t\t<\/div>\n\t\t\t\t\t<\/div>\n\t\t<\/div>\n\t\t\t\t\t\t\t<\/div>\n\t\t<\/section>\n\t\t\t\t<section class=\"elementor-section elementor-top-section elementor-element elementor-element-d8c7707 elementor-section-boxed elementor-section-height-default elementor-section-height-default\" data-id=\"d8c7707\" data-element_type=\"section\">\n\t\t\t\t\t\t<div class=\"elementor-container elementor-column-gap-default\">\n\t\t\t\t\t<div class=\"elementor-column elementor-col-100 elementor-top-column elementor-element elementor-element-b00222b\" data-id=\"b00222b\" data-element_type=\"column\">\n\t\t\t<div class=\"elementor-widget-wrap elementor-element-populated\">\n\t\t\t\t\t\t\t\t<div class=\"elementor-element elementor-element-ceb1ea9 elementor-widget elementor-widget-image\" data-id=\"ceb1ea9\" data-element_type=\"widget\" data-widget_type=\"image.default\">\n\t\t\t\t<div class=\"elementor-widget-container\">\n\t\t\t\t\t\t\t\t\t\t\t\t\t\t\t<img fetchpriority=\"high\" decoding=\"async\" width=\"1500\" height=\"549\" src=\"https:\/\/escueladeartesuperior.educacion.navarra.es\/web\/wp-content\/uploads\/2019\/12\/Sala_Expo.jpg\" class=\"attachment-full size-full wp-image-32270\" alt=\"SALA DE EXPOSICIONES\" srcset=\"https:\/\/escueladeartesuperior.educacion.navarra.es\/web\/wp-content\/uploads\/2019\/12\/Sala_Expo.jpg 1500w, https:\/\/escueladeartesuperior.educacion.navarra.es\/web\/wp-content\/uploads\/2019\/12\/Sala_Expo-300x110.jpg 300w, https:\/\/escueladeartesuperior.educacion.navarra.es\/web\/wp-content\/uploads\/2019\/12\/Sala_Expo-1024x375.jpg 1024w, https:\/\/escueladeartesuperior.educacion.navarra.es\/web\/wp-content\/uploads\/2019\/12\/Sala_Expo-768x281.jpg 768w\" sizes=\"(max-width: 1500px) 100vw, 1500px\" \/>\t\t\t\t\t\t\t\t\t\t\t\t\t\t\t<\/div>\n\t\t\t\t<\/div>\n\t\t\t\t\t<\/div>\n\t\t<\/div>\n\t\t\t\t\t\t\t<\/div>\n\t\t<\/section>\n\t\t\t\t<section class=\"elementor-section elementor-top-section elementor-element elementor-element-d65ef36 elementor-section-boxed elementor-section-height-default elementor-section-height-default\" data-id=\"d65ef36\" data-element_type=\"section\" data-settings=\"{&quot;background_background&quot;:&quot;classic&quot;}\">\n\t\t\t\t\t\t<div class=\"elementor-container elementor-column-gap-default\">\n\t\t\t\t\t<div class=\"elementor-column elementor-col-100 elementor-top-column elementor-element elementor-element-dad7ad2\" data-id=\"dad7ad2\" data-element_type=\"column\" data-settings=\"{&quot;background_background&quot;:&quot;classic&quot;}\">\n\t\t\t<div class=\"elementor-widget-wrap elementor-element-populated\">\n\t\t\t\t\t\t\t\t<div class=\"elementor-element elementor-element-6ac5ad6 elementor-position-left elementor-view-default elementor-mobile-position-top elementor-vertical-align-top elementor-widget elementor-widget-icon-box\" data-id=\"6ac5ad6\" data-element_type=\"widget\" data-widget_type=\"icon-box.default\">\n\t\t\t\t<div class=\"elementor-widget-container\">\n\t\t\t\t\t<div class=\"elementor-icon-box-wrapper\">\n\t\t\t\t\t\t<div class=\"elementor-icon-box-icon\">\n\t\t\t\t<span  class=\"elementor-icon elementor-animation-\">\n\t\t\t\t<i aria-hidden=\"true\" class=\"far fa-clock\"><\/i>\t\t\t\t<\/span>\n\t\t\t<\/div>\n\t\t\t\t\t\t<div class=\"elementor-icon-box-content\">\n\t\t\t\t<h3 class=\"elementor-icon-box-title\">\n\t\t\t\t\t<span  >\n\t\t\t\t\t\tHorario de apertura al p\u00fablico\t\t\t\t\t<\/span>\n\t\t\t\t<\/h3>\n\t\t\t\t\t\t\t\t\t<p class=\"elementor-icon-box-description\">\n\t\t\t\t\t\t<br\/>La Sala permanecer\u00e1 abierta al p\u00fablico dos horas diarias, de <b>lunes a viernes<\/b> \u2013excepto festivos-, en horario de <b>18.00 a 20.00 horas.<\/b>\t\t\t\t\t<\/p>\n\t\t\t\t\t\t\t<\/div>\n\t\t<\/div>\n\t\t\t\t<\/div>\n\t\t\t\t<\/div>\n\t\t\t\t\t<\/div>\n\t\t<\/div>\n\t\t\t\t\t\t\t<\/div>\n\t\t<\/section>\n\t\t\t\t<section class=\"elementor-section elementor-top-section elementor-element elementor-element-be4c05a elementor-section-boxed elementor-section-height-default elementor-section-height-default\" data-id=\"be4c05a\" data-element_type=\"section\">\n\t\t\t\t\t\t<div class=\"elementor-container elementor-column-gap-default\">\n\t\t\t\t\t<div class=\"elementor-column elementor-col-100 elementor-top-column elementor-element elementor-element-7223ac0\" data-id=\"7223ac0\" data-element_type=\"column\">\n\t\t\t<div class=\"elementor-widget-wrap elementor-element-populated\">\n\t\t\t\t\t\t\t\t<div class=\"elementor-element elementor-element-57a4c9b elementor-widget elementor-widget-heading\" data-id=\"57a4c9b\" data-element_type=\"widget\" data-widget_type=\"heading.default\">\n\t\t\t\t<div class=\"elementor-widget-container\">\n\t\t\t<h3 class=\"elementor-heading-title elementor-size-default\">Petici\u00f3n:<\/h3>\t\t<\/div>\n\t\t\t\t<\/div>\n\t\t\t\t<div class=\"elementor-element elementor-element-003b413 elementor-widget elementor-widget-text-editor\" data-id=\"003b413\" data-element_type=\"widget\" data-widget_type=\"text-editor.default\">\n\t\t\t\t<div class=\"elementor-widget-container\">\n\t\t\t\t\t\t\t<p>Las personas o entidades interesadas en utilizar la Sala deber\u00e1n enviar la hoja de solicitud adjunta, cumplimentada en todos sus apartados, y remitida a la Vicedirecci\u00f3n de la Escuela de Arte de Pamplona, C\/ Amaya 27, 31004 Pamplona. La solicitud deber\u00e1 ir acompa\u00f1ada del Curriculum Vitae de los autores o autoras, y de documentaci\u00f3n gr\u00e1fica de la obra que se pretende exponer.<\/p>\t\t\t\t\t\t<\/div>\n\t\t\t\t<\/div>\n\t\t\t\t<div class=\"elementor-element elementor-element-28cec37 elementor-align-center elementor-widget elementor-widget-button\" data-id=\"28cec37\" data-element_type=\"widget\" data-widget_type=\"button.default\">\n\t\t\t\t<div class=\"elementor-widget-container\">\n\t\t\t\t\t<div class=\"elementor-button-wrapper\">\n\t\t\t<a class=\"elementor-button elementor-button-link elementor-size-md\" href=\"https:\/\/escueladeartesuperior.educacion.navarra.es\/web\/wp-content\/uploads\/2019\/12\/solicitud_sala_exposiciones.pdf\">\n\t\t\t\t\t\t<span class=\"elementor-button-content-wrapper\">\n\t\t\t\t\t\t<span class=\"elementor-button-icon elementor-align-icon-left\">\n\t\t\t\t<i aria-hidden=\"true\" class=\"far fa-file-pdf\"><\/i>\t\t\t<\/span>\n\t\t\t\t\t\t<span class=\"elementor-button-text\">Documento de solicitud (pdf)<\/span>\n\t\t<\/span>\n\t\t\t\t\t<\/a>\n\t\t<\/div>\n\t\t\t\t<\/div>\n\t\t\t\t<\/div>\n\t\t\t\t<div class=\"elementor-element elementor-element-3694543 elementor-widget elementor-widget-text-editor\" data-id=\"3694543\" data-element_type=\"widget\" data-widget_type=\"text-editor.default\">\n\t\t\t\t<div class=\"elementor-widget-container\">\n\t\t\t\t\t\t\t<p>Por otro lado, podr\u00e1 accederse al uso de la sala a trav\u00e9s de las entidades e instituciones con las cuales la Escuela de Arte de Pamplona tiene subscritos convenios de colaboraci\u00f3n y mediante las condiciones establecidas en los mismos.<\/p>\t\t\t\t\t\t<\/div>\n\t\t\t\t<\/div>\n\t\t\t\t<div class=\"elementor-element elementor-element-9c9a6a2 elementor-widget elementor-widget-heading\" data-id=\"9c9a6a2\" data-element_type=\"widget\" data-widget_type=\"heading.default\">\n\t\t\t\t<div class=\"elementor-widget-container\">\n\t\t\t<h3 class=\"elementor-heading-title elementor-size-default\">Admisi\u00f3n de solicitudes:\n<\/h3>\t\t<\/div>\n\t\t\t\t<\/div>\n\t\t\t\t<div class=\"elementor-element elementor-element-9160034 elementor-widget elementor-widget-text-editor\" data-id=\"9160034\" data-element_type=\"widget\" data-widget_type=\"text-editor.default\">\n\t\t\t\t<div class=\"elementor-widget-container\">\n\t\t\t\t\t\t\t<p>Para la admisi\u00f3n de solicitudes se tendr\u00e1n especialmente en cuenta, la vinculaci\u00f3n que el solicitante tenga o haya tenido con nuestra Escuela (alumnado o profesorado de alguna de sus ense\u00f1anzas, pasadas o presentes), as\u00ed como los compromisos adquiridos con otras instituciones mediante convenios de colaboraci\u00f3n. (Centro de Arte Contempor\u00e1neo de Huarte, Museo Jorge Oteiza)\n<\/p>\n\n<p>La Escuela de Arte confirmar\u00e1 a la persona o entidad solicitante la admisi\u00f3n o no de su solicitud y establecer\u00e1 condiciones y plazos. A su vez, el solicitante al cual se le haya adjudicado fecha de exposici\u00f3n, deber\u00e1 dar su conformidad por escrito en un plazo m\u00e1ximo de 15 d\u00edas. Esta conformidad implica la aceptaci\u00f3n del presente Reglamento, de no producirse, se entender\u00e1 como renuncia voluntaria a dicha adjudicaci\u00f3n.<\/p>\t\t\t\t\t\t<\/div>\n\t\t\t\t<\/div>\n\t\t\t\t<div class=\"elementor-element elementor-element-f87d37a elementor-widget elementor-widget-heading\" data-id=\"f87d37a\" data-element_type=\"widget\" data-widget_type=\"heading.default\">\n\t\t\t\t<div class=\"elementor-widget-container\">\n\t\t\t<h3 class=\"elementor-heading-title elementor-size-default\">Duraci\u00f3n:<\/h3>\t\t<\/div>\n\t\t\t\t<\/div>\n\t\t\t\t<div class=\"elementor-element elementor-element-b82dbb6 elementor-widget elementor-widget-text-editor\" data-id=\"b82dbb6\" data-element_type=\"widget\" data-widget_type=\"text-editor.default\">\n\t\t\t\t<div class=\"elementor-widget-container\">\n\t\t\t\t\t\t\t<p>Las exposiciones quedar\u00e1n supeditadas al calendario acad\u00e9mico, y tendr\u00e1n una duraci\u00f3n m\u00ednima de dos semanas y m\u00e1xima de cuatro.<\/p>\n\n<p>La Escuela de Arte de Pamplona se reserva el derecho de insertar, de forma excepcional, alg\u00fan evento puntual \u2013actividades acad\u00e9micas, conferencias, etc.\u2013 durante el per\u00edodo de alguna exposici\u00f3n. La existencia de dicho acto ser\u00e1 comunicada a la autora o autor, valorando su viabilidad y oportunidad.<\/p>\t\t\t\t\t\t<\/div>\n\t\t\t\t<\/div>\n\t\t\t\t<div class=\"elementor-element elementor-element-bfc5acb elementor-widget elementor-widget-heading\" data-id=\"bfc5acb\" data-element_type=\"widget\" data-widget_type=\"heading.default\">\n\t\t\t\t<div class=\"elementor-widget-container\">\n\t\t\t<h3 class=\"elementor-heading-title elementor-size-default\">Montaje<\/h3>\t\t<\/div>\n\t\t\t\t<\/div>\n\t\t\t\t<div class=\"elementor-element elementor-element-f007749 elementor-widget elementor-widget-text-editor\" data-id=\"f007749\" data-element_type=\"widget\" data-widget_type=\"text-editor.default\">\n\t\t\t\t<div class=\"elementor-widget-container\">\n\t\t\t\t\t\t\t<p>Tanto el montaje de la obra, como el resto de las funciones propias de comisariado, correr\u00e1n por cuenta de la persona o entidad que propone la exposici\u00f3n.<\/p>\n\n<p>No se autorizar\u00e1 ninguna modificaci\u00f3n en la Sala que altere o que pueda da\u00f1ar a su decoraci\u00f3n o estructura. En todo caso, el autor o autoras ser\u00e1n los\/as responsables de dejar la Sala en las mismas condiciones en las que la encontraron.<\/p>\t\t\t\t\t\t<\/div>\n\t\t\t\t<\/div>\n\t\t\t\t<div class=\"elementor-element elementor-element-d22120d elementor-widget elementor-widget-heading\" data-id=\"d22120d\" data-element_type=\"widget\" data-widget_type=\"heading.default\">\n\t\t\t\t<div class=\"elementor-widget-container\">\n\t\t\t<h3 class=\"elementor-heading-title elementor-size-default\">Publicidad<\/h3>\t\t<\/div>\n\t\t\t\t<\/div>\n\t\t\t\t<div class=\"elementor-element elementor-element-0f37297 elementor-widget elementor-widget-text-editor\" data-id=\"0f37297\" data-element_type=\"widget\" data-widget_type=\"text-editor.default\">\n\t\t\t\t<div class=\"elementor-widget-container\">\n\t\t\t\t\t\t\t<p>La Escuela de Arte divulgar\u00e1 cada nueva exposici\u00f3n mediante esta web y los foros sociales en los que tiene presencia. Si la persona o entidad que va a exponer desea editar, alg\u00fan tipo de cat\u00e1logo o cartel, su dise\u00f1o, edici\u00f3n y distribuci\u00f3n correr\u00e1 a su cargo. Deber\u00e1 contener el logotipo de la propia Escuela.<\/p>\t\t\t\t\t\t<\/div>\n\t\t\t\t<\/div>\n\t\t\t\t<div class=\"elementor-element elementor-element-1c6dc2a elementor-widget elementor-widget-heading\" data-id=\"1c6dc2a\" data-element_type=\"widget\" data-widget_type=\"heading.default\">\n\t\t\t\t<div class=\"elementor-widget-container\">\n\t\t\t<h3 class=\"elementor-heading-title elementor-size-default\">Gastos de la Sala<\/h3>\t\t<\/div>\n\t\t\t\t<\/div>\n\t\t\t\t\t<\/div>\n\t\t<\/div>\n\t\t\t\t\t\t\t<\/div>\n\t\t<\/section>\n\t\t\t\t<section class=\"elementor-section elementor-top-section elementor-element elementor-element-d3f2ded elementor-section-boxed elementor-section-height-default elementor-section-height-default\" data-id=\"d3f2ded\" data-element_type=\"section\">\n\t\t\t\t\t\t<div class=\"elementor-container elementor-column-gap-default\">\n\t\t\t\t\t<div class=\"elementor-column elementor-col-50 elementor-top-column elementor-element elementor-element-adf886c\" data-id=\"adf886c\" data-element_type=\"column\">\n\t\t\t<div class=\"elementor-widget-wrap elementor-element-populated\">\n\t\t\t\t\t\t\t\t<div class=\"elementor-element elementor-element-433847c elementor-icon-list--layout-traditional elementor-list-item-link-full_width elementor-widget elementor-widget-icon-list\" data-id=\"433847c\" data-element_type=\"widget\" data-widget_type=\"icon-list.default\">\n\t\t\t\t<div class=\"elementor-widget-container\">\n\t\t\t\t\t<ul class=\"elementor-icon-list-items\">\n\t\t\t\t\t\t\t<li class=\"elementor-icon-list-item\">\n\t\t\t\t\t\t\t\t\t\t\t<span class=\"elementor-icon-list-icon\">\n\t\t\t\t\t\t\t<i aria-hidden=\"true\" class=\"fas fa-long-arrow-alt-right\"><\/i>\t\t\t\t\t\t<\/span>\n\t\t\t\t\t\t\t\t\t\t<span class=\"elementor-icon-list-text\">Solicitantes vinculados con el centro<\/span>\n\t\t\t\t\t\t\t\t\t<\/li>\n\t\t\t\t\t\t<\/ul>\n\t\t\t\t<\/div>\n\t\t\t\t<\/div>\n\t\t\t\t<div class=\"elementor-element elementor-element-4497c76 elementor-widget elementor-widget-text-editor\" data-id=\"4497c76\" data-element_type=\"widget\" data-widget_type=\"text-editor.default\">\n\t\t\t\t<div class=\"elementor-widget-container\">\n\t\t\t\t\t\t\t<p>En el supuesto de que el expositor o expositora tenga vinculaci\u00f3n con el centro -sea o haya sido- alumno\/a o profesor\/a, o solicite la sala a trav\u00e9s de alguna de las entidades con las cuales la Escuela de Arte de Pamplona tiene subscritos convenios de colaboraci\u00f3n, su situaci\u00f3n a la hora de exponer ser\u00e1 preferente. Esta condici\u00f3n ser\u00e1 tenida en cuenta tanto en el momento de realizar el calendario anual de la Sala como en el momento de establecer las condiciones econ\u00f3micas.<\/p>\t\t\t\t\t\t<\/div>\n\t\t\t\t<\/div>\n\t\t\t\t\t<\/div>\n\t\t<\/div>\n\t\t\t\t<div class=\"elementor-column elementor-col-50 elementor-top-column elementor-element elementor-element-557a8e5\" data-id=\"557a8e5\" data-element_type=\"column\">\n\t\t\t<div class=\"elementor-widget-wrap elementor-element-populated\">\n\t\t\t\t\t\t\t\t<div class=\"elementor-element elementor-element-50b0736 elementor-icon-list--layout-traditional elementor-list-item-link-full_width elementor-widget elementor-widget-icon-list\" data-id=\"50b0736\" data-element_type=\"widget\" data-widget_type=\"icon-list.default\">\n\t\t\t\t<div class=\"elementor-widget-container\">\n\t\t\t\t\t<ul class=\"elementor-icon-list-items\">\n\t\t\t\t\t\t\t<li class=\"elementor-icon-list-item\">\n\t\t\t\t\t\t\t\t\t\t\t<span class=\"elementor-icon-list-icon\">\n\t\t\t\t\t\t\t<i aria-hidden=\"true\" class=\"fas fa-long-arrow-alt-right\"><\/i>\t\t\t\t\t\t<\/span>\n\t\t\t\t\t\t\t\t\t\t<span class=\"elementor-icon-list-text\">Solicitantes ajenos al centro<\/span>\n\t\t\t\t\t\t\t\t\t<\/li>\n\t\t\t\t\t\t<\/ul>\n\t\t\t\t<\/div>\n\t\t\t\t<\/div>\n\t\t\t\t<div class=\"elementor-element elementor-element-c73afc2 elementor-widget elementor-widget-text-editor\" data-id=\"c73afc2\" data-element_type=\"widget\" data-widget_type=\"text-editor.default\">\n\t\t\t\t<div class=\"elementor-widget-container\">\n\t\t\t\t\t\t\t<p>El expositor o expositora deber\u00e1 abonar la cantidad de 300 euros, en concepto de aportaci\u00f3n a los gastos generales de la Sala, el d\u00eda anterior a la inauguraci\u00f3n de la exposici\u00f3n; ese mismo d\u00eda se depositar\u00e1n, en concepto de fianza por posibles da\u00f1os la cantidad de 100 euros. Esta fianza se devolver\u00e1, en su caso, tras la completa retirada de la exposici\u00f3n, una vez comprobado que se deja la Sala en el estado en que se encontr\u00f3; en caso contrario, la fianza ser\u00e1 retenida para hacer frente a los posibles gastos de reparaci\u00f3n.\n<\/p>\n\n<p>As\u00ed mismo, el expositor o expositora se encargar\u00e1 de los gastos ocasionados por la contrataci\u00f3n de una persona que cuide la Sala durante las horas que la misma permanezca abierta al p\u00fablico.\n<\/p>\n\n<p>Cualquier incidencia o gasto a\u00f1adido no recogido en este documento y que pudiera surgir en relaci\u00f3n a la exposici\u00f3n ser\u00e1 asumido plenamente por el expositor o expositora sin que la Escuela tenga que abonar ning\u00fan tipo cantidad en concepto de gasto a\u00f1adido o indemnizaci\u00f3n por da\u00f1os y perjuicios.\n\n<\/p>\t\t\t\t\t\t<\/div>\n\t\t\t\t<\/div>\n\t\t\t\t\t<\/div>\n\t\t<\/div>\n\t\t\t\t\t\t\t<\/div>\n\t\t<\/section>\n\t\t\t\t<section class=\"elementor-section elementor-top-section elementor-element elementor-element-6edbb01 elementor-section-boxed elementor-section-height-default elementor-section-height-default\" data-id=\"6edbb01\" data-element_type=\"section\">\n\t\t\t\t\t\t<div class=\"elementor-container elementor-column-gap-default\">\n\t\t\t\t\t<div class=\"elementor-column elementor-col-100 elementor-top-column elementor-element elementor-element-77a1f4a\" data-id=\"77a1f4a\" data-element_type=\"column\">\n\t\t\t<div class=\"elementor-widget-wrap elementor-element-populated\">\n\t\t\t\t\t\t\t\t<div class=\"elementor-element elementor-element-5c6b268 elementor-align-center elementor-widget elementor-widget-button\" data-id=\"5c6b268\" data-element_type=\"widget\" data-widget_type=\"button.default\">\n\t\t\t\t<div class=\"elementor-widget-container\">\n\t\t\t\t\t<div class=\"elementor-button-wrapper\">\n\t\t\t<a class=\"elementor-button elementor-button-link elementor-size-md\" href=\"https:\/\/escueladeartesuperior.educacion.navarra.es\/web\/contacto\/\">\n\t\t\t\t\t\t<span class=\"elementor-button-content-wrapper\">\n\t\t\t\t\t\t<span class=\"elementor-button-text\">\u00bfTienes dudas?<\/span>\n\t\t<\/span>\n\t\t\t\t\t<\/a>\n\t\t<\/div>\n\t\t\t\t<\/div>\n\t\t\t\t<\/div>\n\t\t\t\t\t<\/div>\n\t\t<\/div>\n\t\t\t\t\t\t\t<\/div>\n\t\t<\/section>\n\t\t\t\t\t\t\t<\/div>\n\t\t","protected":false},"excerpt":{"rendered":"<p>CONDICIONES DE USO PARA LA UTILIZACI\u00d3N DE LA SALA DE EXPOSICIONES Horario de apertura al p\u00fablico La Sala permanecer\u00e1 abierta al p\u00fablico dos horas diarias, de lunes a viernes \u2013excepto festivos-, en horario de 18.00 a 20.00 horas. Petici\u00f3n: Las personas o entidades interesadas en utilizar la Sala deber\u00e1n enviar la hoja de solicitud adjunta, [&hellip;]<\/p>\n","protected":false},"author":1,"featured_media":16645,"parent":31450,"menu_order":4,"comment_status":"closed","ping_status":"closed","template":"","meta":{"_genesis_hide_title":false,"_genesis_hide_breadcrumbs":false,"_genesis_hide_singular_image":false,"_genesis_hide_footer_widgets":false,"_genesis_custom_body_class":"","_genesis_custom_post_class":"","_genesis_layout":"","footnotes":""},"_links":{"self":[{"href":"https:\/\/escueladeartesuperior.educacion.navarra.es\/web\/wp-json\/wp\/v2\/pages\/31461"}],"collection":[{"href":"https:\/\/escueladeartesuperior.educacion.navarra.es\/web\/wp-json\/wp\/v2\/pages"}],"about":[{"href":"https:\/\/escueladeartesuperior.educacion.navarra.es\/web\/wp-json\/wp\/v2\/types\/page"}],"author":[{"embeddable":true,"href":"https:\/\/escueladeartesuperior.educacion.navarra.es\/web\/wp-json\/wp\/v2\/users\/1"}],"replies":[{"embeddable":true,"href":"https:\/\/escueladeartesuperior.educacion.navarra.es\/web\/wp-json\/wp\/v2\/comments?post=31461"}],"version-history":[{"count":75,"href":"https:\/\/escueladeartesuperior.educacion.navarra.es\/web\/wp-json\/wp\/v2\/pages\/31461\/revisions"}],"predecessor-version":[{"id":35248,"href":"https:\/\/escueladeartesuperior.educacion.navarra.es\/web\/wp-json\/wp\/v2\/pages\/31461\/revisions\/35248"}],"up":[{"embeddable":true,"href":"https:\/\/escueladeartesuperior.educacion.navarra.es\/web\/wp-json\/wp\/v2\/pages\/31450"}],"wp:featuredmedia":[{"embeddable":true,"href":"https:\/\/escueladeartesuperior.educacion.navarra.es\/web\/wp-json\/"}],"wp:attachment":[{"href":"https:\/\/escueladeartesuperior.educacion.navarra.es\/web\/wp-json\/wp\/v2\/media?parent=31461"}],"curies":[{"name":"wp","href":"https:\/\/api.w.org\/{rel}","templated":true}]}}