{"id":31460,"date":"2010-09-29T11:51:41","date_gmt":"2010-09-29T09:51:41","guid":{"rendered":"http:\/\/beta.escueladeartepamplona.com\/?page_id=242"},"modified":"2025-10-23T12:36:07","modified_gmt":"2025-10-23T10:36:07","slug":"biblioteca","status":"publish","type":"page","link":"https:\/\/escueladeartesuperior.educacion.navarra.es\/web\/la-escuela\/biblioteca\/","title":{"rendered":"Biblioteca"},"content":{"rendered":"\t\t<div data-elementor-type=\"wp-page\" data-elementor-id=\"31460\" class=\"elementor elementor-31460\" data-elementor-post-type=\"page\">\n\t\t\t\t\t\t\t\t\t<section class=\"elementor-section elementor-top-section elementor-element elementor-element-e0c73e2 elementor-section-boxed elementor-section-height-default elementor-section-height-default\" data-id=\"e0c73e2\" data-element_type=\"section\">\n\t\t\t\t\t\t<div class=\"elementor-container elementor-column-gap-default\">\n\t\t\t\t\t<div class=\"elementor-column elementor-col-100 elementor-top-column elementor-element elementor-element-9673e0a\" data-id=\"9673e0a\" data-element_type=\"column\">\n\t\t\t<div class=\"elementor-widget-wrap elementor-element-populated\">\n\t\t\t\t\t\t\t\t<div class=\"elementor-element elementor-element-a9303ac elementor-widget elementor-widget-image\" data-id=\"a9303ac\" data-element_type=\"widget\" data-widget_type=\"image.default\">\n\t\t\t\t<div class=\"elementor-widget-container\">\n\t\t\t\t\t\t\t\t\t\t\t\t\t\t\t\t<a href=\"http:\/\/abies.educacion.navarra.es\/index.php\/home\/escueladearte\" target=\"_blank\">\n\t\t\t\t\t\t\t<img fetchpriority=\"high\" decoding=\"async\" width=\"935\" height=\"494\" src=\"https:\/\/escueladeartesuperior.educacion.navarra.es\/web\/wp-content\/uploads\/2020\/01\/biblioteca.jpg\" class=\"attachment-large size-large wp-image-34287\" alt=\"biblioteca\" srcset=\"https:\/\/escueladeartesuperior.educacion.navarra.es\/web\/wp-content\/uploads\/2020\/01\/biblioteca.jpg 935w, https:\/\/escueladeartesuperior.educacion.navarra.es\/web\/wp-content\/uploads\/2020\/01\/biblioteca-300x159.jpg 300w, https:\/\/escueladeartesuperior.educacion.navarra.es\/web\/wp-content\/uploads\/2020\/01\/biblioteca-768x406.jpg 768w\" sizes=\"(max-width: 935px) 100vw, 935px\" \/>\t\t\t\t\t\t\t\t<\/a>\n\t\t\t\t\t\t\t\t\t\t\t\t\t\t\t<\/div>\n\t\t\t\t<\/div>\n\t\t\t\t<div class=\"elementor-element elementor-element-cfecd99 elementor-widget elementor-widget-text-editor\" data-id=\"cfecd99\" data-element_type=\"widget\" data-widget_type=\"text-editor.default\">\n\t\t\t\t<div class=\"elementor-widget-container\">\n\t\t\t\t\t\t\t<p>La <strong>Biblioteca<\/strong> de la EASD de Pamplona cuenta con un amplio fondo documental sobre temas de Arte, constituido por colecciones, publicaciones peri\u00f3dicas, material audiovisual, monograf\u00edas, cat\u00e1logos, diccionarios y enciclopedias.<br \/>Ofrece los servicios de Consulta en sala, Sala de Estudios y Servicio de Pr\u00e9stamo.<\/p><p>El <strong>Servicio de Pr\u00e9stamo<\/strong> de la Biblioteca de la EASD de Pamplona permite el uso de los fondos documentales fuera de sus instalaciones y horario. Para la utilizaci\u00f3n de dicho servicio es necesario darse de alta como usuario. Las personas ajenas a la Escuela que deseen consultar o solicitar en pr\u00e9stamo alguna publicaci\u00f3n, deber\u00e1n solicitarlo previamente a la Direcci\u00f3n del Centro.<\/p>\t\t\t\t\t\t<\/div>\n\t\t\t\t<\/div>\n\t\t\t\t\t<\/div>\n\t\t<\/div>\n\t\t\t\t\t\t\t<\/div>\n\t\t<\/section>\n\t\t\t\t<section class=\"elementor-section elementor-top-section elementor-element elementor-element-caa45cd elementor-section-boxed elementor-section-height-default elementor-section-height-default\" data-id=\"caa45cd\" data-element_type=\"section\">\n\t\t\t\t\t\t<div class=\"elementor-container elementor-column-gap-default\">\n\t\t\t\t\t<div class=\"elementor-column elementor-col-66 elementor-top-column elementor-element elementor-element-806dabf\" data-id=\"806dabf\" data-element_type=\"column\">\n\t\t\t<div class=\"elementor-widget-wrap elementor-element-populated\">\n\t\t\t\t\t\t\t\t<div class=\"elementor-element elementor-element-4a6db85 elementor-widget elementor-widget-html\" data-id=\"4a6db85\" data-element_type=\"widget\" data-widget_type=\"html.default\">\n\t\t\t\t<div class=\"elementor-widget-container\">\n\t\t\t<div class=\"becaespacio\"><h3 class=\"beca\">RESERVAS  Y RENOVACIONES<\/h3>\n<\/div>\n<div class=\"becatxt\">\n<b>por correo:<\/b><br\/>\n<b><a href=\"mailTo:ea.pamplona.biblioteca@educacion.navarra.es\">ea.pamplona.biblioteca@educacion.navarra.es<\/a><\/b><br\/><br\/>\n<b>a trav\u00e9s de Abies web<\/b>, es posible consultar el cat\u00e1logo, realizar consultas, reservar libros, ver el historial personal de pr\u00e9stamos, etc. Para acceder debes solicitar tu usuario y clave a los responsables de la biblioteca.<br\/><br\/>\n<ul>\n<li>introducir USUARIO y CLAVE<\/li>\n<li>clic en ENTRAR<\/li>\n<\/ul>\n<\/div>\t\t<\/div>\n\t\t\t\t<\/div>\n\t\t\t\t\t<\/div>\n\t\t<\/div>\n\t\t\t\t<div class=\"elementor-column elementor-col-33 elementor-top-column elementor-element elementor-element-01cace9\" data-id=\"01cace9\" data-element_type=\"column\">\n\t\t\t<div class=\"elementor-widget-wrap elementor-element-populated\">\n\t\t\t\t\t\t\t\t<div class=\"elementor-element elementor-element-417908a elementor-view-default elementor-position-top elementor-mobile-position-top elementor-widget elementor-widget-icon-box\" data-id=\"417908a\" data-element_type=\"widget\" data-widget_type=\"icon-box.default\">\n\t\t\t\t<div class=\"elementor-widget-container\">\n\t\t\t\t\t<div class=\"elementor-icon-box-wrapper\">\n\t\t\t\t\t\t<div class=\"elementor-icon-box-icon\">\n\t\t\t\t<a href=\"http:\/\/abies.educacion.navarra.es\/index.php\/home\/escueladearte\" target=\"_blank\" class=\"elementor-icon elementor-animation-\" tabindex=\"-1\">\n\t\t\t\t<i aria-hidden=\"true\" class=\"fas fa-book-open\"><\/i>\t\t\t\t<\/a>\n\t\t\t<\/div>\n\t\t\t\t\t\t<div class=\"elementor-icon-box-content\">\n\t\t\t\t<h3 class=\"elementor-icon-box-title\">\n\t\t\t\t\t<a href=\"http:\/\/abies.educacion.navarra.es\/index.php\/home\/escueladearte\" target=\"_blank\" >\n\t\t\t\t\t\tAcceso al cat\u00e1logo<br> de la biblioteca <br>de la EASD de Pamplona\n \t\t\t\t\t<\/a>\n\t\t\t\t<\/h3>\n\t\t\t\t\t\t\t<\/div>\n\t\t<\/div>\n\t\t\t\t<\/div>\n\t\t\t\t<\/div>\n\t\t\t\t\t<\/div>\n\t\t<\/div>\n\t\t\t\t\t\t\t<\/div>\n\t\t<\/section>\n\t\t\t\t<section class=\"elementor-section elementor-top-section elementor-element elementor-element-018cc4a elementor-section-boxed elementor-section-height-default elementor-section-height-default\" data-id=\"018cc4a\" data-element_type=\"section\">\n\t\t\t\t\t\t<div class=\"elementor-container elementor-column-gap-default\">\n\t\t\t\t\t<div class=\"elementor-column elementor-col-100 elementor-top-column elementor-element elementor-element-d621bb9\" data-id=\"d621bb9\" data-element_type=\"column\">\n\t\t\t<div class=\"elementor-widget-wrap elementor-element-populated\">\n\t\t\t\t\t\t\t\t<div class=\"elementor-element elementor-element-1b4accc elementor-widget elementor-widget-heading\" data-id=\"1b4accc\" data-element_type=\"widget\" data-widget_type=\"heading.default\">\n\t\t\t\t<div class=\"elementor-widget-container\">\n\t\t\t<h2 class=\"elementor-heading-title elementor-size-default\">ACTUALIDAD<\/h2>\t\t<\/div>\n\t\t\t\t<\/div>\n\t\t\t\t<div class=\"elementor-element elementor-element-4c39eef elementor-grid-3 elementor-grid-tablet-2 elementor-grid-mobile-1 elementor-widget elementor-widget-portfolio\" data-id=\"4c39eef\" data-element_type=\"widget\" data-settings=\"{&quot;columns&quot;:&quot;3&quot;,&quot;columns_tablet&quot;:&quot;2&quot;,&quot;columns_mobile&quot;:&quot;1&quot;,&quot;item_ratio&quot;:{&quot;unit&quot;:&quot;px&quot;,&quot;size&quot;:0.66,&quot;sizes&quot;:[]},&quot;item_gap&quot;:{&quot;unit&quot;:&quot;px&quot;,&quot;size&quot;:&quot;&quot;,&quot;sizes&quot;:[]},&quot;row_gap&quot;:{&quot;unit&quot;:&quot;px&quot;,&quot;size&quot;:&quot;&quot;,&quot;sizes&quot;:[]}}\" data-widget_type=\"portfolio.default\">\n\t\t\t\t<div class=\"elementor-widget-container\">\n\t\t\t\t\t<div class=\"elementor-portfolio elementor-grid elementor-posts-container\">\n\t\t\t\t<article class=\"elementor-portfolio-item elementor-post  post-52063 post type-post status-publish format-standard has-post-thumbnail category-actualidad category-bachillerato category-biblioteca category-grado-superior category-ebanisteria category-escultura category-exposiciones tag-arte-eskola tag-bachillerato tag-biskarreta tag-camino tag-ciclos tag-donejakue tag-escuela-de-arte tag-escuela-de-arte-de-pamplona tag-escuela-publica tag-iruneko_arte_eskola entry\">\n\t\t\t<a class=\"elementor-post__thumbnail__link\" href=\"https:\/\/escueladeartesuperior.educacion.navarra.es\/web\/blog\/bizkarreta-arte-y-literatura-en-un-campamento-de-carrozas\/\">\n\t\t\t\t<div class=\"elementor-portfolio-item__img elementor-post__thumbnail\">\n\t\t\t<img decoding=\"async\" width=\"300\" height=\"300\" src=\"https:\/\/escueladeartesuperior.educacion.navarra.es\/web\/wp-content\/uploads\/2025\/07\/1751654796035-02-300x300.jpg\" class=\"attachment-medium size-medium wp-image-52071\" alt=\"\" srcset=\"https:\/\/escueladeartesuperior.educacion.navarra.es\/web\/wp-content\/uploads\/2025\/07\/1751654796035-02-300x300.jpg 300w, https:\/\/escueladeartesuperior.educacion.navarra.es\/web\/wp-content\/uploads\/2025\/07\/1751654796035-02-1024x1024.jpg 1024w, https:\/\/escueladeartesuperior.educacion.navarra.es\/web\/wp-content\/uploads\/2025\/07\/1751654796035-02-150x150.jpg 150w, https:\/\/escueladeartesuperior.educacion.navarra.es\/web\/wp-content\/uploads\/2025\/07\/1751654796035-02-768x768.jpg 768w, https:\/\/escueladeartesuperior.educacion.navarra.es\/web\/wp-content\/uploads\/2025\/07\/1751654796035-02-1536x1536.jpg 1536w, https:\/\/escueladeartesuperior.educacion.navarra.es\/web\/wp-content\/uploads\/2025\/07\/1751654796035-02-2048x2048.jpg 2048w, https:\/\/escueladeartesuperior.educacion.navarra.es\/web\/wp-content\/uploads\/2025\/07\/1751654796035-02-75x75.jpg 75w\" sizes=\"(max-width: 300px) 100vw, 300px\" \/>\t\t<\/div>\n\t\t\t\t<div class=\"elementor-portfolio-item__overlay\">\n\t\t\t\t<h3 class=\"elementor-portfolio-item__title\">\n\t\tBizkarreta. Arte y literatura en un campamento de carrozas\t\t<\/h3>\n\t\t\t\t<\/div>\n\t\t\t\t<\/a>\n\t\t<\/article>\n\t\t\t\t<article class=\"elementor-portfolio-item elementor-post  post-43826 post type-post status-publish format-standard has-post-thumbnail category-biblioteca category-grado-superior category-en-portada category-ilustracion entry\">\n\t\t\t<a class=\"elementor-post__thumbnail__link\" href=\"https:\/\/escueladeartesuperior.educacion.navarra.es\/web\/blog\/logotipo-biblioteca-publica-de-tudela\/\">\n\t\t\t\t<div class=\"elementor-portfolio-item__img elementor-post__thumbnail\">\n\t\t\t<img decoding=\"async\" width=\"300\" height=\"215\" src=\"https:\/\/escueladeartesuperior.educacion.navarra.es\/web\/wp-content\/uploads\/2023\/04\/BP_Tudela_Simbolo_post-300x215.jpg\" class=\"attachment-medium size-medium wp-image-43847\" alt=\"\" srcset=\"https:\/\/escueladeartesuperior.educacion.navarra.es\/web\/wp-content\/uploads\/2023\/04\/BP_Tudela_Simbolo_post-300x215.jpg 300w, https:\/\/escueladeartesuperior.educacion.navarra.es\/web\/wp-content\/uploads\/2023\/04\/BP_Tudela_Simbolo_post-1024x735.jpg 1024w, https:\/\/escueladeartesuperior.educacion.navarra.es\/web\/wp-content\/uploads\/2023\/04\/BP_Tudela_Simbolo_post-768x552.jpg 768w, https:\/\/escueladeartesuperior.educacion.navarra.es\/web\/wp-content\/uploads\/2023\/04\/BP_Tudela_Simbolo_post-1536x1103.jpg 1536w, https:\/\/escueladeartesuperior.educacion.navarra.es\/web\/wp-content\/uploads\/2023\/04\/BP_Tudela_Simbolo_post.jpg 1842w\" sizes=\"(max-width: 300px) 100vw, 300px\" \/>\t\t<\/div>\n\t\t\t\t<div class=\"elementor-portfolio-item__overlay\">\n\t\t\t\t<h3 class=\"elementor-portfolio-item__title\">\n\t\tLogotipo Biblioteca P\u00fablica de Tudela\t\t<\/h3>\n\t\t\t\t<\/div>\n\t\t\t\t<\/a>\n\t\t<\/article>\n\t\t\t\t<article class=\"elementor-portfolio-item elementor-post  post-29708 post type-post status-publish format-standard has-post-thumbnail category-biblioteca category-portada category-otros-eventos category-videos tag-actividades tag-biblioteca tag-bookcrossing tag-escuela-de-arte-de-pamplona tag-iruneko_arte_eskola tag-libros entry\">\n\t\t\t<a class=\"elementor-post__thumbnail__link\" href=\"https:\/\/escueladeartesuperior.educacion.navarra.es\/web\/blog\/bookcrossing-2019-en-la-escuela-de-arte-de-pamplona\/\">\n\t\t\t\t<div class=\"elementor-portfolio-item__img elementor-post__thumbnail\">\n\t\t\t<img loading=\"lazy\" decoding=\"async\" width=\"300\" height=\"200\" src=\"https:\/\/escueladeartesuperior.educacion.navarra.es\/web\/wp-content\/uploads\/2019\/04\/Bookcrossing-en-la-Escuela-300x200.jpg\" class=\"attachment-medium size-medium wp-image-33406\" alt=\"Bookcrossing en la Escuela\" srcset=\"https:\/\/escueladeartesuperior.educacion.navarra.es\/web\/wp-content\/uploads\/2019\/04\/Bookcrossing-en-la-Escuela-300x200.jpg 300w, https:\/\/escueladeartesuperior.educacion.navarra.es\/web\/wp-content\/uploads\/2019\/04\/Bookcrossing-en-la-Escuela-768x512.jpg 768w, https:\/\/escueladeartesuperior.educacion.navarra.es\/web\/wp-content\/uploads\/2019\/04\/Bookcrossing-en-la-Escuela.jpg 920w\" sizes=\"(max-width: 300px) 100vw, 300px\" \/>\t\t<\/div>\n\t\t\t\t<div class=\"elementor-portfolio-item__overlay\">\n\t\t\t\t<h3 class=\"elementor-portfolio-item__title\">\n\t\tBookcrossing en la Escuela\t\t<\/h3>\n\t\t\t\t<\/div>\n\t\t\t\t<\/a>\n\t\t<\/article>\n\t\t\t\t<\/div>\n\t\t\t\t<\/div>\n\t\t\t\t<\/div>\n\t\t\t\t\t<\/div>\n\t\t<\/div>\n\t\t\t\t\t\t\t<\/div>\n\t\t<\/section>\n\t\t\t\t<section class=\"elementor-section elementor-top-section elementor-element elementor-element-4018db4 elementor-section-boxed elementor-section-height-default elementor-section-height-default\" data-id=\"4018db4\" data-element_type=\"section\">\n\t\t\t\t\t\t<div class=\"elementor-container elementor-column-gap-default\">\n\t\t\t\t\t<div class=\"elementor-column elementor-col-100 elementor-top-column elementor-element elementor-element-fe7e30a\" data-id=\"fe7e30a\" data-element_type=\"column\">\n\t\t\t<div class=\"elementor-widget-wrap elementor-element-populated\">\n\t\t\t\t\t\t\t\t<div class=\"elementor-element elementor-element-eec64b2 elementor-align-center elementor-widget elementor-widget-button\" data-id=\"eec64b2\" data-element_type=\"widget\" data-widget_type=\"button.default\">\n\t\t\t\t<div class=\"elementor-widget-container\">\n\t\t\t\t\t<div class=\"elementor-button-wrapper\">\n\t\t\t<a class=\"elementor-button elementor-button-link elementor-size-md\" href=\"https:\/\/escueladeartesuperior.educacion.navarra.es\/web\/la-escuela\/actualidad-escuela\/\">\n\t\t\t\t\t\t<span class=\"elementor-button-content-wrapper\">\n\t\t\t\t\t\t<span class=\"elementor-button-text\">Ver todas las novedades<\/span>\n\t\t<\/span>\n\t\t\t\t\t<\/a>\n\t\t<\/div>\n\t\t\t\t<\/div>\n\t\t\t\t<\/div>\n\t\t\t\t\t<\/div>\n\t\t<\/div>\n\t\t\t\t\t\t\t<\/div>\n\t\t<\/section>\n\t\t\t\t\t\t\t<\/div>\n\t\t","protected":false},"excerpt":{"rendered":"<p>La Biblioteca de la EASD de Pamplona cuenta con un amplio fondo documental sobre temas de Arte, constituido por colecciones, publicaciones peri\u00f3dicas, material audiovisual, monograf\u00edas, cat\u00e1logos, diccionarios y enciclopedias.Ofrece los servicios de Consulta en sala, Sala de Estudios y Servicio de Pr\u00e9stamo. El Servicio de Pr\u00e9stamo de la Biblioteca de la EASD de Pamplona permite [&hellip;]<\/p>\n","protected":false},"author":1,"featured_media":21443,"parent":31450,"menu_order":5,"comment_status":"closed","ping_status":"closed","template":"","meta":{"_genesis_hide_title":false,"_genesis_hide_breadcrumbs":false,"_genesis_hide_singular_image":false,"_genesis_hide_footer_widgets":false,"_genesis_custom_body_class":"","_genesis_custom_post_class":"","_genesis_layout":"","footnotes":""},"_links":{"self":[{"href":"https:\/\/escueladeartesuperior.educacion.navarra.es\/web\/wp-json\/wp\/v2\/pages\/31460"}],"collection":[{"href":"https:\/\/escueladeartesuperior.educacion.navarra.es\/web\/wp-json\/wp\/v2\/pages"}],"about":[{"href":"https:\/\/escueladeartesuperior.educacion.navarra.es\/web\/wp-json\/wp\/v2\/types\/page"}],"author":[{"embeddable":true,"href":"https:\/\/escueladeartesuperior.educacion.navarra.es\/web\/wp-json\/wp\/v2\/users\/1"}],"replies":[{"embeddable":true,"href":"https:\/\/escueladeartesuperior.educacion.navarra.es\/web\/wp-json\/wp\/v2\/comments?post=31460"}],"version-history":[{"count":76,"href":"https:\/\/escueladeartesuperior.educacion.navarra.es\/web\/wp-json\/wp\/v2\/pages\/31460\/revisions"}],"predecessor-version":[{"id":52563,"href":"https:\/\/escueladeartesuperior.educacion.navarra.es\/web\/wp-json\/wp\/v2\/pages\/31460\/revisions\/52563"}],"up":[{"embeddable":true,"href":"https:\/\/escueladeartesuperior.educacion.navarra.es\/web\/wp-json\/wp\/v2\/pages\/31450"}],"wp:featuredmedia":[{"embeddable":true,"href":"https:\/\/escueladeartesuperior.educacion.navarra.es\/web\/wp-json\/"}],"wp:attachment":[{"href":"https:\/\/escueladeartesuperior.educacion.navarra.es\/web\/wp-json\/wp\/v2\/media?parent=31460"}],"curies":[{"name":"wp","href":"https:\/\/api.w.org\/{rel}","templated":true}]}}