{"id":31450,"date":"2010-08-25T09:12:09","date_gmt":"2010-08-25T09:12:09","guid":{"rendered":"http:\/\/beta.escueladeartepamplona.com\/?page_id=2"},"modified":"2020-01-20T09:06:06","modified_gmt":"2020-01-20T08:06:06","slug":"la-escuela","status":"publish","type":"page","link":"https:\/\/escueladeartesuperior.educacion.navarra.es\/web\/la-escuela\/","title":{"rendered":"La Escuela"},"content":{"rendered":"\t\t<div data-elementor-type=\"wp-page\" data-elementor-id=\"31450\" class=\"elementor elementor-31450\" data-elementor-post-type=\"page\">\n\t\t\t\t\t\t\t\t\t<section class=\"elementor-section elementor-top-section elementor-element elementor-element-10448196 elementor-section-boxed elementor-section-height-default elementor-section-height-default\" data-id=\"10448196\" data-element_type=\"section\">\n\t\t\t\t\t\t<div class=\"elementor-container elementor-column-gap-default\">\n\t\t\t\t\t<div class=\"elementor-column elementor-col-100 elementor-top-column elementor-element elementor-element-34198994\" data-id=\"34198994\" data-element_type=\"column\">\n\t\t\t<div class=\"elementor-widget-wrap elementor-element-populated\">\n\t\t\t\t\t\t\t\t<div class=\"elementor-element elementor-element-5be3f5a9 elementor-widget elementor-widget-text-editor\" data-id=\"5be3f5a9\" data-element_type=\"widget\" data-widget_type=\"text-editor.default\">\n\t\t\t\t<div class=\"elementor-widget-container\">\n\t\t\t\t\t\t\t<ul>\n \t<li>La Escuela de Arte de Pamplona es un Centro p\u00fablico de ense\u00f1anzas de Ciclos Formativos, Bachillerato de Artes y FPE.<\/li>\n \t<li>Al edificio, construido en 1972, se le anexiona en 1995 el antiguo colegio Blanca de Navarra para completar la manzana delimitada por las calles Amaya, Iturralde y Suit, Olite y Castillo de Maya, en el II Ensanche de la ciudad. Su direcci\u00f3n oficial es Amaya, 27 bis.<\/li>\n \t<li>Nuestras ense\u00f1anzas -Ciclos Formativos, Bachillerato de Artes, y FPE- se imparten en r\u00e9gimen diurno de ense\u00f1anza; la Escuela de Arte de Pamplona conforma, junto con su hom\u00f3loga de Corella, la entidad docente del Gobierno de Navarra dedicada espec\u00edficamente a la ense\u00f1anza de disciplinas art\u00edsticas.<\/li>\n \t<li><span style=\"color: #181512\">Los Ciclos Formativos de Artes Pl\u00e1sticas y Dise\u00f1o y el Programa de Formaci\u00f3n&nbsp;Profesional Especial (FPE), que se imparten en la Escuela de Arte de Pamplona, son cofinanciados a trav\u00e9s del Ojetivo 3 del Fondo Social Europeo. Este es uno de los fondos con finalidad estructural que tiene la Uni\u00f3n Europea para la promoci\u00f3n y mejora de la Formaci\u00f3n Profesional, fomento de la ense\u00f1anza y asesoramiento, como parte de una pol\u00edtica de formaci\u00f3n cont\u00ednua.<\/span>.<\/li>\n<\/ul>\t\t\t\t\t\t<\/div>\n\t\t\t\t<\/div>\n\t\t\t\t\t<\/div>\n\t\t<\/div>\n\t\t\t\t\t\t\t<\/div>\n\t\t<\/section>\n\t\t\t\t\t\t\t<\/div>\n\t\t","protected":false},"excerpt":{"rendered":"<p>La Escuela de Arte de Pamplona es un Centro p\u00fablico de ense\u00f1anzas de Ciclos Formativos, Bachillerato de Artes y FPE. Al edificio, construido en 1972, se le anexiona en 1995 el antiguo colegio Blanca de Navarra para completar la manzana delimitada por las calles Amaya, Iturralde y Suit, Olite y Castillo de Maya, en el [&hellip;]<\/p>\n","protected":false},"author":1,"featured_media":20095,"parent":0,"menu_order":1,"comment_status":"closed","ping_status":"open","template":"","meta":{"_genesis_hide_title":false,"_genesis_hide_breadcrumbs":false,"_genesis_hide_singular_image":false,"_genesis_hide_footer_widgets":false,"_genesis_custom_body_class":"","_genesis_custom_post_class":"","_genesis_layout":"","footnotes":""},"_links":{"self":[{"href":"https:\/\/escueladeartesuperior.educacion.navarra.es\/web\/wp-json\/wp\/v2\/pages\/31450"}],"collection":[{"href":"https:\/\/escueladeartesuperior.educacion.navarra.es\/web\/wp-json\/wp\/v2\/pages"}],"about":[{"href":"https:\/\/escueladeartesuperior.educacion.navarra.es\/web\/wp-json\/wp\/v2\/types\/page"}],"author":[{"embeddable":true,"href":"https:\/\/escueladeartesuperior.educacion.navarra.es\/web\/wp-json\/wp\/v2\/users\/1"}],"replies":[{"embeddable":true,"href":"https:\/\/escueladeartesuperior.educacion.navarra.es\/web\/wp-json\/wp\/v2\/comments?post=31450"}],"version-history":[{"count":4,"href":"https:\/\/escueladeartesuperior.educacion.navarra.es\/web\/wp-json\/wp\/v2\/pages\/31450\/revisions"}],"predecessor-version":[{"id":34540,"href":"https:\/\/escueladeartesuperior.educacion.navarra.es\/web\/wp-json\/wp\/v2\/pages\/31450\/revisions\/34540"}],"wp:featuredmedia":[{"embeddable":true,"href":"https:\/\/escueladeartesuperior.educacion.navarra.es\/web\/wp-json\/"}],"wp:attachment":[{"href":"https:\/\/escueladeartesuperior.educacion.navarra.es\/web\/wp-json\/wp\/v2\/media?parent=31450"}],"curies":[{"name":"wp","href":"https:\/\/api.w.org\/{rel}","templated":true}]}}