{"id":16532,"date":"2017-09-26T20:49:10","date_gmt":"2017-09-26T18:49:10","guid":{"rendered":"http:\/\/escueladeartepamplona.paginadesarrollo.com\/?page_id=16532"},"modified":"2020-02-12T13:37:30","modified_gmt":"2020-02-12T12:37:30","slug":"dia-del-centro","status":"publish","type":"page","link":"https:\/\/escueladeartesuperior.educacion.navarra.es\/web\/eventos\/dia-del-centro\/","title":{"rendered":"D\u00eda del Centro"},"content":{"rendered":"\t\t<div data-elementor-type=\"wp-page\" data-elementor-id=\"16532\" class=\"elementor elementor-16532\" data-elementor-post-type=\"page\">\n\t\t\t\t\t\t\t\t\t<section class=\"elementor-section elementor-top-section elementor-element elementor-element-6846457 elementor-section-boxed elementor-section-height-default elementor-section-height-default\" data-id=\"6846457\" data-element_type=\"section\">\n\t\t\t\t\t\t<div class=\"elementor-container elementor-column-gap-default\">\n\t\t\t\t\t<div class=\"elementor-column elementor-col-100 elementor-top-column elementor-element elementor-element-318e53c\" data-id=\"318e53c\" data-element_type=\"column\">\n\t\t\t<div class=\"elementor-widget-wrap elementor-element-populated\">\n\t\t\t\t\t\t\t\t<div class=\"elementor-element elementor-element-7399985 elementor-widget elementor-widget-text-editor\" data-id=\"7399985\" data-element_type=\"widget\" data-widget_type=\"text-editor.default\">\n\t\t\t\t<div class=\"elementor-widget-container\">\n\t\t\t\t\t\t\t<p>El d\u00eda del centro de la Escuela de Arte es un evento que se celebra cada a\u00f1o en el mes de octubre. Entre las actividades que se realizan destacan: el homenaje de despedida a los compa\u00f1eros y compa\u00f1eras que se jubilan; se otorgan los premios, al mejor Expediente Acad\u00e9mico de Bachillerato y al mejor Proyecto Final de Ciclos. La sala de exposiciones del centro, se viste con los mejores trabajos y proyectos que el alumnado de los diferentes estudios que se ofertan, desarrolla a lo largo del curso anterior. Se invita a alg\u00fan representante del Departamento de Educaci\u00f3n que se encarga de presentar la apertura del acto. Se suele amenizar el evento con m\u00fasica de alumnado que pertenece alg\u00fan grupo, que toca alg\u00fan instrumento o que canta. Para finalizar con un lunch y un almuerzo de despedida.<\/p>\n\n\t\t\t\t\t\t<\/div>\n\t\t\t\t<\/div>\n\t\t\t\t\t<\/div>\n\t\t<\/div>\n\t\t\t\t\t\t\t<\/div>\n\t\t<\/section>\n\t\t\t\t<section class=\"elementor-section elementor-top-section elementor-element elementor-element-eb75329 elementor-section-boxed elementor-section-height-default elementor-section-height-default\" data-id=\"eb75329\" data-element_type=\"section\">\n\t\t\t\t\t\t<div class=\"elementor-container elementor-column-gap-default\">\n\t\t\t\t\t<div class=\"elementor-column elementor-col-100 elementor-top-column elementor-element elementor-element-d9a5ce3\" data-id=\"d9a5ce3\" data-element_type=\"column\">\n\t\t\t<div class=\"elementor-widget-wrap elementor-element-populated\">\n\t\t\t\t\t\t\t\t<div class=\"elementor-element elementor-element-92b9654 elementor-grid-3 elementor-grid-tablet-2 elementor-grid-mobile-1 elementor-posts--thumbnail-top elementor-card-shadow-yes elementor-posts__hover-gradient elementor-widget elementor-widget-posts\" data-id=\"92b9654\" data-element_type=\"widget\" data-settings=\"{&quot;pagination_type&quot;:&quot;numbers&quot;,&quot;cards_columns&quot;:&quot;3&quot;,&quot;cards_columns_tablet&quot;:&quot;2&quot;,&quot;cards_columns_mobile&quot;:&quot;1&quot;,&quot;cards_row_gap&quot;:{&quot;unit&quot;:&quot;px&quot;,&quot;size&quot;:35,&quot;sizes&quot;:[]},&quot;cards_row_gap_tablet&quot;:{&quot;unit&quot;:&quot;px&quot;,&quot;size&quot;:&quot;&quot;,&quot;sizes&quot;:[]},&quot;cards_row_gap_mobile&quot;:{&quot;unit&quot;:&quot;px&quot;,&quot;size&quot;:&quot;&quot;,&quot;sizes&quot;:[]}}\" data-widget_type=\"posts.cards\">\n\t\t\t\t<div class=\"elementor-widget-container\">\n\t\t\t\t\t<div class=\"elementor-posts-container elementor-posts elementor-posts--skin-cards elementor-grid\">\n\t\t\t\t<article class=\"elementor-post elementor-grid-item post-49676 post type-post status-publish format-standard has-post-thumbnail category-bachillerato category-grado-medio category-grado-superior category-dia-centro category-ebanisteria category-eess-diseno-interiores category-escultura category-exposiciones category-fotografia category-fpe category-grabado category-grafica-audiovisual category-ilustracion tag-ciclos tag-ciclos-de-grado-superior tag-creadores tag-escuela-de-arte tag-escuela-de-arte-de-pamplona tag-escuela-publica tag-iruneko_arte_eskola entry\">\n\t\t\t<div class=\"elementor-post__card\">\n\t\t\t\t<a class=\"elementor-post__thumbnail__link\" href=\"https:\/\/escueladeartesuperior.educacion.navarra.es\/web\/blog\/exposicion-erakusketa\/\" tabindex=\"-1\" ><div class=\"elementor-post__thumbnail\"><img fetchpriority=\"high\" decoding=\"async\" width=\"300\" height=\"208\" src=\"https:\/\/escueladeartesuperior.educacion.navarra.es\/web\/wp-content\/uploads\/2024\/10\/cartel_expo_alumando_2024-25apaisado-1-300x208.jpg\" class=\"attachment-medium size-medium wp-image-49723\" alt=\"\" srcset=\"https:\/\/escueladeartesuperior.educacion.navarra.es\/web\/wp-content\/uploads\/2024\/10\/cartel_expo_alumando_2024-25apaisado-1-300x208.jpg 300w, https:\/\/escueladeartesuperior.educacion.navarra.es\/web\/wp-content\/uploads\/2024\/10\/cartel_expo_alumando_2024-25apaisado-1-1024x710.jpg 1024w, https:\/\/escueladeartesuperior.educacion.navarra.es\/web\/wp-content\/uploads\/2024\/10\/cartel_expo_alumando_2024-25apaisado-1-768x532.jpg 768w, https:\/\/escueladeartesuperior.educacion.navarra.es\/web\/wp-content\/uploads\/2024\/10\/cartel_expo_alumando_2024-25apaisado-1-1536x1064.jpg 1536w, https:\/\/escueladeartesuperior.educacion.navarra.es\/web\/wp-content\/uploads\/2024\/10\/cartel_expo_alumando_2024-25apaisado-1.jpg 2000w\" sizes=\"(max-width: 300px) 100vw, 300px\" \/><\/div><\/a>\n\t\t\t\t<div class=\"elementor-post__badge\">Bachillerato de Artes<\/div>\n\t\t\t\t<div class=\"elementor-post__text\">\n\t\t\t\t<h3 class=\"elementor-post__title\">\n\t\t\t<a href=\"https:\/\/escueladeartesuperior.educacion.navarra.es\/web\/blog\/exposicion-erakusketa\/\" >\n\t\t\t\tExposici\u00f3n \/\/ Erakusketa\t\t\t<\/a>\n\t\t<\/h3>\n\t\t\n\t\t<a class=\"elementor-post__read-more\" href=\"https:\/\/escueladeartesuperior.educacion.navarra.es\/web\/blog\/exposicion-erakusketa\/\" aria-label=\"Read more about Exposici\u00f3n \/\/ Erakusketa\" tabindex=\"-1\" >\n\t\t\tLeer m\u00e1s \u00bb\t\t<\/a>\n\n\t\t\t\t<\/div>\n\t\t\t\t<div class=\"elementor-post__meta-data\">\n\t\t\t\t\t<span class=\"elementor-post-date\">\n\t\t\t9 de octubre de 2024\t\t<\/span>\n\t\t\t\t<\/div>\n\t\t\t\t\t<\/div>\n\t\t<\/article>\n\t\t\t\t<article class=\"elementor-post elementor-grid-item post-43045 post type-post status-publish format-standard has-post-thumbnail category-bachillerato category-dia-centro category-noticias tag-escuela-de-arte-de-pamplona tag-iruneko_arte_eskola entry\">\n\t\t\t<div class=\"elementor-post__card\">\n\t\t\t\t<a class=\"elementor-post__thumbnail__link\" href=\"https:\/\/escueladeartesuperior.educacion.navarra.es\/web\/blog\/good-night-big-star\/\" tabindex=\"-1\" ><div class=\"elementor-post__thumbnail\"><img decoding=\"async\" width=\"300\" height=\"169\" src=\"https:\/\/escueladeartesuperior.educacion.navarra.es\/web\/wp-content\/uploads\/2022\/12\/Patri4-300x169.png\" class=\"attachment-medium size-medium wp-image-43050\" alt=\"\" srcset=\"https:\/\/escueladeartesuperior.educacion.navarra.es\/web\/wp-content\/uploads\/2022\/12\/Patri4-300x169.png 300w, https:\/\/escueladeartesuperior.educacion.navarra.es\/web\/wp-content\/uploads\/2022\/12\/Patri4-1024x576.png 1024w, https:\/\/escueladeartesuperior.educacion.navarra.es\/web\/wp-content\/uploads\/2022\/12\/Patri4-768x432.png 768w, https:\/\/escueladeartesuperior.educacion.navarra.es\/web\/wp-content\/uploads\/2022\/12\/Patri4.png 1280w\" sizes=\"(max-width: 300px) 100vw, 300px\" \/><\/div><\/a>\n\t\t\t\t<div class=\"elementor-post__badge\">Bachillerato de Artes<\/div>\n\t\t\t\t<div class=\"elementor-post__text\">\n\t\t\t\t<h3 class=\"elementor-post__title\">\n\t\t\t<a href=\"https:\/\/escueladeartesuperior.educacion.navarra.es\/web\/blog\/good-night-big-star\/\" >\n\t\t\t\tGood night, big star\t\t\t<\/a>\n\t\t<\/h3>\n\t\t\n\t\t<a class=\"elementor-post__read-more\" href=\"https:\/\/escueladeartesuperior.educacion.navarra.es\/web\/blog\/good-night-big-star\/\" aria-label=\"Read more about Good night, big star\" tabindex=\"-1\" >\n\t\t\tLeer m\u00e1s \u00bb\t\t<\/a>\n\n\t\t\t\t<\/div>\n\t\t\t\t<div class=\"elementor-post__meta-data\">\n\t\t\t\t\t<span class=\"elementor-post-date\">\n\t\t\t11 de diciembre de 2022\t\t<\/span>\n\t\t\t\t<\/div>\n\t\t\t\t\t<\/div>\n\t\t<\/article>\n\t\t\t\t<article class=\"elementor-post elementor-grid-item post-42997 post type-post status-publish format-standard has-post-thumbnail category-bachillerato category-dia-centro category-fotografia category-noticias category-premios tag-escuela-de-arte-de-pamplona tag-iruneko_arte_eskola entry\">\n\t\t\t<div class=\"elementor-post__card\">\n\t\t\t\t<a class=\"elementor-post__thumbnail__link\" href=\"https:\/\/escueladeartesuperior.educacion.navarra.es\/web\/blog\/dia-del-centro-2023-eskolaren-eguna\/\" tabindex=\"-1\" ><div class=\"elementor-post__thumbnail\"><img decoding=\"async\" width=\"300\" height=\"225\" src=\"https:\/\/escueladeartesuperior.educacion.navarra.es\/web\/wp-content\/uploads\/2022\/12\/15DC2022-300x225.jpg\" class=\"attachment-medium size-medium wp-image-43012\" alt=\"\" srcset=\"https:\/\/escueladeartesuperior.educacion.navarra.es\/web\/wp-content\/uploads\/2022\/12\/15DC2022-300x225.jpg 300w, https:\/\/escueladeartesuperior.educacion.navarra.es\/web\/wp-content\/uploads\/2022\/12\/15DC2022-1024x768.jpg 1024w, https:\/\/escueladeartesuperior.educacion.navarra.es\/web\/wp-content\/uploads\/2022\/12\/15DC2022-768x576.jpg 768w, https:\/\/escueladeartesuperior.educacion.navarra.es\/web\/wp-content\/uploads\/2022\/12\/15DC2022-1536x1152.jpg 1536w, https:\/\/escueladeartesuperior.educacion.navarra.es\/web\/wp-content\/uploads\/2022\/12\/15DC2022-702x526.jpg 702w, https:\/\/escueladeartesuperior.educacion.navarra.es\/web\/wp-content\/uploads\/2022\/12\/15DC2022.jpg 2000w\" sizes=\"(max-width: 300px) 100vw, 300px\" \/><\/div><\/a>\n\t\t\t\t<div class=\"elementor-post__badge\">Bachillerato de Artes<\/div>\n\t\t\t\t<div class=\"elementor-post__text\">\n\t\t\t\t<h3 class=\"elementor-post__title\">\n\t\t\t<a href=\"https:\/\/escueladeartesuperior.educacion.navarra.es\/web\/blog\/dia-del-centro-2023-eskolaren-eguna\/\" >\n\t\t\t\tD\u00eda del Centro 2022 Eskolaren eguna\t\t\t<\/a>\n\t\t<\/h3>\n\t\t\n\t\t<a class=\"elementor-post__read-more\" href=\"https:\/\/escueladeartesuperior.educacion.navarra.es\/web\/blog\/dia-del-centro-2023-eskolaren-eguna\/\" aria-label=\"Read more about D\u00eda del Centro 2022 Eskolaren eguna\" tabindex=\"-1\" >\n\t\t\tLeer m\u00e1s \u00bb\t\t<\/a>\n\n\t\t\t\t<\/div>\n\t\t\t\t<div class=\"elementor-post__meta-data\">\n\t\t\t\t\t<span class=\"elementor-post-date\">\n\t\t\t11 de diciembre de 2022\t\t<\/span>\n\t\t\t\t<\/div>\n\t\t\t\t\t<\/div>\n\t\t<\/article>\n\t\t\t\t<article class=\"elementor-post elementor-grid-item post-39727 post type-post status-publish format-standard has-post-thumbnail category-dia-centro category-noticias category-premios entry\">\n\t\t\t<div class=\"elementor-post__card\">\n\t\t\t\t<a class=\"elementor-post__thumbnail__link\" href=\"https:\/\/escueladeartesuperior.educacion.navarra.es\/web\/blog\/dia-del-centro-2021-eskolaren-eguna\/\" tabindex=\"-1\" ><div class=\"elementor-post__thumbnail\"><img loading=\"lazy\" decoding=\"async\" width=\"300\" height=\"225\" src=\"https:\/\/escueladeartesuperior.educacion.navarra.es\/web\/wp-content\/uploads\/2021\/11\/B13391B7-D823-4640-B7B7-472F3AA4D301-300x225.jpeg\" class=\"attachment-medium size-medium wp-image-39710\" alt=\"\" srcset=\"https:\/\/escueladeartesuperior.educacion.navarra.es\/web\/wp-content\/uploads\/2021\/11\/B13391B7-D823-4640-B7B7-472F3AA4D301-300x225.jpeg 300w, https:\/\/escueladeartesuperior.educacion.navarra.es\/web\/wp-content\/uploads\/2021\/11\/B13391B7-D823-4640-B7B7-472F3AA4D301-768x576.jpeg 768w, https:\/\/escueladeartesuperior.educacion.navarra.es\/web\/wp-content\/uploads\/2021\/11\/B13391B7-D823-4640-B7B7-472F3AA4D301-702x526.jpeg 702w, https:\/\/escueladeartesuperior.educacion.navarra.es\/web\/wp-content\/uploads\/2021\/11\/B13391B7-D823-4640-B7B7-472F3AA4D301.jpeg 1024w\" sizes=\"(max-width: 300px) 100vw, 300px\" \/><\/div><\/a>\n\t\t\t\t<div class=\"elementor-post__badge\">d\u00eda centro<\/div>\n\t\t\t\t<div class=\"elementor-post__text\">\n\t\t\t\t<h3 class=\"elementor-post__title\">\n\t\t\t<a href=\"https:\/\/escueladeartesuperior.educacion.navarra.es\/web\/blog\/dia-del-centro-2021-eskolaren-eguna\/\" >\n\t\t\t\tD\u00eda del Centro 2021 Eskolaren eguna\t\t\t<\/a>\n\t\t<\/h3>\n\t\t\n\t\t<a class=\"elementor-post__read-more\" href=\"https:\/\/escueladeartesuperior.educacion.navarra.es\/web\/blog\/dia-del-centro-2021-eskolaren-eguna\/\" aria-label=\"Read more about D\u00eda del Centro 2021 Eskolaren eguna\" tabindex=\"-1\" >\n\t\t\tLeer m\u00e1s \u00bb\t\t<\/a>\n\n\t\t\t\t<\/div>\n\t\t\t\t<div class=\"elementor-post__meta-data\">\n\t\t\t\t\t<span class=\"elementor-post-date\">\n\t\t\t1 de diciembre de 2021\t\t<\/span>\n\t\t\t\t<\/div>\n\t\t\t\t\t<\/div>\n\t\t<\/article>\n\t\t\t\t<article class=\"elementor-post elementor-grid-item post-36647 post type-post status-publish format-standard has-post-thumbnail category-asistencia-al-producto-grafico-impreso category-bachillerato category-portada category-dia-centro category-en-portada category-noticias category-premios category-proyectos entry\">\n\t\t\t<div class=\"elementor-post__card\">\n\t\t\t\t<a class=\"elementor-post__thumbnail__link\" href=\"https:\/\/escueladeartesuperior.educacion.navarra.es\/web\/blog\/dia-del-centro\/\" tabindex=\"-1\" ><div class=\"elementor-post__thumbnail\"><img loading=\"lazy\" decoding=\"async\" width=\"300\" height=\"225\" src=\"https:\/\/escueladeartesuperior.educacion.navarra.es\/web\/wp-content\/uploads\/2020\/11\/0Diadelcentro2020-300x225.jpg\" class=\"attachment-medium size-medium wp-image-36674\" alt=\"\" srcset=\"https:\/\/escueladeartesuperior.educacion.navarra.es\/web\/wp-content\/uploads\/2020\/11\/0Diadelcentro2020-300x225.jpg 300w, https:\/\/escueladeartesuperior.educacion.navarra.es\/web\/wp-content\/uploads\/2020\/11\/0Diadelcentro2020-768x576.jpg 768w, https:\/\/escueladeartesuperior.educacion.navarra.es\/web\/wp-content\/uploads\/2020\/11\/0Diadelcentro2020-702x526.jpg 702w, https:\/\/escueladeartesuperior.educacion.navarra.es\/web\/wp-content\/uploads\/2020\/11\/0Diadelcentro2020.jpg 1024w\" sizes=\"(max-width: 300px) 100vw, 300px\" \/><\/div><\/a>\n\t\t\t\t<div class=\"elementor-post__badge\">Asistencia al producto gr\u00e1fico Impreso<\/div>\n\t\t\t\t<div class=\"elementor-post__text\">\n\t\t\t\t<h3 class=\"elementor-post__title\">\n\t\t\t<a href=\"https:\/\/escueladeartesuperior.educacion.navarra.es\/web\/blog\/dia-del-centro\/\" >\n\t\t\t\tEntrega de premios en el D\u00eda del Centro\t\t\t<\/a>\n\t\t<\/h3>\n\t\t\n\t\t<a class=\"elementor-post__read-more\" href=\"https:\/\/escueladeartesuperior.educacion.navarra.es\/web\/blog\/dia-del-centro\/\" aria-label=\"Read more about Entrega de premios en el D\u00eda del Centro\" tabindex=\"-1\" >\n\t\t\tLeer m\u00e1s \u00bb\t\t<\/a>\n\n\t\t\t\t<\/div>\n\t\t\t\t<div class=\"elementor-post__meta-data\">\n\t\t\t\t\t<span class=\"elementor-post-date\">\n\t\t\t5 de noviembre de 2020\t\t<\/span>\n\t\t\t\t<\/div>\n\t\t\t\t\t<\/div>\n\t\t<\/article>\n\t\t\t\t<article class=\"elementor-post elementor-grid-item post-28229 post type-post status-publish format-standard has-post-thumbnail category-bachillerato category-grado-medio category-grado-superior category-portada category-dia-centro category-premios category-sin-categorizar tag-arte-eskola tag-encuentros tag-escuela-de-arte-de-pamplona tag-escultura tag-iruneko_arte_eskola tag-jubilaciones tag-musica tag-premio-mejor-expediente-bachillerato tag-premios-extraordinarios-fp entry\">\n\t\t\t<div class=\"elementor-post__card\">\n\t\t\t\t<a class=\"elementor-post__thumbnail__link\" href=\"https:\/\/escueladeartesuperior.educacion.navarra.es\/web\/blog\/dia-del-centro-2018-eskolaren-eguna\/\" tabindex=\"-1\" ><div class=\"elementor-post__thumbnail\"><img loading=\"lazy\" decoding=\"async\" width=\"300\" height=\"200\" src=\"https:\/\/escueladeartesuperior.educacion.navarra.es\/web\/wp-content\/uploads\/2018\/10\/D\u00eda-del-centro-2018-Eskolaren-Eguna-300x200.jpg\" class=\"attachment-medium size-medium wp-image-33496\" alt=\"D\u00eda del centro 2018 Eskolaren Eguna\" srcset=\"https:\/\/escueladeartesuperior.educacion.navarra.es\/web\/wp-content\/uploads\/2018\/10\/D\u00eda-del-centro-2018-Eskolaren-Eguna-300x200.jpg 300w, https:\/\/escueladeartesuperior.educacion.navarra.es\/web\/wp-content\/uploads\/2018\/10\/D\u00eda-del-centro-2018-Eskolaren-Eguna-768x512.jpg 768w, https:\/\/escueladeartesuperior.educacion.navarra.es\/web\/wp-content\/uploads\/2018\/10\/D\u00eda-del-centro-2018-Eskolaren-Eguna.jpg 920w\" sizes=\"(max-width: 300px) 100vw, 300px\" \/><\/div><\/a>\n\t\t\t\t<div class=\"elementor-post__badge\">Bachillerato de Artes<\/div>\n\t\t\t\t<div class=\"elementor-post__text\">\n\t\t\t\t<h3 class=\"elementor-post__title\">\n\t\t\t<a href=\"https:\/\/escueladeartesuperior.educacion.navarra.es\/web\/blog\/dia-del-centro-2018-eskolaren-eguna\/\" >\n\t\t\t\tD\u00eda del centro 2018 Eskolaren Eguna\t\t\t<\/a>\n\t\t<\/h3>\n\t\t\n\t\t<a class=\"elementor-post__read-more\" href=\"https:\/\/escueladeartesuperior.educacion.navarra.es\/web\/blog\/dia-del-centro-2018-eskolaren-eguna\/\" aria-label=\"Read more about D\u00eda del centro 2018 Eskolaren Eguna\" tabindex=\"-1\" >\n\t\t\tLeer m\u00e1s \u00bb\t\t<\/a>\n\n\t\t\t\t<\/div>\n\t\t\t\t<div class=\"elementor-post__meta-data\">\n\t\t\t\t\t<span class=\"elementor-post-date\">\n\t\t\t21 de octubre de 2018\t\t<\/span>\n\t\t\t\t<\/div>\n\t\t\t\t\t<\/div>\n\t\t<\/article>\n\t\t\t\t<\/div>\n\t\t\n\t\t\t\t<div class=\"e-load-more-anchor\" data-page=\"1\" data-max-page=\"2\" data-next-page=\"https:\/\/escueladeartesuperior.educacion.navarra.es\/web\/wp-json\/wp\/v2\/pages\/16532\/page\/2\/\"><\/div>\n\t\t\t\t<nav class=\"elementor-pagination\" aria-label=\"Pagination\">\n\t\t\t<span aria-current=\"page\" class=\"page-numbers current\"><span class=\"elementor-screen-only\">Page<\/span>1<\/span>\n<a class=\"page-numbers\" href=\"https:\/\/escueladeartesuperior.educacion.navarra.es\/web\/wp-json\/wp\/v2\/pages\/16532\/page\/2\/\"><span class=\"elementor-screen-only\">Page<\/span>2<\/a>\t\t<\/nav>\n\t\t\t\t<\/div>\n\t\t\t\t<\/div>\n\t\t\t\t\t<\/div>\n\t\t<\/div>\n\t\t\t\t\t\t\t<\/div>\n\t\t<\/section>\n\t\t\t\t\t\t\t<\/div>\n\t\t","protected":false},"excerpt":{"rendered":"<p>El d\u00eda del centro de la Escuela de Arte es un evento que se celebra cada a\u00f1o en el mes de octubre. Entre las actividades<\/p>\n","protected":false},"author":1,"featured_media":20094,"parent":16535,"menu_order":0,"comment_status":"closed","ping_status":"closed","template":"","meta":{"_genesis_hide_title":false,"_genesis_hide_breadcrumbs":false,"_genesis_hide_singular_image":false,"_genesis_hide_footer_widgets":false,"_genesis_custom_body_class":"","_genesis_custom_post_class":"","_genesis_layout":"","footnotes":""},"_links":{"self":[{"href":"https:\/\/escueladeartesuperior.educacion.navarra.es\/web\/wp-json\/wp\/v2\/pages\/16532"}],"collection":[{"href":"https:\/\/escueladeartesuperior.educacion.navarra.es\/web\/wp-json\/wp\/v2\/pages"}],"about":[{"href":"https:\/\/escueladeartesuperior.educacion.navarra.es\/web\/wp-json\/wp\/v2\/types\/page"}],"author":[{"embeddable":true,"href":"https:\/\/escueladeartesuperior.educacion.navarra.es\/web\/wp-json\/wp\/v2\/users\/1"}],"replies":[{"embeddable":true,"href":"https:\/\/escueladeartesuperior.educacion.navarra.es\/web\/wp-json\/wp\/v2\/comments?post=16532"}],"version-history":[{"count":17,"href":"https:\/\/escueladeartesuperior.educacion.navarra.es\/web\/wp-json\/wp\/v2\/pages\/16532\/revisions"}],"predecessor-version":[{"id":35539,"href":"https:\/\/escueladeartesuperior.educacion.navarra.es\/web\/wp-json\/wp\/v2\/pages\/16532\/revisions\/35539"}],"up":[{"embeddable":true,"href":"https:\/\/escueladeartesuperior.educacion.navarra.es\/web\/wp-json\/wp\/v2\/pages\/16535"}],"wp:featuredmedia":[{"embeddable":true,"href":"https:\/\/escueladeartesuperior.educacion.navarra.es\/web\/wp-json\/"}],"wp:attachment":[{"href":"https:\/\/escueladeartesuperior.educacion.navarra.es\/web\/wp-json\/wp\/v2\/media?parent=16532"}],"curies":[{"name":"wp","href":"https:\/\/api.w.org\/{rel}","templated":true}]}}