{"id":15997,"date":"2017-06-20T20:21:59","date_gmt":"2017-06-20T18:21:59","guid":{"rendered":"http:\/\/escueladeartepamplona.paginadesarrollo.com\/?page_id=15997"},"modified":"2020-01-23T10:31:51","modified_gmt":"2020-01-23T09:31:51","slug":"aviso-legal","status":"publish","type":"page","link":"https:\/\/escueladeartesuperior.educacion.navarra.es\/web\/aviso-legal\/","title":{"rendered":"Aviso legal y pol\u00edtica de privacidad"},"content":{"rendered":"\t\t<div data-elementor-type=\"wp-page\" data-elementor-id=\"15997\" class=\"elementor elementor-15997\" data-elementor-post-type=\"page\">\n\t\t\t\t\t\t\t\t\t<section class=\"elementor-section elementor-top-section elementor-element elementor-element-46686e27 elementor-section-boxed elementor-section-height-default elementor-section-height-default\" data-id=\"46686e27\" data-element_type=\"section\">\n\t\t\t\t\t\t<div class=\"elementor-container elementor-column-gap-default\">\n\t\t\t\t\t<div class=\"elementor-column elementor-col-100 elementor-top-column elementor-element elementor-element-d89596c\" data-id=\"d89596c\" data-element_type=\"column\">\n\t\t\t<div class=\"elementor-widget-wrap elementor-element-populated\">\n\t\t\t\t\t\t\t\t<div class=\"elementor-element elementor-element-6f9e8b38 elementor-widget elementor-widget-text-editor\" data-id=\"6f9e8b38\" data-element_type=\"widget\" data-widget_type=\"text-editor.default\">\n\t\t\t\t<div class=\"elementor-widget-container\">\n\t\t\t\t\t\t\t<p>Este documento regula el uso del servicio que Escuela de Arte y Superior de Dise\u00f1o de Pamplona facilita a los usuarios de Internet. La utilizaci\u00f3n de este sitio web supone la aceptaci\u00f3n de dichas condiciones, que en cualquier momento podr\u00e1n ser modificadas por Escuela de Arte y Superior de Dise\u00f1o de Pamplona.<\/p>\t\t\t\t\t\t<\/div>\n\t\t\t\t<\/div>\n\t\t\t\t<div class=\"elementor-element elementor-element-46d9142 elementor-widget elementor-widget-heading\" data-id=\"46d9142\" data-element_type=\"widget\" data-widget_type=\"heading.default\">\n\t\t\t\t<div class=\"elementor-widget-container\">\n\t\t\t<h3 class=\"elementor-heading-title elementor-size-default\">PROTECCI\u00d3N DE DATOS<\/h3>\t\t<\/div>\n\t\t\t\t<\/div>\n\t\t\t\t<div class=\"elementor-element elementor-element-986d7bc elementor-widget elementor-widget-text-editor\" data-id=\"986d7bc\" data-element_type=\"widget\" data-widget_type=\"text-editor.default\">\n\t\t\t\t<div class=\"elementor-widget-container\">\n\t\t\t\t\t\t\t<p>Escuela de Arte y Superior de Dise\u00f1o de Pamplona se compromete a tratar todos los datos facilitados por los visitantes de su sitio web en internet con total confidencialidad.<\/p>\n\n<p>Cualquier dato ser\u00e1 incluido en un fichero conservado con la debida confidencialidad y seguridad conforme a la Ley Org\u00e1nica 15\/1999, de 13 de diciembre.<\/p>\n\nEl usuario podr\u00e1 en todo momento acceder a sus datos, modificarlos o cancelarlos, y esto lo podr\u00e1 hacer mediante correo electr\u00f3nico a: <a href=\"mailTo:ea.pamplona@educacion.navarra.es\">ea.pamplona@educacion.navarra.es<\/a>\t\t\t\t\t\t<\/div>\n\t\t\t\t<\/div>\n\t\t\t\t<div class=\"elementor-element elementor-element-008853b elementor-widget elementor-widget-heading\" data-id=\"008853b\" data-element_type=\"widget\" data-widget_type=\"heading.default\">\n\t\t\t\t<div class=\"elementor-widget-container\">\n\t\t\t<h3 class=\"elementor-heading-title elementor-size-default\">PROPIEDAD INTELECTUAL<\/h3>\t\t<\/div>\n\t\t\t\t<\/div>\n\t\t\t\t<div class=\"elementor-element elementor-element-0c521ec elementor-widget elementor-widget-text-editor\" data-id=\"0c521ec\" data-element_type=\"widget\" data-widget_type=\"text-editor.default\">\n\t\t\t\t<div class=\"elementor-widget-container\">\n\t\t\t\t\t\t\t<p>Este sitio web y sus contenidos se encuentran protegidos por las leyes espa\u00f1olas e internacionales sobre propiedad Intelectual e Industrial..<\/p>\t\t\t\t\t\t<\/div>\n\t\t\t\t<\/div>\n\t\t\t\t<div class=\"elementor-element elementor-element-dee95ba elementor-widget elementor-widget-heading\" data-id=\"dee95ba\" data-element_type=\"widget\" data-widget_type=\"heading.default\">\n\t\t\t\t<div class=\"elementor-widget-container\">\n\t\t\t<h3 class=\"elementor-heading-title elementor-size-default\">INFORMACI\u00d3N LEY 34\/2002<\/h3>\t\t<\/div>\n\t\t\t\t<\/div>\n\t\t\t\t<div class=\"elementor-element elementor-element-396451d elementor-widget elementor-widget-text-editor\" data-id=\"396451d\" data-element_type=\"widget\" data-widget_type=\"text-editor.default\">\n\t\t\t\t<div class=\"elementor-widget-container\">\n\t\t\t\t\t\t\t<p>En cumplimiento con lo establecido en la Ley 34\/2002, de 11 de julio, de Servicios de la Sociedad de la Informaci\u00f3n, los datos de informaci\u00f3n general de este sitio web son:<\/p>\n<ul>\n \t<li>Escuela de Arte y Superior de Dise\u00f1o de Pamplona<\/li>\n \t<li>C\/ Amaya 27. 31004 Pamplona, Navarra<\/li>\n \t<li>Correo electr\u00f3nico: <a href=\"mailTo:ea.pamplona@educacion.navarra.es\">ea.pamplona@educacion.navarra.es<\/a><\/li>\n<\/ul>\t\t\t\t\t\t<\/div>\n\t\t\t\t<\/div>\n\t\t\t\t<div class=\"elementor-element elementor-element-f24d302 elementor-widget elementor-widget-heading\" data-id=\"f24d302\" data-element_type=\"widget\" data-widget_type=\"heading.default\">\n\t\t\t\t<div class=\"elementor-widget-container\">\n\t\t\t<h3 class=\"elementor-heading-title elementor-size-default\">INFORMACI\u00d3N REFERENTE AL USO DE LA DIRECCI\u00d3N DE CONTACTO OFRECIDA EN LA P\u00c1GINA WEB<\/h3>\t\t<\/div>\n\t\t\t\t<\/div>\n\t\t\t\t<div class=\"elementor-element elementor-element-458ec31 elementor-widget elementor-widget-text-editor\" data-id=\"458ec31\" data-element_type=\"widget\" data-widget_type=\"text-editor.default\">\n\t\t\t\t<div class=\"elementor-widget-container\">\n\t\t\t\t\t\t\t<p>El env\u00edo de un correo electr\u00f3nico utilizando las direcciones de contacto que aparecen en la p\u00e1gina implica el consentimiento expreso del usuario para el uso por Escuela de Arte y Superior de Dise\u00f1o de Pamplona, de su direcci\u00f3n de correo electr\u00f3nico con el fin de dar respuesta a su consulta mediante el env\u00edo de correo electr\u00f3nico as\u00ed como, en su caso, para darle una respuesta por otro medio de comunicaci\u00f3n electr\u00f3nica equivalente al correo electr\u00f3nico.\n\n<\/p>\t\t\t\t\t\t<\/div>\n\t\t\t\t<\/div>\n\t\t\t\t\t<\/div>\n\t\t<\/div>\n\t\t\t\t\t\t\t<\/div>\n\t\t<\/section>\n\t\t\t\t\t\t\t<\/div>\n\t\t","protected":false},"excerpt":{"rendered":"<p>Este documento regula el uso del servicio que Escuela de Arte y Superior de Dise\u00f1o de Pamplona facilita a los usuarios de Internet. La utilizaci\u00f3n de este sitio web supone la aceptaci\u00f3n de dichas condiciones, que en cualquier momento podr\u00e1n ser modificadas por Escuela de Arte y Superior de Dise\u00f1o de Pamplona. PROTECCI\u00d3N DE DATOS [&hellip;]<\/p>\n","protected":false},"author":1,"featured_media":20094,"parent":0,"menu_order":0,"comment_status":"closed","ping_status":"closed","template":"","meta":{"_genesis_hide_title":false,"_genesis_hide_breadcrumbs":false,"_genesis_hide_singular_image":false,"_genesis_hide_footer_widgets":false,"_genesis_custom_body_class":"","_genesis_custom_post_class":"","_genesis_layout":"","footnotes":""},"_links":{"self":[{"href":"https:\/\/escueladeartesuperior.educacion.navarra.es\/web\/wp-json\/wp\/v2\/pages\/15997"}],"collection":[{"href":"https:\/\/escueladeartesuperior.educacion.navarra.es\/web\/wp-json\/wp\/v2\/pages"}],"about":[{"href":"https:\/\/escueladeartesuperior.educacion.navarra.es\/web\/wp-json\/wp\/v2\/types\/page"}],"author":[{"embeddable":true,"href":"https:\/\/escueladeartesuperior.educacion.navarra.es\/web\/wp-json\/wp\/v2\/users\/1"}],"replies":[{"embeddable":true,"href":"https:\/\/escueladeartesuperior.educacion.navarra.es\/web\/wp-json\/wp\/v2\/comments?post=15997"}],"version-history":[{"count":18,"href":"https:\/\/escueladeartesuperior.educacion.navarra.es\/web\/wp-json\/wp\/v2\/pages\/15997\/revisions"}],"predecessor-version":[{"id":34816,"href":"https:\/\/escueladeartesuperior.educacion.navarra.es\/web\/wp-json\/wp\/v2\/pages\/15997\/revisions\/34816"}],"wp:featuredmedia":[{"embeddable":true,"href":"https:\/\/escueladeartesuperior.educacion.navarra.es\/web\/wp-json\/"}],"wp:attachment":[{"href":"https:\/\/escueladeartesuperior.educacion.navarra.es\/web\/wp-json\/wp\/v2\/media?parent=15997"}],"curies":[{"name":"wp","href":"https:\/\/api.w.org\/{rel}","templated":true}]}}