{"id":11299,"date":"2014-12-02T15:16:26","date_gmt":"2014-12-02T13:16:26","guid":{"rendered":"http:\/\/www.escueladeartepamplona.com\/?page_id=11299"},"modified":"2014-12-02T15:16:26","modified_gmt":"2014-12-02T13:16:26","slug":"mas-informacion-erasmus","status":"publish","type":"page","link":"https:\/\/escueladeartesuperior.educacion.navarra.es\/web\/internacionalizacion\/mas-informacion-erasmus\/","title":{"rendered":"M\u00e1s informaci\u00f3n sobre Erasmus +"},"content":{"rendered":"<h3><span style=\"color: #0000ff\"><a href=\"http:\/\/escueladeartepamplona.paginadesarrollo.com\/wp-content\/uploads\/269849-Charter-version-ES-firmado.jpg\" target=\"_blank\" rel=\"noopener noreferrer\"><span style=\"color: #0000ff\"><img decoding=\"async\" class=\"aligncenter\" style=\"border: 0px none\" src=\"http:\/\/escueladeartepamplona.paginadesarrollo.com\/wp-content\/uploads\/269849-Charter-version-ES-firmado-80x80.jpg\" alt=\"Microsoft Word - 269849 - Charter version ES.docx\" width=\"59\" height=\"59\" \/><\/span><\/a><\/span><\/h3>\n<h3 style=\"text-align: right\"><\/h3>\n<h3 style=\"text-align: center\"><span style=\"color: #0000ff\">CARTA ERASMUS DE EDUCACI\u00d3N SUPERIOR 2014-2020<\/span><\/h3>\n<blockquote>\n<h3><span style=\"color: #0000ff\">\u00bfPara obtener m\u00e1s informaci\u00f3n?<\/span><\/h3>\n<ul>\n<li><strong><span style=\"color: #3366ff\"><a href=\"http:\/\/www.navarra.es\/home_es\/Servicios\/ficha\/1964\/Becas-para-realizar-estancias-en-empresas-de-la-Union-Europea\" target=\"_blank\" rel=\"noopener noreferrer\"><span style=\"color: #3366ff\">ERASMUS+ CURSO_2016-17<\/span><\/a><\/span>\u00a0<\/strong> (P\u00e1gina del Departamento de Educaci\u00f3n del Gobierno de Navarra sobre la convocatoria de Becas ERASMUS+ para el curso 2017-18)<\/li>\n<li><span style=\"color: #3366ff\"><strong><a href=\"http:\/\/ec.europa.eu\/programmes\/erasmus-plus\/discover\/index_es.htm\" target=\"_blank\" rel=\"noopener noreferrer\"><span style=\"color: #3366ff\">ERASMUS<\/span><\/a><\/strong>+<\/span> (P\u00e1gina de la Comisi\u00f3n Europea sobre las becas Erasmus+)<\/li>\n<li><span style=\"color: #3366ff\"><a href=\"http:\/\/escueladeartepamplona.paginadesarrollo.com\/wp-content\/uploads\/Europass_INFORMACION-CENTROS-FP.pdf\" target=\"_blank\" rel=\"noopener noreferrer\"><span style=\"color: #3366ff\"><strong>INFORMACI\u00d3N<\/strong> <\/span><\/a><strong><a href=\"http:\/\/escueladeartepamplona.paginadesarrollo.com\/wp-content\/uploads\/Europass_INFORMACION-CENTROS-FP.pdf\" target=\"_blank\" rel=\"noopener noreferrer\"><span style=\"color: #3366ff\">EUROPASS<\/span><\/a><\/strong><\/span>. (Expediente personal\u00a0 que permite comunicar y presentar\u00a0 sus cualificaciones y competencias en toda Europa, para la b\u00fasqueda de trabajo o solicitar la admisi\u00f3n en alg\u00fan programa educativo o formativo.)<\/li>\n<\/ul>\n<\/blockquote>\n<p>&nbsp;<\/p>\n<blockquote>\n<h3><span style=\"color: #0000ff\">Contacto en el centro<\/span><\/h3>\n<p><span style=\"color: #000000\">Jefe de Departamento de Relaciones Profesionales Externas: Dn. <b>David Artigas<\/b>.<\/span><br \/>\n<span style=\"color: #3366ff\">ea.pamplona.apexternas@educacion.navarra.es<br \/>\n<span style=\"color: #3366ff\">ea.pamplona.internacionalizacion@educacion.navarra.es<\/span><\/span><\/p><\/blockquote>\n<p>&nbsp;<\/p>\n<blockquote>\n<h3><span style=\"color: #0000ff\">Contacto en el Departamento de Educaci\u00f3n del gobierno de Navarra<\/span><\/h3>\n<p><span style=\"color: #000000\"><strong>Servicio de Formaci\u00f3n Profesional. Negociado de Internacionalizaci\u00f3n de la FP<\/strong><\/span><br \/>\n<span style=\"color: #000000\">Santo Domingo 8 \u2013 31001 PAMPLONA<\/span><br \/>\n<span style=\"color: #000000\">T. 848 426 398<\/span><br \/>\n<span style=\"color: #3366ff\"> <strong>fpeuropa@navarra.es<\/strong><\/span><\/p><\/blockquote>\n","protected":false},"excerpt":{"rendered":"<p>CARTA ERASMUS DE EDUCACI\u00d3N SUPERIOR 2014-2020 \u00bfPara obtener m\u00e1s informaci\u00f3n? ERASMUS+ CURSO_2016-17\u00a0 (P\u00e1gina del Departamento de Educaci\u00f3n del Gobierno de Navarra sobre la convocatoria de Becas ERASMUS+ para el curso 2017-18) ERASMUS+ (P\u00e1gina de la Comisi\u00f3n Europea sobre las becas Erasmus+) INFORMACI\u00d3N EUROPASS. (Expediente personal\u00a0 que permite comunicar y presentar\u00a0 sus cualificaciones y competencias en [&hellip;]<\/p>\n","protected":false},"author":1,"featured_media":20095,"parent":10544,"menu_order":3,"comment_status":"closed","ping_status":"closed","template":"","meta":{"_genesis_hide_title":false,"_genesis_hide_breadcrumbs":false,"_genesis_hide_singular_image":false,"_genesis_hide_footer_widgets":false,"_genesis_custom_body_class":"","_genesis_custom_post_class":"","_genesis_layout":"","footnotes":""},"_links":{"self":[{"href":"https:\/\/escueladeartesuperior.educacion.navarra.es\/web\/wp-json\/wp\/v2\/pages\/11299"}],"collection":[{"href":"https:\/\/escueladeartesuperior.educacion.navarra.es\/web\/wp-json\/wp\/v2\/pages"}],"about":[{"href":"https:\/\/escueladeartesuperior.educacion.navarra.es\/web\/wp-json\/wp\/v2\/types\/page"}],"author":[{"embeddable":true,"href":"https:\/\/escueladeartesuperior.educacion.navarra.es\/web\/wp-json\/wp\/v2\/users\/1"}],"replies":[{"embeddable":true,"href":"https:\/\/escueladeartesuperior.educacion.navarra.es\/web\/wp-json\/wp\/v2\/comments?post=11299"}],"version-history":[{"count":0,"href":"https:\/\/escueladeartesuperior.educacion.navarra.es\/web\/wp-json\/wp\/v2\/pages\/11299\/revisions"}],"up":[{"embeddable":true,"href":"https:\/\/escueladeartesuperior.educacion.navarra.es\/web\/wp-json\/wp\/v2\/pages\/10544"}],"wp:featuredmedia":[{"embeddable":true,"href":"https:\/\/escueladeartesuperior.educacion.navarra.es\/web\/wp-json\/"}],"wp:attachment":[{"href":"https:\/\/escueladeartesuperior.educacion.navarra.es\/web\/wp-json\/wp\/v2\/media?parent=11299"}],"curies":[{"name":"wp","href":"https:\/\/api.w.org\/{rel}","templated":true}]}}