{"id":69,"date":"2023-01-24T09:30:43","date_gmt":"2023-01-24T09:30:43","guid":{"rendered":"https:\/\/escueladeartesuperior.educacion.navarra.es\/web\/50aniversario\/?page_id=69"},"modified":"2023-05-30T08:48:53","modified_gmt":"2023-05-30T06:48:53","slug":"50-aniversario-2","status":"publish","type":"page","link":"https:\/\/escueladeartesuperior.educacion.navarra.es\/web\/50aniversario\/50-aniversario-2\/","title":{"rendered":"50 aniversario"},"content":{"rendered":"\n<div class=\"wp-block-columns is-layout-flex wp-container-core-columns-is-layout-27a694fc wp-block-columns-is-layout-flex\" style=\"margin-top:0px;margin-bottom:0px;padding-top:0;padding-right:0;padding-bottom:0;padding-left:0\">\n<div class=\"wp-block-column is-layout-flow wp-block-column-is-layout-flow\">\n<p>Ahora que se cumple el cincuenta aniversario de la Escuela de Arte de Pamplona en el actual emplazamiento de la calle Amaya, hay buenos motivos para celebrarlo.<\/p>\n\n\n\n<p>La Escuela ha pasado por distintos momentos y planes educativos, llegando a d\u00eda de hoy con energ\u00edas renovadas. Es cierto que vivimos en tiempos convulsos y de gran incertidumbre. Se ha pasado, en relativo poco tiempo, del paradigma de las artes pl\u00e1sticas al de las artes visuales, de lo anal\u00f3gico, al dominio de lo digital. Todo cambia, nada es igual hoy a como fue ayer.<\/p>\n<\/div>\n\n\n\n<div class=\"wp-block-column is-layout-flow wp-block-column-is-layout-flow\">\n<figure class=\"wp-block-image aligncenter size-full is-resized\"><img loading=\"lazy\" decoding=\"async\" src=\"https:\/\/escueladeartesuperior.educacion.navarra.es\/web\/50aniversario\/wp-content\/uploads\/2023\/01\/imagotipo.jpg\" alt=\"marca 50 aniversario escuela de arte de pamplona\" class=\"wp-image-19\" width=\"254\" height=\"254\" srcset=\"https:\/\/escueladeartesuperior.educacion.navarra.es\/web\/50aniversario\/wp-content\/uploads\/2023\/01\/imagotipo.jpg 650w, https:\/\/escueladeartesuperior.educacion.navarra.es\/web\/50aniversario\/wp-content\/uploads\/2023\/01\/imagotipo-300x300.jpg 300w, https:\/\/escueladeartesuperior.educacion.navarra.es\/web\/50aniversario\/wp-content\/uploads\/2023\/01\/imagotipo-150x150.jpg 150w\" sizes=\"auto, (max-width: 254px) 100vw, 254px\" \/><\/figure>\n\n\n\n<hr class=\"wp-block-separator has-text-color has-ast-global-color-8-color has-alpha-channel-opacity has-ast-global-color-8-background-color has-background\" style=\"margin-top:var(--wp--preset--spacing--50);margin-bottom:var(--wp--preset--spacing--50)\"\/>\n<\/div>\n<\/div>\n\n\n\n<div class=\"wp-block-columns is-layout-flex wp-container-core-columns-is-layout-d7d455e7 wp-block-columns-is-layout-flex\" style=\"padding-top:0;padding-right:0;padding-bottom:0;padding-left:0\">\n<div class=\"wp-block-column is-layout-flow wp-block-column-is-layout-flow\">\n<p>En la escuela se imparten desde estudios de Bachillerato Art\u00edstico, hasta Estudios Superiores de Dise\u00f1o, pasando por Ciclos Medios y Superiores.<\/p>\n\n\n\n<p>Por aqu\u00ed han pasado distintas generaciones que se han insertado en la sociedad. Profesores y alumnos que han desarrollado sus carreras art\u00edsticas y profesionales.&nbsp;<strong>La Escuela ha servido durante a\u00f1os de centro de reuni\u00f3n y contacto.<\/strong>&nbsp;Para unos ha sido el camino, para otros el desarrollo de una ilusi\u00f3n, el lugar en el que dar forma a inquietudes y deseos.<\/p>\n\n\n\n<p>Esta Escuela ha servido para dar forma a muchas voluntades e iniciarse en el mundo social a la par que desarrollarse personalmente.&nbsp;<strong>Si en algo es significativo lo relacionado con el arte, es que cultiva lo humano, que aprende del pasado y mira al futuro desde el aqu\u00ed y ahora.<\/strong>&nbsp;La Escuela ha servido para poner en contacto sensibilidades e intereses afines, para dar pautas que despu\u00e9s cada qui\u00e9n tendr\u00e1 que desarrollar. Lo cierto es que esta ciudad es mejor gracias a ella, sin ninguna duda, esto es un importante motivo de celebraci\u00f3n.<\/p>\n<\/div>\n\n\n\n<div class=\"wp-block-column has-ast-global-color-7-background-color has-background is-layout-flow wp-block-column-is-layout-flow\" style=\"padding-top:var(--wp--preset--spacing--40);padding-right:var(--wp--preset--spacing--40);padding-bottom:var(--wp--preset--spacing--40);padding-left:var(--wp--preset--spacing--40)\">\n<p>Iru\u00f1eko Arte Eskola Amaia kalean kokatuta dagoelarik 50. urteurrena betetzen denean, badira ospatzeko arrazoiak. Denbora laburrean, arte plastikoetatik bisualetara pasatu gara, analogikotik digitalera. Dena aldatu egin da.<\/p>\n\n\n\n<p>Eskolan badira ikasketa ugari: Batxilergo Artistikoa, Goi Mailako Diseinu Ikasketak, Erdi eta Goi Mailako Zikloak\u2026.Belaunaldi batzuk pasatu dira. Eskola, hainbat urtetan, bilgune eta harreman-gune izan da..<\/p>\n\n\n\n<figure class=\"wp-block-image size-large\"><img loading=\"lazy\" decoding=\"async\" width=\"1024\" height=\"768\" src=\"https:\/\/escueladeartesuperior.educacion.navarra.es\/web\/50aniversario\/wp-content\/uploads\/2023\/05\/Escuela_San_Francisco-1024x768.jpg\" alt=\"\" class=\"wp-image-1407\" srcset=\"https:\/\/escueladeartesuperior.educacion.navarra.es\/web\/50aniversario\/wp-content\/uploads\/2023\/05\/Escuela_San_Francisco-1024x768.jpg 1024w, https:\/\/escueladeartesuperior.educacion.navarra.es\/web\/50aniversario\/wp-content\/uploads\/2023\/05\/Escuela_San_Francisco-300x225.jpg 300w, https:\/\/escueladeartesuperior.educacion.navarra.es\/web\/50aniversario\/wp-content\/uploads\/2023\/05\/Escuela_San_Francisco-768x576.jpg 768w, https:\/\/escueladeartesuperior.educacion.navarra.es\/web\/50aniversario\/wp-content\/uploads\/2023\/05\/Escuela_San_Francisco-1536x1152.jpg 1536w, https:\/\/escueladeartesuperior.educacion.navarra.es\/web\/50aniversario\/wp-content\/uploads\/2023\/05\/Escuela_San_Francisco-2048x1536.jpg 2048w, https:\/\/escueladeartesuperior.educacion.navarra.es\/web\/50aniversario\/wp-content\/uploads\/2023\/05\/Escuela_San_Francisco-1250x938.jpg 1250w, https:\/\/escueladeartesuperior.educacion.navarra.es\/web\/50aniversario\/wp-content\/uploads\/2023\/05\/Escuela_San_Francisco-400x300.jpg 400w\" sizes=\"auto, (max-width: 1024px) 100vw, 1024px\" \/><\/figure>\n\n\n\n<p class=\"has-text-align-right has-small-font-size\">De Jorab &#8211; Trabajo propio, CC BY 3.0, <br><a href=\"https:\/\/commons.wikimedia.org\/w\/index.php?curid=3102384\" target=\"_blank\" rel=\"noreferrer noopener\">https:\/\/commons.wikimedia.org\/w\/index.php?curid=3102384<\/a><\/p>\n<\/div>\n<\/div>\n\n\n\n\n\n<div class=\"wp-block-columns is-layout-flex wp-container-core-columns-is-layout-f93fcc32 wp-block-columns-is-layout-flex\" style=\"padding-top:20px;padding-right:20px;padding-bottom:20px;padding-left:20px\">\n<div class=\"wp-block-column is-layout-flow wp-block-column-is-layout-flow\">\n<p class=\"has-text-align-right has-small-font-size\">Im\u00e1gen de prensa antigua: Diario de Navarra<\/p>\n<\/div>\n<\/div>\n\n\n\n<div class=\"wp-block-columns is-layout-flex wp-container-core-columns-is-layout-d7d455e7 wp-block-columns-is-layout-flex\" style=\"padding-top:0;padding-right:0;padding-bottom:0;padding-left:0\">\n<div class=\"wp-block-column is-layout-flow wp-block-column-is-layout-flow\">\n<p>Vivimos tiempos peligrosos e interesantes y la burocracia est\u00e1 haciendo peligrar muchas cosas. La exigencia, la responsabilidad, y por tanto la libertad, est\u00e1n siendo sustituidas por cierta mecanizaci\u00f3n. Frente a esto, la mirada cr\u00edtica a la sociedad y la personal, deber\u00edan ser siempre y al margen de lo t\u00e9cnico, una gu\u00eda y un tim\u00f3n.<\/p>\n\n\n\n<p>Aqu\u00ed disfrutamos trabajando e intentando mejorar la sociedad y nuestra propia realidad.<strong>&nbsp;Intentamos aprender de los que nos antecedieron, manejar las t\u00e9cnicas actuales, vivir el presente mirando activamente hacia el futuro<\/strong>. Ser parte activa de la sociedad.<\/p>\n\n\n\n<p>En un mundo castigado por el exceso, confundir lo productivo con lo necesario no parece que sea el camino que hoy se nos presenta. Pero s\u00ed, en cambio, puede serlo jugar con las formas y ser, al mismo tiempo, rigurosos. <\/p>\n\n\n\n<p>Entender que no hay juego sin reglas y que todo es juego en definitiva. Pensar que todo puede ser siempre mejor pese a las dificultades o con ellas.<\/p>\n\n\n\n<p>Lo mejor de la Escuela ha sido siempre el alumnado, su sensibilidad, energ\u00eda y ganas. Las dificultades que plantean.<\/p>\n\n\n\n<p>Ahora, en los tiempos de Google, queda no tener miedo a equivocarse y as\u00ed poder progresar, con la acci\u00f3n. El \u00fanico temor admisible es el de la inacci\u00f3n.<\/p>\n\n\n\n<p>Toda persona tiene sus caracter\u00edsticas, es desde ah\u00ed donde esta Escuela&nbsp;<strong>es especialmente valiosa y necesaria.<\/strong><\/p>\n\n\n\n<p><strong>Alfonso Ascunce<\/strong><\/p>\n<\/div>\n\n\n\n<div class=\"wp-block-column has-ast-global-color-7-background-color has-background is-layout-flow wp-block-column-is-layout-flow\" style=\"padding-top:var(--wp--preset--spacing--40);padding-right:var(--wp--preset--spacing--40);padding-bottom:var(--wp--preset--spacing--40);padding-left:var(--wp--preset--spacing--40)\">\n<p>Artearekin zer ikusia duenak baditu ezaugarri batzuk: gizatiarra lantzen du eta iraganetik ikasita, hemendik eta orainetik, etorkizunari begira dago, gizartearen parte aktiboa izaten.<\/p>\n\n\n\n<p>Aurrekoengandik ikasten saiatzen gara, egungo teknikak maneiatzen, oraina bizi izaten, baina beti geroari begira.<\/p>\n\n\n\n<p>Eskolako gauzarik onena ikasleak izan dira beti: beren sensibilitatea, kemena eta gogoa,&nbsp;<\/p>\n\n\n\n<p>Google garai hauetan aurrera egin behar dugu ekintzarekin.<\/p>\n\n\n\n<p>Norberak bere ezaugarriak ditu. Horretan, gure eskola bereziki baliagarria eta beharrezkoa da.<\/p>\n\n\n\n<figure class=\"wp-block-image size-large\"><img loading=\"lazy\" decoding=\"async\" width=\"1024\" height=\"766\" src=\"https:\/\/escueladeartesuperior.educacion.navarra.es\/web\/50aniversario\/wp-content\/uploads\/2023\/05\/Escuela_de_Artes_y_Oficios_de_Pamplona_-_Fachada_calle_Iturralde_y_Suit-1024x766.jpg\" alt=\"\" class=\"wp-image-1404\" srcset=\"https:\/\/escueladeartesuperior.educacion.navarra.es\/web\/50aniversario\/wp-content\/uploads\/2023\/05\/Escuela_de_Artes_y_Oficios_de_Pamplona_-_Fachada_calle_Iturralde_y_Suit-1024x766.jpg 1024w, https:\/\/escueladeartesuperior.educacion.navarra.es\/web\/50aniversario\/wp-content\/uploads\/2023\/05\/Escuela_de_Artes_y_Oficios_de_Pamplona_-_Fachada_calle_Iturralde_y_Suit-300x225.jpg 300w, https:\/\/escueladeartesuperior.educacion.navarra.es\/web\/50aniversario\/wp-content\/uploads\/2023\/05\/Escuela_de_Artes_y_Oficios_de_Pamplona_-_Fachada_calle_Iturralde_y_Suit-768x575.jpg 768w, https:\/\/escueladeartesuperior.educacion.navarra.es\/web\/50aniversario\/wp-content\/uploads\/2023\/05\/Escuela_de_Artes_y_Oficios_de_Pamplona_-_Fachada_calle_Iturralde_y_Suit-1536x1150.jpg 1536w, https:\/\/escueladeartesuperior.educacion.navarra.es\/web\/50aniversario\/wp-content\/uploads\/2023\/05\/Escuela_de_Artes_y_Oficios_de_Pamplona_-_Fachada_calle_Iturralde_y_Suit-1250x936.jpg 1250w, https:\/\/escueladeartesuperior.educacion.navarra.es\/web\/50aniversario\/wp-content\/uploads\/2023\/05\/Escuela_de_Artes_y_Oficios_de_Pamplona_-_Fachada_calle_Iturralde_y_Suit-400x299.jpg 400w, https:\/\/escueladeartesuperior.educacion.navarra.es\/web\/50aniversario\/wp-content\/uploads\/2023\/05\/Escuela_de_Artes_y_Oficios_de_Pamplona_-_Fachada_calle_Iturralde_y_Suit.jpg 1900w\" sizes=\"auto, (max-width: 1024px) 100vw, 1024px\" \/><\/figure>\n\n\n\n<p class=\"has-text-align-right has-small-font-size\">De Jialxv &#8211; Trabajo propio, CC BY-SA 4.0,<br> <a href=\"https:\/\/commons.wikimedia.org\/w\/index.php?curid=94922235\" target=\"_blank\" rel=\"noreferrer noopener\">https:\/\/commons.wikimedia.org\/w\/index.php?curid=94922235<\/a><\/p>\n\n\n\n<p><\/p>\n\n\n\n<p><\/p>\n<\/div>\n<\/div>\n","protected":false},"excerpt":{"rendered":"<p>Ahora que se cumple el cincuenta aniversario de la Escuela de Arte de Pamplona en el actual emplazamiento de la calle Amaya, hay buenos motivos para celebrarlo. La Escuela ha pasado por distintos momentos y planes educativos, llegando a d\u00eda de hoy con energ\u00edas renovadas. Es cierto que vivimos en tiempos convulsos y de gran &hellip;<\/p>\n<p class=\"read-more\"> <a class=\"\" href=\"https:\/\/escueladeartesuperior.educacion.navarra.es\/web\/50aniversario\/50-aniversario-2\/\"> <span class=\"screen-reader-text\">50 aniversario<\/span> Leer m\u00e1s &raquo;<\/a><\/p>\n","protected":false},"author":2,"featured_media":0,"parent":0,"menu_order":0,"comment_status":"closed","ping_status":"closed","template":"","meta":{"site-sidebar-layout":"default","site-content-layout":"default","ast-global-header-display":"","ast-banner-title-visibility":"","ast-main-header-display":"","ast-hfb-above-header-display":"","ast-hfb-below-header-display":"","ast-hfb-mobile-header-display":"","site-post-title":"","ast-breadcrumbs-content":"","ast-featured-img":"","footer-sml-layout":"","theme-transparent-header-meta":"","adv-header-id-meta":"","stick-header-meta":"","header-above-stick-meta":"","header-main-stick-meta":"","header-below-stick-meta":"","footnotes":""},"class_list":["post-69","page","type-page","status-publish","hentry"],"yoast_head":"<!-- This site is optimized with the Yoast SEO plugin v20.8 - https:\/\/yoast.com\/wordpress\/plugins\/seo\/ -->\n<title>50 aniversario -<\/title>\n<meta name=\"robots\" content=\"index, follow, max-snippet:-1, max-image-preview:large, max-video-preview:-1\" \/>\n<link rel=\"canonical\" href=\"https:\/\/escueladeartesuperior.educacion.navarra.es\/web\/50aniversario\/50-aniversario-2\/\" \/>\n<meta property=\"og:locale\" content=\"es_ES\" \/>\n<meta property=\"og:type\" content=\"article\" \/>\n<meta property=\"og:title\" content=\"50 aniversario -\" \/>\n<meta property=\"og:description\" content=\"Ahora que se cumple el cincuenta aniversario de la Escuela de Arte de Pamplona en el actual emplazamiento de la calle Amaya, hay buenos motivos para celebrarlo. La Escuela ha pasado por distintos momentos y planes educativos, llegando a d\u00eda de hoy con energ\u00edas renovadas. Es cierto que vivimos en tiempos convulsos y de gran &hellip; 50 aniversario Leer m\u00e1s &raquo;\" \/>\n<meta property=\"og:url\" content=\"https:\/\/escueladeartesuperior.educacion.navarra.es\/web\/50aniversario\/50-aniversario-2\/\" \/>\n<meta property=\"article:publisher\" content=\"https:\/\/www.facebook.com\/escueladeartepamplona\/\" \/>\n<meta property=\"article:modified_time\" content=\"2023-05-30T06:48:53+00:00\" \/>\n<meta property=\"og:image\" content=\"https:\/\/escueladeartesuperior.educacion.navarra.es\/web\/50aniversario\/wp-content\/uploads\/2023\/01\/imagotipo.jpg\" \/>\n<meta name=\"twitter:card\" content=\"summary_large_image\" \/>\n<meta name=\"twitter:site\" content=\"@Arte_Eskola\" \/>\n<meta name=\"twitter:label1\" content=\"Tiempo de lectura\" \/>\n\t<meta name=\"twitter:data1\" content=\"4 minutos\" \/>\n<script type=\"application\/ld+json\" class=\"yoast-schema-graph\">{\"@context\":\"https:\/\/schema.org\",\"@graph\":[{\"@type\":\"WebPage\",\"@id\":\"https:\/\/escueladeartesuperior.educacion.navarra.es\/web\/50aniversario\/50-aniversario-2\/\",\"url\":\"https:\/\/escueladeartesuperior.educacion.navarra.es\/web\/50aniversario\/50-aniversario-2\/\",\"name\":\"50 aniversario -\",\"isPartOf\":{\"@id\":\"https:\/\/escueladeartesuperior.educacion.navarra.es\/web\/50aniversario\/#website\"},\"datePublished\":\"2023-01-24T09:30:43+00:00\",\"dateModified\":\"2023-05-30T06:48:53+00:00\",\"breadcrumb\":{\"@id\":\"https:\/\/escueladeartesuperior.educacion.navarra.es\/web\/50aniversario\/50-aniversario-2\/#breadcrumb\"},\"inLanguage\":\"es\",\"potentialAction\":[{\"@type\":\"ReadAction\",\"target\":[\"https:\/\/escueladeartesuperior.educacion.navarra.es\/web\/50aniversario\/50-aniversario-2\/\"]}]},{\"@type\":\"BreadcrumbList\",\"@id\":\"https:\/\/escueladeartesuperior.educacion.navarra.es\/web\/50aniversario\/50-aniversario-2\/#breadcrumb\",\"itemListElement\":[{\"@type\":\"ListItem\",\"position\":1,\"name\":\"Portada\",\"item\":\"https:\/\/escueladeartesuperior.educacion.navarra.es\/web\/50aniversario\/\"},{\"@type\":\"ListItem\",\"position\":2,\"name\":\"50 aniversario\"}]},{\"@type\":\"WebSite\",\"@id\":\"https:\/\/escueladeartesuperior.educacion.navarra.es\/web\/50aniversario\/#website\",\"url\":\"https:\/\/escueladeartesuperior.educacion.navarra.es\/web\/50aniversario\/\",\"name\":\"\",\"description\":\"Iluminando Pamplona\",\"potentialAction\":[{\"@type\":\"SearchAction\",\"target\":{\"@type\":\"EntryPoint\",\"urlTemplate\":\"https:\/\/escueladeartesuperior.educacion.navarra.es\/web\/50aniversario\/?s={search_term_string}\"},\"query-input\":\"required name=search_term_string\"}],\"inLanguage\":\"es\"}]}<\/script>\n<!-- \/ Yoast SEO plugin. -->","yoast_head_json":{"title":"50 aniversario -","robots":{"index":"index","follow":"follow","max-snippet":"max-snippet:-1","max-image-preview":"max-image-preview:large","max-video-preview":"max-video-preview:-1"},"canonical":"https:\/\/escueladeartesuperior.educacion.navarra.es\/web\/50aniversario\/50-aniversario-2\/","og_locale":"es_ES","og_type":"article","og_title":"50 aniversario -","og_description":"Ahora que se cumple el cincuenta aniversario de la Escuela de Arte de Pamplona en el actual emplazamiento de la calle Amaya, hay buenos motivos para celebrarlo. La Escuela ha pasado por distintos momentos y planes educativos, llegando a d\u00eda de hoy con energ\u00edas renovadas. Es cierto que vivimos en tiempos convulsos y de gran &hellip; 50 aniversario Leer m\u00e1s &raquo;","og_url":"https:\/\/escueladeartesuperior.educacion.navarra.es\/web\/50aniversario\/50-aniversario-2\/","article_publisher":"https:\/\/www.facebook.com\/escueladeartepamplona\/","article_modified_time":"2023-05-30T06:48:53+00:00","og_image":[{"url":"https:\/\/escueladeartesuperior.educacion.navarra.es\/web\/50aniversario\/wp-content\/uploads\/2023\/01\/imagotipo.jpg"}],"twitter_card":"summary_large_image","twitter_site":"@Arte_Eskola","twitter_misc":{"Tiempo de lectura":"4 minutos"},"schema":{"@context":"https:\/\/schema.org","@graph":[{"@type":"WebPage","@id":"https:\/\/escueladeartesuperior.educacion.navarra.es\/web\/50aniversario\/50-aniversario-2\/","url":"https:\/\/escueladeartesuperior.educacion.navarra.es\/web\/50aniversario\/50-aniversario-2\/","name":"50 aniversario -","isPartOf":{"@id":"https:\/\/escueladeartesuperior.educacion.navarra.es\/web\/50aniversario\/#website"},"datePublished":"2023-01-24T09:30:43+00:00","dateModified":"2023-05-30T06:48:53+00:00","breadcrumb":{"@id":"https:\/\/escueladeartesuperior.educacion.navarra.es\/web\/50aniversario\/50-aniversario-2\/#breadcrumb"},"inLanguage":"es","potentialAction":[{"@type":"ReadAction","target":["https:\/\/escueladeartesuperior.educacion.navarra.es\/web\/50aniversario\/50-aniversario-2\/"]}]},{"@type":"BreadcrumbList","@id":"https:\/\/escueladeartesuperior.educacion.navarra.es\/web\/50aniversario\/50-aniversario-2\/#breadcrumb","itemListElement":[{"@type":"ListItem","position":1,"name":"Portada","item":"https:\/\/escueladeartesuperior.educacion.navarra.es\/web\/50aniversario\/"},{"@type":"ListItem","position":2,"name":"50 aniversario"}]},{"@type":"WebSite","@id":"https:\/\/escueladeartesuperior.educacion.navarra.es\/web\/50aniversario\/#website","url":"https:\/\/escueladeartesuperior.educacion.navarra.es\/web\/50aniversario\/","name":"","description":"Iluminando Pamplona","potentialAction":[{"@type":"SearchAction","target":{"@type":"EntryPoint","urlTemplate":"https:\/\/escueladeartesuperior.educacion.navarra.es\/web\/50aniversario\/?s={search_term_string}"},"query-input":"required name=search_term_string"}],"inLanguage":"es"}]}},"_links":{"self":[{"href":"https:\/\/escueladeartesuperior.educacion.navarra.es\/web\/50aniversario\/wp-json\/wp\/v2\/pages\/69","targetHints":{"allow":["GET"]}}],"collection":[{"href":"https:\/\/escueladeartesuperior.educacion.navarra.es\/web\/50aniversario\/wp-json\/wp\/v2\/pages"}],"about":[{"href":"https:\/\/escueladeartesuperior.educacion.navarra.es\/web\/50aniversario\/wp-json\/wp\/v2\/types\/page"}],"author":[{"embeddable":true,"href":"https:\/\/escueladeartesuperior.educacion.navarra.es\/web\/50aniversario\/wp-json\/wp\/v2\/users\/2"}],"replies":[{"embeddable":true,"href":"https:\/\/escueladeartesuperior.educacion.navarra.es\/web\/50aniversario\/wp-json\/wp\/v2\/comments?post=69"}],"version-history":[{"count":17,"href":"https:\/\/escueladeartesuperior.educacion.navarra.es\/web\/50aniversario\/wp-json\/wp\/v2\/pages\/69\/revisions"}],"predecessor-version":[{"id":1446,"href":"https:\/\/escueladeartesuperior.educacion.navarra.es\/web\/50aniversario\/wp-json\/wp\/v2\/pages\/69\/revisions\/1446"}],"wp:attachment":[{"href":"https:\/\/escueladeartesuperior.educacion.navarra.es\/web\/50aniversario\/wp-json\/wp\/v2\/media?parent=69"}],"curies":[{"name":"wp","href":"https:\/\/api.w.org\/{rel}","templated":true}]}}